{"id":268485,"date":"2025-01-28T13:23:51","date_gmt":"2025-01-28T12:23:51","guid":{"rendered":"https:\/\/moto-screenies.de\/produkt\/display-tacho-schutzfolie-zugeschnitten-fuer-starlane-davinci-ii-s-kratzfest\/"},"modified":"2026-03-16T15:24:40","modified_gmt":"2026-03-16T14:24:40","slug":"display-tacho-schutzfolie-zugeschnitten-fuer-starlane-davinci-ii-s-kratzfest","status":"publish","type":"product","link":"https:\/\/moto-screenies.de\/fr\/produkt\/display-tacho-schutzfolie-zugeschnitten-fuer-starlane-davinci-ii-s-kratzfest\/","title":{"rendered":"Display Tacho Schutzfolie zugeschnitten f\u00fcr Starlane DaVinci-II S, kratzfest."},"content":{"rendered":"<p>Displayschutz-Folie f\u00fcr Motorrad Tacho-Schutzfolie Made in Germany, Kratschutz geeignet f\u00fcr Starlane DaVinci-II S bietet optimalen Schutz f\u00fcr Ihr Tacho-Display. Entwickelt und hergestellt in Deutschland, \u00fcberzeugt diese Schutzfolie durch h\u00f6chste Qualit\u00e4t und Pr\u00e4zision. Sie sch\u00fctzt effektiv vor Kratzern, Schmutz und anderen Umwelteinfl\u00fcssen, sodass Ihr Display stets klar und lesbar bleibt. Die einfache Anbringung und r\u00fcckstandslose Entfernung machen die Anwendung kinderleicht. Vertrauen Sie auf deutschen Qualit\u00e4tsstandard, um die Lebensdauer Ihres Tachometers zu verl\u00e4ngern. Passend f\u00fcr: Displayschutz-Folie f\u00fcr Motorrad Tacho-Schutzfolie Made in Germany, Kratschutz geeignet f\u00fcr Starlane DaVinci-II S.<\/p>\n","protected":false},"excerpt":{"rendered":"<p>Displayschutz-Folie f\u00fcr Motorrad Tacho-Schutzfolie Made in Germany, Kratschutz geeignet f\u00fcr Starlane DaVinci-II S bietet optimalen Schutz f\u00fcr Ihr Tacho-Display. Entwickelt und hergestellt in Deutschland, \u00fcberzeugt diese Schutzfolie durch h\u00f6chste Qualit\u00e4t und Pr\u00e4zision. Sie sch\u00fctzt effektiv vor Kratzern, Schmutz und anderen Umwelteinfl\u00fcssen, sodass Ihr Display stets klar und lesbar bleibt. Die einfache Anbringung und r\u00fcckstandslose Entfernung [&hellip;]<\/p>\n","protected":false},"featured_media":0,"comment_status":"open","ping_status":"closed","template":"","meta":{"_et_pb_use_builder":"","_et_pb_old_content":"","_et_gb_content_width":"","_uf_show_specific_survey":0,"_uf_disable_surveys":false},"product_brand":[],"product_cat":[432],"product_tag":[117],"class_list":{"0":"post-268485","1":"product","2":"type-product","3":"status-publish","5":"product_cat-sonstige-modelle","6":"product_tag-tachoschutzfolie","7":"product_shipping_class-standard","9":"first","10":"instock","11":"taxable","12":"shipping-taxable","13":"purchasable","14":"product-type-variable"},"yoast_head":"<!-- This site is optimized with the Yoast SEO plugin v27.2 - https:\/\/yoast.com\/product\/yoast-seo-wordpress\/ -->\n<title>Display Tacho Schutzfolie zugeschnitten f\u00fcr Starlane DaVinci-II S, kratzfest.<\/title>\n<meta name=\"description\" content=\"Entdecken Sie die hochwertige Displayschutz-Folie f\u00fcr Motorrad-Tachos, speziell f\u00fcr Starlane DaVinci-II S. Made in Germany, bietet sie optimalen Kratzschutz und Langlebigkeit.\" \/>\n<meta name=\"robots\" content=\"index, follow, max-snippet:-1, max-image-preview:large, max-video-preview:-1\" \/>\n<link rel=\"canonical\" href=\"https:\/\/moto-screenies.de\/fr\/produkt\/display-tacho-schutzfolie-zugeschnitten-fuer-starlane-davinci-ii-s-kratzfest\/\" \/>\n<meta property=\"og:locale\" content=\"fr_FR\" \/>\n<meta property=\"og:type\" content=\"article\" \/>\n<meta property=\"og:title\" content=\"Display Tacho Schutzfolie zugeschnitten f\u00fcr Starlane DaVinci-II S, kratzfest.\" \/>\n<meta property=\"og:description\" content=\"Entdecken Sie die hochwertige Displayschutz-Folie f\u00fcr Motorrad-Tachos, speziell f\u00fcr Starlane DaVinci-II S. Made in Germany, bietet sie optimalen Kratzschutz und Langlebigkeit.\" \/>\n<meta property=\"og:url\" content=\"https:\/\/moto-screenies.de\/fr\/produkt\/display-tacho-schutzfolie-zugeschnitten-fuer-starlane-davinci-ii-s-kratzfest\/\" \/>\n<meta property=\"og:site_name\" content=\"Moto Screenies\" \/>\n<meta property=\"article:modified_time\" content=\"2026-03-16T14:24:40+00:00\" \/>\n<meta name=\"twitter:card\" content=\"summary_large_image\" \/>\n<meta name=\"twitter:label1\" content=\"Dur\u00e9e de lecture estim\u00e9e\" \/>\n\t<meta name=\"twitter:data1\" content=\"1 minute\" \/>\n<script type=\"application\/ld+json\" class=\"yoast-schema-graph\">{\"@context\":\"https:\/\/schema.org\",\"@graph\":[{\"@type\":\"WebPage\",\"@id\":\"https:\/\/moto-screenies.de\/fr\/produkt\/display-tacho-schutzfolie-zugeschnitten-fuer-starlane-davinci-ii-s-kratzfest\/\",\"url\":\"https:\/\/moto-screenies.de\/fr\/produkt\/display-tacho-schutzfolie-zugeschnitten-fuer-starlane-davinci-ii-s-kratzfest\/\",\"name\":\"Display Tacho Schutzfolie zugeschnitten f\u00fcr Starlane DaVinci-II S, kratzfest.\",\"isPartOf\":{\"@id\":\"https:\/\/moto-screenies.de\/fr\/#website\"},\"datePublished\":\"2025-01-28T12:23:51+00:00\",\"dateModified\":\"2026-03-16T14:24:40+00:00\",\"description\":\"Entdecken Sie die hochwertige Displayschutz-Folie f\u00fcr Motorrad-Tachos, speziell f\u00fcr Starlane DaVinci-II S. Made in Germany, bietet sie optimalen Kratzschutz und Langlebigkeit.\",\"breadcrumb\":{\"@id\":\"https:\/\/moto-screenies.de\/fr\/produkt\/display-tacho-schutzfolie-zugeschnitten-fuer-starlane-davinci-ii-s-kratzfest\/#breadcrumb\"},\"inLanguage\":\"fr-FR\",\"potentialAction\":[{\"@type\":\"ReadAction\",\"target\":[\"https:\/\/moto-screenies.de\/fr\/produkt\/display-tacho-schutzfolie-zugeschnitten-fuer-starlane-davinci-ii-s-kratzfest\/\"]}]},{\"@type\":\"BreadcrumbList\",\"@id\":\"https:\/\/moto-screenies.de\/fr\/produkt\/display-tacho-schutzfolie-zugeschnitten-fuer-starlane-davinci-ii-s-kratzfest\/#breadcrumb\",\"itemListElement\":[{\"@type\":\"ListItem\",\"position\":1,\"name\":\"Startseite\",\"item\":\"https:\/\/moto-screenies.de\/fr\/\"},{\"@type\":\"ListItem\",\"position\":2,\"name\":\"Boutique\",\"item\":\"https:\/\/moto-screenies.de\/fr\/boutique\/\"},{\"@type\":\"ListItem\",\"position\":3,\"name\":\"Display Tacho Schutzfolie zugeschnitten f\u00fcr Starlane DaVinci-II S, kratzfest.\"}]},{\"@type\":\"WebSite\",\"@id\":\"https:\/\/moto-screenies.de\/fr\/#website\",\"url\":\"https:\/\/moto-screenies.de\/fr\/\",\"name\":\"Moto Screenies\",\"description\":\"Die Displayschutzfolie f\u00fcr dein Motorrad\",\"publisher\":{\"@id\":\"https:\/\/moto-screenies.de\/fr\/#organization\"},\"alternateName\":\"MS\",\"potentialAction\":[{\"@type\":\"SearchAction\",\"target\":{\"@type\":\"EntryPoint\",\"urlTemplate\":\"https:\/\/moto-screenies.de\/fr\/?s={search_term_string}\"},\"query-input\":{\"@type\":\"PropertyValueSpecification\",\"valueRequired\":true,\"valueName\":\"search_term_string\"}}],\"inLanguage\":\"fr-FR\"},{\"@type\":\"Organization\",\"@id\":\"https:\/\/moto-screenies.de\/fr\/#organization\",\"name\":\"Moto Screenies\",\"url\":\"https:\/\/moto-screenies.de\/fr\/\",\"logo\":{\"@type\":\"ImageObject\",\"inLanguage\":\"fr-FR\",\"@id\":\"https:\/\/moto-screenies.de\/fr\/#\/schema\/logo\/image\/\",\"url\":\"\",\"contentUrl\":\"\",\"caption\":\"Moto Screenies\"},\"image\":{\"@id\":\"https:\/\/moto-screenies.de\/fr\/#\/schema\/logo\/image\/\"}}]}<\/script>\n<!-- \/ Yoast SEO plugin. -->","yoast_head_json":{"title":"Display Tacho Schutzfolie zugeschnitten f\u00fcr Starlane DaVinci-II S, kratzfest.","description":"Entdecken Sie die hochwertige Displayschutz-Folie f\u00fcr Motorrad-Tachos, speziell f\u00fcr Starlane DaVinci-II S. Made in Germany, bietet sie optimalen Kratzschutz und Langlebigkeit.","robots":{"index":"index","follow":"follow","max-snippet":"max-snippet:-1","max-image-preview":"max-image-preview:large","max-video-preview":"max-video-preview:-1"},"canonical":"https:\/\/moto-screenies.de\/fr\/produkt\/display-tacho-schutzfolie-zugeschnitten-fuer-starlane-davinci-ii-s-kratzfest\/","og_locale":"fr_FR","og_type":"article","og_title":"Display Tacho Schutzfolie zugeschnitten f\u00fcr Starlane DaVinci-II S, kratzfest.","og_description":"Entdecken Sie die hochwertige Displayschutz-Folie f\u00fcr Motorrad-Tachos, speziell f\u00fcr Starlane DaVinci-II S. Made in Germany, bietet sie optimalen Kratzschutz und Langlebigkeit.","og_url":"https:\/\/moto-screenies.de\/fr\/produkt\/display-tacho-schutzfolie-zugeschnitten-fuer-starlane-davinci-ii-s-kratzfest\/","og_site_name":"Moto Screenies","article_modified_time":"2026-03-16T14:24:40+00:00","twitter_card":"summary_large_image","twitter_misc":{"Dur\u00e9e de lecture estim\u00e9e":"1 minute"},"schema":{"@context":"https:\/\/schema.org","@graph":[{"@type":"WebPage","@id":"https:\/\/moto-screenies.de\/fr\/produkt\/display-tacho-schutzfolie-zugeschnitten-fuer-starlane-davinci-ii-s-kratzfest\/","url":"https:\/\/moto-screenies.de\/fr\/produkt\/display-tacho-schutzfolie-zugeschnitten-fuer-starlane-davinci-ii-s-kratzfest\/","name":"Display Tacho Schutzfolie zugeschnitten f\u00fcr Starlane DaVinci-II S, kratzfest.","isPartOf":{"@id":"https:\/\/moto-screenies.de\/fr\/#website"},"datePublished":"2025-01-28T12:23:51+00:00","dateModified":"2026-03-16T14:24:40+00:00","description":"Entdecken Sie die hochwertige Displayschutz-Folie f\u00fcr Motorrad-Tachos, speziell f\u00fcr Starlane DaVinci-II S. Made in Germany, bietet sie optimalen Kratzschutz und Langlebigkeit.","breadcrumb":{"@id":"https:\/\/moto-screenies.de\/fr\/produkt\/display-tacho-schutzfolie-zugeschnitten-fuer-starlane-davinci-ii-s-kratzfest\/#breadcrumb"},"inLanguage":"fr-FR","potentialAction":[{"@type":"ReadAction","target":["https:\/\/moto-screenies.de\/fr\/produkt\/display-tacho-schutzfolie-zugeschnitten-fuer-starlane-davinci-ii-s-kratzfest\/"]}]},{"@type":"BreadcrumbList","@id":"https:\/\/moto-screenies.de\/fr\/produkt\/display-tacho-schutzfolie-zugeschnitten-fuer-starlane-davinci-ii-s-kratzfest\/#breadcrumb","itemListElement":[{"@type":"ListItem","position":1,"name":"Startseite","item":"https:\/\/moto-screenies.de\/fr\/"},{"@type":"ListItem","position":2,"name":"Boutique","item":"https:\/\/moto-screenies.de\/fr\/boutique\/"},{"@type":"ListItem","position":3,"name":"Display Tacho Schutzfolie zugeschnitten f\u00fcr Starlane DaVinci-II S, kratzfest."}]},{"@type":"WebSite","@id":"https:\/\/moto-screenies.de\/fr\/#website","url":"https:\/\/moto-screenies.de\/fr\/","name":"Moto Screenies","description":"Die Displayschutzfolie f\u00fcr dein Motorrad","publisher":{"@id":"https:\/\/moto-screenies.de\/fr\/#organization"},"alternateName":"MS","potentialAction":[{"@type":"SearchAction","target":{"@type":"EntryPoint","urlTemplate":"https:\/\/moto-screenies.de\/fr\/?s={search_term_string}"},"query-input":{"@type":"PropertyValueSpecification","valueRequired":true,"valueName":"search_term_string"}}],"inLanguage":"fr-FR"},{"@type":"Organization","@id":"https:\/\/moto-screenies.de\/fr\/#organization","name":"Moto Screenies","url":"https:\/\/moto-screenies.de\/fr\/","logo":{"@type":"ImageObject","inLanguage":"fr-FR","@id":"https:\/\/moto-screenies.de\/fr\/#\/schema\/logo\/image\/","url":"","contentUrl":"","caption":"Moto Screenies"},"image":{"@id":"https:\/\/moto-screenies.de\/fr\/#\/schema\/logo\/image\/"}}]}},"_links":{"self":[{"href":"https:\/\/moto-screenies.de\/fr\/wp-json\/wp\/v2\/product\/268485","targetHints":{"allow":["GET"]}}],"collection":[{"href":"https:\/\/moto-screenies.de\/fr\/wp-json\/wp\/v2\/product"}],"about":[{"href":"https:\/\/moto-screenies.de\/fr\/wp-json\/wp\/v2\/types\/product"}],"replies":[{"embeddable":true,"href":"https:\/\/moto-screenies.de\/fr\/wp-json\/wp\/v2\/comments?post=268485"}],"wp:attachment":[{"href":"https:\/\/moto-screenies.de\/fr\/wp-json\/wp\/v2\/media?parent=268485"}],"wp:term":[{"taxonomy":"product_brand","embeddable":true,"href":"https:\/\/moto-screenies.de\/fr\/wp-json\/wp\/v2\/product_brand?post=268485"},{"taxonomy":"product_cat","embeddable":true,"href":"https:\/\/moto-screenies.de\/fr\/wp-json\/wp\/v2\/product_cat?post=268485"},{"taxonomy":"product_tag","embeddable":true,"href":"https:\/\/moto-screenies.de\/fr\/wp-json\/wp\/v2\/product_tag?post=268485"}],"curies":[{"name":"wp","href":"https:\/\/api.w.org\/{rel}","templated":true}]}}