{"id":69881,"date":"2024-06-02T09:09:04","date_gmt":"2024-06-02T07:09:04","guid":{"rendered":"https:\/\/moto-screenies.de\/partner\/"},"modified":"2025-11-25T07:55:04","modified_gmt":"2025-11-25T06:55:04","slug":"partner","status":"publish","type":"page","link":"https:\/\/moto-screenies.de\/it\/partner\/","title":{"rendered":"Partner"},"content":{"rendered":"<p>[et_pb_section fb_built=&#8221;1&#8243; admin_label=&#8221;Header&#8221; _builder_version=&#8221;4.25.1&#8243; _module_preset=&#8221;default&#8221; global_colors_info=&#8221;{}&#8221;][et_pb_row _builder_version=&#8221;4.25.1&#8243; _module_preset=&#8221;default&#8221; global_colors_info=&#8221;{}&#8221;][et_pb_column type=&#8221;4_4&#8243; _builder_version=&#8221;4.25.1&#8243; _module_preset=&#8221;default&#8221; global_colors_info=&#8221;{}&#8221;][et_pb_text _builder_version=&#8221;4.25.1&#8243; _module_preset=&#8221;default&#8221; header_font=&#8221;Poppins|800||on|||||&#8221; header_text_align=&#8221;center&#8221; header_font_size=&#8221;69px&#8221; header_font_size_tablet=&#8221;69px&#8221; header_font_size_phone=&#8221;61px&#8221; header_font_size_last_edited=&#8221;on|phone&#8221; header_text_shadow_style=&#8221;preset3&#8243; header_text_shadow_color=&#8221;#0eeef9&#8243; global_colors_info=&#8221;{}&#8221;]<\/p>\n<h1>I nostri partner<\/h1>\n<p>[\/et_pb_text][et_pb_text _builder_version=&#8221;4.25.1&#8243; _module_preset=&#8221;default&#8221; custom_margin=&#8221;|200px||200px|false|false&#8221; custom_margin_tablet=&#8221;|200px||200px|false|false&#8221; custom_margin_phone=&#8221;|20px||20px|false|false&#8221; custom_margin_last_edited=&#8221;on|phone&#8221; global_colors_info=&#8221;{}&#8221;]<\/p>\n<h3 style=\"text-align: center\"><span style=\"text-decoration: underline\">Insieme per la comunit\u00e0 motociclistica<\/span><\/h3>\n<p style=\"text-align: center\">Da <a href=\"https:\/\/moto-screenies.de\/it\/\">Moto Screenies<\/a> , ci affidiamo a solide partnership per offrire accessori e servizi di alta qualit\u00e0 per motociclette. I nostri partner sono selezionati con cura e rispettano i pi\u00f9 alti standard di qualit\u00e0 e sicurezza. Li consigliamo ai nostri clienti senza prenotazioni \u2013 <strong>dai motociclisti ai motociclisti.<\/strong><\/p>\n<p>[\/et_pb_text][et_pb_divider _builder_version=&#8221;4.25.1&#8243; _module_preset=&#8221;default&#8221; global_colors_info=&#8221;{}&#8221;][\/et_pb_divider][\/et_pb_column][\/et_pb_row][\/et_pb_section][et_pb_section fb_built=&#8221;1&#8243; _builder_version=&#8221;4.25.1&#8243; _module_preset=&#8221;default&#8221; global_colors_info=&#8221;{}&#8221;][et_pb_row column_structure=&#8221;2_3,1_3&#8243; _builder_version=&#8221;4.25.1&#8243; _module_preset=&#8221;default&#8221; global_colors_info=&#8221;{}&#8221;][et_pb_column type=&#8221;2_3&#8243; _builder_version=&#8221;4.25.1&#8243; _module_preset=&#8221;default&#8221; global_colors_info=&#8221;{}&#8221;][et_pb_image src=&#8221;https:\/\/moto-screenies.de\/wp-content\/uploads\/2025\/11\/ms-4moto-1-scaled.png&#8221; alt=&#8221;Partner&#8221; title_text=&#8221;MS-4moto (1)&#8221; _builder_version=&#8221;4.27.4&#8243; _module_preset=&#8221;default&#8221; global_colors_info=&#8221;{}&#8221;][\/et_pb_image][\/et_pb_column][et_pb_column type=&#8221;1_3&#8243; _builder_version=&#8221;4.25.1&#8243; _module_preset=&#8221;default&#8221; background_color=&#8221;rgba(150,150,150,0.36)&#8221; custom_padding=&#8221;50px|20px|50px|20px|false|false&#8221; border_radii=&#8221;on|20px|20px|20px|20px&#8221; global_colors_info=&#8221;{}&#8221;][et_pb_text _builder_version=&#8221;4.25.1&#8243; _module_preset=&#8221;default&#8221; global_colors_info=&#8221;{}&#8221;]<\/p>\n<p><span>Insieme a 4Moto, stiamo sviluppando prototipi di pellicole protettive che possono essere utilizzate nelle corse, in particolare nell&#8217;IDM e nella MotoGP. <\/span><strong>IDM e MotoGP<\/strong><span>dimostrano di essere all&#8217;altezza. Questa collaborazione unica nel suo genere ci permette di creare pellicole protettive innovative e allo stesso tempo di fornirle direttamente dai produttori.   <\/span><strong>esperienza pratica nelle corse reali<\/strong><span> per trarne beneficio.<\/span><\/p>\n<p>[\/et_pb_text][et_pb_button button_url=&#8221;https:\/\/moto-screenies.de\/it\/4moto-motoscreenies\/&#8221; button_text=&#8221;Leggi tutto&#8221; button_alignment=&#8221;center&#8221; _builder_version=&#8221;4.25.1&#8243; _module_preset=&#8221;default&#8221; custom_button=&#8221;on&#8221; button_text_size=&#8221;21px&#8221; button_text_color=&#8221;#000000&#8243; button_bg_color=&#8221;rgba(12,113,195,0.52)&#8221; button_border_radius=&#8221;21px&#8221; button_icon=&#8221;&#xf1e2;||fa||900&#8243; box_shadow_style=&#8221;preset4&#8243; global_colors_info=&#8221;{}&#8221;][\/et_pb_button][\/et_pb_column][\/et_pb_row][et_pb_row _builder_version=&#8221;4.25.1&#8243; _module_preset=&#8221;default&#8221; global_colors_info=&#8221;{}&#8221;][et_pb_column type=&#8221;4_4&#8243; _builder_version=&#8221;4.25.1&#8243; _module_preset=&#8221;default&#8221; global_colors_info=&#8221;{}&#8221;][et_pb_divider _builder_version=&#8221;4.25.1&#8243; _module_preset=&#8221;default&#8221; global_colors_info=&#8221;{}&#8221;][\/et_pb_divider][\/et_pb_column][\/et_pb_row][et_pb_row column_structure=&#8221;1_3,2_3&#8243; disabled_on=&#8221;off|off|off&#8221; _builder_version=&#8221;4.25.1&#8243; _module_preset=&#8221;default&#8221; global_colors_info=&#8221;{}&#8221;][et_pb_column type=&#8221;1_3&#8243; _builder_version=&#8221;4.25.1&#8243; _module_preset=&#8221;default&#8221; background_color=&#8221;rgba(150,150,150,0.36)&#8221; custom_padding=&#8221;50px|20px|50px|20px|false|false&#8221; border_radii=&#8221;on|20px|20px|20px|20px&#8221; global_colors_info=&#8221;{}&#8221;][et_pb_text _builder_version=&#8221;4.25.1&#8243; _module_preset=&#8221;default&#8221; global_colors_info=&#8221;{}&#8221;]<\/p>\n<p>MaxMoto Motorradtechnik ad Altenberge offre <strong>servizi completi per motociclette<\/strong>, tra cui riparazioni, ispezioni e conversioni individuali. Con molti anni di esperienza e passione per le motociclette, il team garantisce la massima qualit\u00e0 e soddisfazione del cliente e ci supporta anche come <strong>partner affidabile nelle questioni tecniche<\/strong>. <\/p>\n<p>[\/et_pb_text][et_pb_button button_url=&#8221;https:\/\/moto-screenies.de\/it\/tecnologia-per-moto-maxmoto-altenberge\/&#8221; button_text=&#8221;Leggi tutto&#8221; button_alignment=&#8221;center&#8221; _builder_version=&#8221;4.25.1&#8243; _module_preset=&#8221;default&#8221; custom_button=&#8221;on&#8221; button_text_size=&#8221;21px&#8221; button_text_color=&#8221;#000000&#8243; button_bg_color=&#8221;rgba(12,113,195,0.52)&#8221; button_border_radius=&#8221;21px&#8221; button_icon=&#8221;&#xf1e2;||fa||900&#8243; box_shadow_style=&#8221;preset4&#8243; global_colors_info=&#8221;{}&#8221;][\/et_pb_button][\/et_pb_column][et_pb_column type=&#8221;2_3&#8243; _builder_version=&#8221;4.25.1&#8243; _module_preset=&#8221;default&#8221; background_enable_color=&#8221;off&#8221; custom_padding=&#8221;50px|20px|50px|20px|false|false&#8221; border_radii=&#8221;on|20px|20px|20px|20px&#8221; global_colors_info=&#8221;{}&#8221;][et_pb_image src=&#8221;https:\/\/moto-screenies.de\/wp-content\/uploads\/2025\/11\/maxmoto-altenberge-scaled-1.jpg&#8221; alt=&#8221;Partner&#8221; title_text=&#8221;Maxmoto-Altenberge-Scaled (1)&#8221; _builder_version=&#8221;4.27.4&#8243; _module_preset=&#8221;default&#8221; global_colors_info=&#8221;{}&#8221;][\/et_pb_image][\/et_pb_column][\/et_pb_row][et_pb_row _builder_version=&#8221;4.25.1&#8243; _module_preset=&#8221;default&#8221; global_colors_info=&#8221;{}&#8221;][et_pb_column type=&#8221;4_4&#8243; _builder_version=&#8221;4.25.1&#8243; _module_preset=&#8221;default&#8221; global_colors_info=&#8221;{}&#8221;][et_pb_divider _builder_version=&#8221;4.25.1&#8243; _module_preset=&#8221;default&#8221; global_colors_info=&#8221;{}&#8221;][\/et_pb_divider][\/et_pb_column][\/et_pb_row][et_pb_row column_structure=&#8221;2_3,1_3&#8243; _builder_version=&#8221;4.25.1&#8243; _module_preset=&#8221;default&#8221; global_colors_info=&#8221;{}&#8221;][et_pb_column type=&#8221;2_3&#8243; _builder_version=&#8221;4.25.1&#8243; _module_preset=&#8221;default&#8221; global_colors_info=&#8221;{}&#8221;][et_pb_image src=&#8221;https:\/\/moto-screenies.de\/wp-content\/uploads\/2025\/11\/mucoff-motoscreenies-scaled-1.jpg&#8221; alt=&#8221;Partner&#8221; title_text=&#8221;in scala mucoff-motoscreenies&#8221; _builder_version=&#8221;4.27.4&#8243; _module_preset=&#8221;default&#8221; global_colors_info=&#8221;{}&#8221;][\/et_pb_image][\/et_pb_column][et_pb_column type=&#8221;1_3&#8243; _builder_version=&#8221;4.25.1&#8243; _module_preset=&#8221;default&#8221; background_color=&#8221;rgba(150,150,150,0.36)&#8221; custom_padding=&#8221;50px|20px|50px|20px|false|false&#8221; border_radii=&#8221;on|20px|20px|20px|20px&#8221; global_colors_info=&#8221;{}&#8221;][et_pb_text _builder_version=&#8221;4.25.1&#8243; _module_preset=&#8221;default&#8221; global_colors_info=&#8221;{}&#8221;]<\/p>\n<p>Muc-Off offre un&#8217;ampia gamma di <strong>prodotti per la pulizia e la cura delle<\/strong> moto, noti per la loro elevata efficacia e facilit\u00e0 d&#8217;uso. Con soluzioni innovative, il team di Muc-Off garantisce risultati brillanti e una maggiore durata delle macchine. In qualit\u00e0 di partner affidabile, ci supporta con competenza in tutte le <strong>questioni relative alla cura e alla manutenzione delle moto<\/strong>&#8230;  <\/p>\n<p>[\/et_pb_text][et_pb_button button_url=&#8221;http:\/\/mucoff.sjv.io\/OrgO6P&#8221; button_text=&#8221;Leggi tutto&#8221; button_alignment=&#8221;center&#8221; _builder_version=&#8221;4.25.1&#8243; _module_preset=&#8221;default&#8221; custom_button=&#8221;on&#8221; button_text_size=&#8221;21px&#8221; button_text_color=&#8221;#000000&#8243; button_bg_color=&#8221;rgba(12,113,195,0.52)&#8221; button_border_radius=&#8221;21px&#8221; button_icon=&#8221;&#xf1e2;||fa||900&#8243; box_shadow_style=&#8221;preset4&#8243; global_colors_info=&#8221;{}&#8221;][\/et_pb_button][\/et_pb_column][\/et_pb_row][et_pb_row _builder_version=&#8221;4.25.1&#8243; _module_preset=&#8221;default&#8221; global_colors_info=&#8221;{}&#8221;][et_pb_column type=&#8221;4_4&#8243; _builder_version=&#8221;4.25.1&#8243; _module_preset=&#8221;default&#8221; global_colors_info=&#8221;{}&#8221;][et_pb_divider _builder_version=&#8221;4.25.1&#8243; _module_preset=&#8221;default&#8221; global_colors_info=&#8221;{}&#8221;][\/et_pb_divider][\/et_pb_column][\/et_pb_row][et_pb_row column_structure=&#8221;1_3,2_3&#8243; disabled_on=&#8221;off|off|off&#8221; _builder_version=&#8221;4.25.1&#8243; _module_preset=&#8221;default&#8221; global_colors_info=&#8221;{}&#8221;][et_pb_column type=&#8221;1_3&#8243; _builder_version=&#8221;4.25.1&#8243; _module_preset=&#8221;default&#8221; background_color=&#8221;rgba(150,150,150,0.36)&#8221; custom_padding=&#8221;50px|20px|50px|20px|false|false&#8221; border_radii=&#8221;on|20px|20px|20px|20px&#8221; global_colors_info=&#8221;{}&#8221;][et_pb_text _builder_version=&#8221;4.25.1&#8243; _module_preset=&#8221;default&#8221; link_option_url=&#8221;https:\/\/moto-screenies.de\/it\/protezione-mycover\/&#8221; global_colors_info=&#8221;{}&#8221;]<\/p>\n<p>Constantin e Benjamin di MYPROTECTION hanno trasformato la loro passione per i <strong>teloni personalizzati<\/strong> con i pi\u00f9 alti standard di qualit\u00e0 nella loro professione. La loro partnership con Moto Screenies sottolinea l&#8217;impegno comune per la protezione e la sicurezza delle moto&#8230; <\/p>\n<p>[\/et_pb_text][et_pb_button button_url=&#8221;https:\/\/moto-screenies.de\/it\/protezione-mycover\/&#8221; button_text=&#8221;Leggi tutto&#8221; button_alignment=&#8221;center&#8221; _builder_version=&#8221;4.25.1&#8243; _module_preset=&#8221;default&#8221; custom_button=&#8221;on&#8221; button_text_size=&#8221;21px&#8221; button_text_color=&#8221;#000000&#8243; button_bg_color=&#8221;rgba(12,113,195,0.52)&#8221; button_border_radius=&#8221;21px&#8221; button_icon=&#8221;&#xf1e2;||fa||900&#8243; box_shadow_style=&#8221;preset4&#8243; global_colors_info=&#8221;{}&#8221;][\/et_pb_button][\/et_pb_column][et_pb_column type=&#8221;2_3&#8243; _builder_version=&#8221;4.25.1&#8243; _module_preset=&#8221;default&#8221; background_enable_color=&#8221;off&#8221; custom_padding=&#8221;50px|20px|50px|20px|false|false&#8221; border_radii=&#8221;on|20px|20px|20px|20px&#8221; global_colors_info=&#8221;{}&#8221;][et_pb_image src=&#8221;https:\/\/moto-screenies.de\/wp-content\/uploads\/2025\/11\/mycover-motoscreenies-scaled-1.jpg&#8221; alt=&#8221;Partner&#8221; title_text=&#8221;MyCover-Motoscreenies-scala&#8221; _builder_version=&#8221;4.27.4&#8243; _module_preset=&#8221;default&#8221; global_colors_info=&#8221;{}&#8221;][\/et_pb_image][\/et_pb_column][\/et_pb_row][\/et_pb_section]<\/p>\n","protected":false},"excerpt":{"rendered":"<p>I nostri partnerInsieme per la comunit\u00e0 motociclistica Da Moto Screenies , ci affidiamo a solide partnership per offrire accessori e servizi di alta qualit\u00e0 per motociclette. I nostri partner sono selezionati con cura e rispettano i pi\u00f9 alti standard di qualit\u00e0 e sicurezza. Li consigliamo ai nostri clienti senza prenotazioni \u2013 dai motociclisti ai motociclisti.Insieme [&hellip;]<\/p>\n","protected":false},"author":1,"featured_media":0,"parent":0,"menu_order":0,"comment_status":"closed","ping_status":"closed","template":"","meta":{"_et_pb_use_builder":"on","_et_pb_old_content":"","_et_gb_content_width":"","_uf_show_specific_survey":0,"_uf_disable_surveys":false,"footnotes":""},"class_list":["post-69881","page","type-page","status-publish","hentry"],"yoast_head":"<!-- This site is optimized with the Yoast SEO plugin v27.2 - https:\/\/yoast.com\/product\/yoast-seo-wordpress\/ -->\n<title>Il nostro Partner - Moto Screenies<\/title>\n<meta name=\"description\" content=\"Siamo orgogliosi di lavorare con start-up innovative e appassionati di moto. Scopri i nostri partner di fiducia che ti consigliamo con entusiasmo!\" \/>\n<meta name=\"robots\" content=\"index, follow, max-snippet:-1, max-image-preview:large, max-video-preview:-1\" \/>\n<link rel=\"canonical\" href=\"https:\/\/moto-screenies.de\/it\/partner\/\" \/>\n<meta property=\"og:locale\" content=\"it_IT\" \/>\n<meta property=\"og:type\" content=\"article\" \/>\n<meta property=\"og:title\" content=\"Il nostro Partner - Moto Screenies\" \/>\n<meta property=\"og:description\" content=\"Siamo orgogliosi di lavorare con start-up innovative e appassionati di moto. Scopri i nostri partner di fiducia che ti consigliamo con entusiasmo!\" \/>\n<meta property=\"og:url\" content=\"https:\/\/moto-screenies.de\/it\/partner\/\" \/>\n<meta property=\"og:site_name\" content=\"Moto Screenies\" \/>\n<meta property=\"article:modified_time\" content=\"2025-11-25T06:55:04+00:00\" \/>\n<meta name=\"twitter:card\" content=\"summary_large_image\" \/>\n<meta name=\"twitter:label1\" content=\"Tempo di lettura stimato\" \/>\n\t<meta name=\"twitter:data1\" content=\"6 minuti\" \/>\n<script type=\"application\/ld+json\" class=\"yoast-schema-graph\">{\"@context\":\"https:\/\/schema.org\",\"@graph\":[{\"@type\":\"WebPage\",\"@id\":\"https:\/\/moto-screenies.de\/it\/partner\/\",\"url\":\"https:\/\/moto-screenies.de\/it\/partner\/\",\"name\":\"Il nostro Partner - Moto Screenies\",\"isPartOf\":{\"@id\":\"https:\/\/moto-screenies.de\/it\/#website\"},\"datePublished\":\"2024-06-02T07:09:04+00:00\",\"dateModified\":\"2025-11-25T06:55:04+00:00\",\"description\":\"Siamo orgogliosi di lavorare con start-up innovative e appassionati di moto. Scopri i nostri partner di fiducia che ti consigliamo con entusiasmo!\",\"breadcrumb\":{\"@id\":\"https:\/\/moto-screenies.de\/it\/partner\/#breadcrumb\"},\"inLanguage\":\"it-IT\",\"potentialAction\":[{\"@type\":\"ReadAction\",\"target\":[\"https:\/\/moto-screenies.de\/it\/partner\/\"]}]},{\"@type\":\"BreadcrumbList\",\"@id\":\"https:\/\/moto-screenies.de\/it\/partner\/#breadcrumb\",\"itemListElement\":[{\"@type\":\"ListItem\",\"position\":1,\"name\":\"Startseite\",\"item\":\"https:\/\/moto-screenies.de\/it\/\"},{\"@type\":\"ListItem\",\"position\":2,\"name\":\"Partner\"}]},{\"@type\":\"WebSite\",\"@id\":\"https:\/\/moto-screenies.de\/it\/#website\",\"url\":\"https:\/\/moto-screenies.de\/it\/\",\"name\":\"Moto Screenies\",\"description\":\"Die Displayschutzfolie f\u00fcr dein Motorrad\",\"publisher\":{\"@id\":\"https:\/\/moto-screenies.de\/it\/#organization\"},\"alternateName\":\"MS\",\"potentialAction\":[{\"@type\":\"SearchAction\",\"target\":{\"@type\":\"EntryPoint\",\"urlTemplate\":\"https:\/\/moto-screenies.de\/it\/?s={search_term_string}\"},\"query-input\":{\"@type\":\"PropertyValueSpecification\",\"valueRequired\":true,\"valueName\":\"search_term_string\"}}],\"inLanguage\":\"it-IT\"},{\"@type\":\"Organization\",\"@id\":\"https:\/\/moto-screenies.de\/it\/#organization\",\"name\":\"Moto Screenies\",\"url\":\"https:\/\/moto-screenies.de\/it\/\",\"logo\":{\"@type\":\"ImageObject\",\"inLanguage\":\"it-IT\",\"@id\":\"https:\/\/moto-screenies.de\/it\/#\/schema\/logo\/image\/\",\"url\":\"\",\"contentUrl\":\"\",\"caption\":\"Moto Screenies\"},\"image\":{\"@id\":\"https:\/\/moto-screenies.de\/it\/#\/schema\/logo\/image\/\"}}]}<\/script>\n<!-- \/ Yoast SEO plugin. -->","yoast_head_json":{"title":"Il nostro Partner - Moto Screenies","description":"Siamo orgogliosi di lavorare con start-up innovative e appassionati di moto. Scopri i nostri partner di fiducia che ti consigliamo con entusiasmo!","robots":{"index":"index","follow":"follow","max-snippet":"max-snippet:-1","max-image-preview":"max-image-preview:large","max-video-preview":"max-video-preview:-1"},"canonical":"https:\/\/moto-screenies.de\/it\/partner\/","og_locale":"it_IT","og_type":"article","og_title":"Il nostro Partner - Moto Screenies","og_description":"Siamo orgogliosi di lavorare con start-up innovative e appassionati di moto. Scopri i nostri partner di fiducia che ti consigliamo con entusiasmo!","og_url":"https:\/\/moto-screenies.de\/it\/partner\/","og_site_name":"Moto Screenies","article_modified_time":"2025-11-25T06:55:04+00:00","twitter_card":"summary_large_image","twitter_misc":{"Tempo di lettura stimato":"6 minuti"},"schema":{"@context":"https:\/\/schema.org","@graph":[{"@type":"WebPage","@id":"https:\/\/moto-screenies.de\/it\/partner\/","url":"https:\/\/moto-screenies.de\/it\/partner\/","name":"Il nostro Partner - Moto Screenies","isPartOf":{"@id":"https:\/\/moto-screenies.de\/it\/#website"},"datePublished":"2024-06-02T07:09:04+00:00","dateModified":"2025-11-25T06:55:04+00:00","description":"Siamo orgogliosi di lavorare con start-up innovative e appassionati di moto. Scopri i nostri partner di fiducia che ti consigliamo con entusiasmo!","breadcrumb":{"@id":"https:\/\/moto-screenies.de\/it\/partner\/#breadcrumb"},"inLanguage":"it-IT","potentialAction":[{"@type":"ReadAction","target":["https:\/\/moto-screenies.de\/it\/partner\/"]}]},{"@type":"BreadcrumbList","@id":"https:\/\/moto-screenies.de\/it\/partner\/#breadcrumb","itemListElement":[{"@type":"ListItem","position":1,"name":"Startseite","item":"https:\/\/moto-screenies.de\/it\/"},{"@type":"ListItem","position":2,"name":"Partner"}]},{"@type":"WebSite","@id":"https:\/\/moto-screenies.de\/it\/#website","url":"https:\/\/moto-screenies.de\/it\/","name":"Moto Screenies","description":"Die Displayschutzfolie f\u00fcr dein Motorrad","publisher":{"@id":"https:\/\/moto-screenies.de\/it\/#organization"},"alternateName":"MS","potentialAction":[{"@type":"SearchAction","target":{"@type":"EntryPoint","urlTemplate":"https:\/\/moto-screenies.de\/it\/?s={search_term_string}"},"query-input":{"@type":"PropertyValueSpecification","valueRequired":true,"valueName":"search_term_string"}}],"inLanguage":"it-IT"},{"@type":"Organization","@id":"https:\/\/moto-screenies.de\/it\/#organization","name":"Moto Screenies","url":"https:\/\/moto-screenies.de\/it\/","logo":{"@type":"ImageObject","inLanguage":"it-IT","@id":"https:\/\/moto-screenies.de\/it\/#\/schema\/logo\/image\/","url":"","contentUrl":"","caption":"Moto Screenies"},"image":{"@id":"https:\/\/moto-screenies.de\/it\/#\/schema\/logo\/image\/"}}]}},"_links":{"self":[{"href":"https:\/\/moto-screenies.de\/it\/wp-json\/wp\/v2\/pages\/69881","targetHints":{"allow":["GET"]}}],"collection":[{"href":"https:\/\/moto-screenies.de\/it\/wp-json\/wp\/v2\/pages"}],"about":[{"href":"https:\/\/moto-screenies.de\/it\/wp-json\/wp\/v2\/types\/page"}],"author":[{"embeddable":true,"href":"https:\/\/moto-screenies.de\/it\/wp-json\/wp\/v2\/users\/1"}],"replies":[{"embeddable":true,"href":"https:\/\/moto-screenies.de\/it\/wp-json\/wp\/v2\/comments?post=69881"}],"version-history":[{"count":0,"href":"https:\/\/moto-screenies.de\/it\/wp-json\/wp\/v2\/pages\/69881\/revisions"}],"wp:attachment":[{"href":"https:\/\/moto-screenies.de\/it\/wp-json\/wp\/v2\/media?parent=69881"}],"curies":[{"name":"wp","href":"https:\/\/api.w.org\/{rel}","templated":true}]}}