{"id":188496,"date":"2021-06-24T19:14:45","date_gmt":"2021-06-24T17:14:45","guid":{"rendered":"https:\/\/moto-screenies.de\/produkt\/honda-nc750x-2021-displayschutz-folie-moto-screenies-tachoschutzfolie-schutzglas-folie-displayfolie-made-in-germany\/"},"modified":"2026-01-26T15:28:48","modified_gmt":"2026-01-26T14:28:48","slug":"honda-nc750x-2021-displayschutz-folie-moto-screenies-tachoschutzfolie-schutzglas-folie-displayfolie-made-in-germany","status":"publish","type":"product","link":"https:\/\/moto-screenies.de\/it\/produkt\/honda-nc750x-2021-displayschutz-folie-moto-screenies-tachoschutzfolie-schutzglas-folie-displayfolie-made-in-germany\/","title":{"rendered":"Honda nc750x (2021) Displayschutz-Folie  Moto Screenies Tachoschutzfolie Schutzglas-Folie Displayfolie Made in Germany"},"content":{"rendered":"<p>Entdecken Sie den optimalen Schutz f\u00fcr das Display Ihrer Honda NC750X (2021) mit unserer hochwertigen Tachoschutzfolie. Diese speziell entwickelte Displayschutzfolie bietet zuverl\u00e4ssigen Schutz vor Kratzern, Staub und Schmutz, ohne die Sicht oder Funktionalit\u00e4t Ihres Tachos zu beeintr\u00e4chtigen. Die einfache Anbringung sorgt f\u00fcr eine blasenfreie Oberfl\u00e4che und l\u00e4sst sich bei Bedarf r\u00fcckstandslos entfernen. Investieren Sie in die Langlebigkeit und den Werterhalt Ihres Motorrads mit dieser passgenauen L\u00f6sung.<\/p>\n<p>Passend f\u00fcr: Tachoschutzfolie Displayschutzfolie passend Honda NC750X (2021)<\/p>\n","protected":false},"excerpt":{"rendered":"<p>Entdecken Sie den optimalen Schutz f\u00fcr das Display Ihrer Honda NC750X (2021) mit unserer hochwertigen Tachoschutzfolie. Diese speziell entwickelte Displayschutzfolie bietet zuverl\u00e4ssigen Schutz vor Kratzern, Staub und Schmutz, ohne die Sicht oder Funktionalit\u00e4t Ihres Tachos zu beeintr\u00e4chtigen. Die einfache Anbringung sorgt f\u00fcr eine blasenfreie Oberfl\u00e4che und l\u00e4sst sich bei Bedarf r\u00fcckstandslos entfernen. Investieren Sie in [&hellip;]<\/p>\n","protected":false},"featured_media":218980,"comment_status":"open","ping_status":"closed","template":"","meta":{"_et_pb_use_builder":"","_et_pb_old_content":"","_et_gb_content_width":"","_uf_show_specific_survey":0,"_uf_disable_surveys":false},"product_brand":[],"product_cat":[422],"product_tag":[117],"class_list":{"0":"post-188496","1":"product","2":"type-product","3":"status-publish","4":"has-post-thumbnail","6":"product_cat-honda-schutzfolie-fuer-dein-motorrad","7":"product_tag-tachoschutzfolie","8":"product_shipping_class-standard","10":"first","11":"instock","12":"taxable","13":"shipping-taxable","14":"purchasable","15":"product-type-variable"},"yoast_head":"<!-- This site is optimized with the Yoast SEO plugin v27.2 - https:\/\/yoast.com\/product\/yoast-seo-wordpress\/ -->\n<title>Honda nc750x (2021) Displayschutz-Folie Moto Screenies Tachoschutzfolie Schutzglas-Folie Displayfolie Made in Germany<\/title>\n<meta name=\"description\" content=\"Entdecken Sie die perfekte Tachoschutzfolie f\u00fcr Ihre Honda NC750X (2021). Unsere hochwertige Displayschutzfolie bietet optimalen Schutz vor Kratzern und Abnutzung. Ideal f\u00fcr ein klares und langlebiges Display.\" \/>\n<meta name=\"robots\" content=\"index, follow, max-snippet:-1, max-image-preview:large, max-video-preview:-1\" \/>\n<link rel=\"canonical\" href=\"https:\/\/moto-screenies.de\/it\/produkt\/honda-nc750x-2021-displayschutz-folie-moto-screenies-tachoschutzfolie-schutzglas-folie-displayfolie-made-in-germany\/\" \/>\n<meta property=\"og:locale\" content=\"it_IT\" \/>\n<meta property=\"og:type\" content=\"article\" \/>\n<meta property=\"og:title\" content=\"Honda nc750x (2021) Displayschutz-Folie Moto Screenies Tachoschutzfolie Schutzglas-Folie Displayfolie Made in Germany\" \/>\n<meta property=\"og:description\" content=\"Entdecken Sie die perfekte Tachoschutzfolie f\u00fcr Ihre Honda NC750X (2021). Unsere hochwertige Displayschutzfolie bietet optimalen Schutz vor Kratzern und Abnutzung. Ideal f\u00fcr ein klares und langlebiges Display.\" \/>\n<meta property=\"og:url\" content=\"https:\/\/moto-screenies.de\/it\/produkt\/honda-nc750x-2021-displayschutz-folie-moto-screenies-tachoschutzfolie-schutzglas-folie-displayfolie-made-in-germany\/\" \/>\n<meta property=\"og:site_name\" content=\"Moto Screenies\" \/>\n<meta property=\"article:modified_time\" content=\"2026-01-26T14:28:48+00:00\" \/>\n<meta property=\"og:image\" content=\"https:\/\/moto-screenies.de\/wp-content\/uploads\/2025\/11\/336060_Product.png\" \/>\n\t<meta property=\"og:image:width\" content=\"1500\" \/>\n\t<meta property=\"og:image:height\" content=\"1500\" \/>\n\t<meta property=\"og:image:type\" content=\"image\/png\" \/>\n<meta name=\"twitter:card\" content=\"summary_large_image\" \/>\n<script type=\"application\/ld+json\" class=\"yoast-schema-graph\">{\"@context\":\"https:\/\/schema.org\",\"@graph\":[{\"@type\":\"WebPage\",\"@id\":\"https:\/\/moto-screenies.de\/it\/produkt\/honda-nc750x-2021-displayschutz-folie-moto-screenies-tachoschutzfolie-schutzglas-folie-displayfolie-made-in-germany\/\",\"url\":\"https:\/\/moto-screenies.de\/it\/produkt\/honda-nc750x-2021-displayschutz-folie-moto-screenies-tachoschutzfolie-schutzglas-folie-displayfolie-made-in-germany\/\",\"name\":\"Honda nc750x (2021) Displayschutz-Folie Moto Screenies Tachoschutzfolie Schutzglas-Folie Displayfolie Made in Germany\",\"isPartOf\":{\"@id\":\"https:\/\/moto-screenies.de\/it\/#website\"},\"primaryImageOfPage\":{\"@id\":\"https:\/\/moto-screenies.de\/it\/produkt\/honda-nc750x-2021-displayschutz-folie-moto-screenies-tachoschutzfolie-schutzglas-folie-displayfolie-made-in-germany\/#primaryimage\"},\"image\":{\"@id\":\"https:\/\/moto-screenies.de\/it\/produkt\/honda-nc750x-2021-displayschutz-folie-moto-screenies-tachoschutzfolie-schutzglas-folie-displayfolie-made-in-germany\/#primaryimage\"},\"thumbnailUrl\":\"https:\/\/moto-screenies.de\/wp-content\/uploads\/2025\/11\/336060_Product.png\",\"datePublished\":\"2021-06-24T17:14:45+00:00\",\"dateModified\":\"2026-01-26T14:28:48+00:00\",\"description\":\"Entdecken Sie die perfekte Tachoschutzfolie f\u00fcr Ihre Honda NC750X (2021). Unsere hochwertige Displayschutzfolie bietet optimalen Schutz vor Kratzern und Abnutzung. Ideal f\u00fcr ein klares und langlebiges Display.\",\"breadcrumb\":{\"@id\":\"https:\/\/moto-screenies.de\/it\/produkt\/honda-nc750x-2021-displayschutz-folie-moto-screenies-tachoschutzfolie-schutzglas-folie-displayfolie-made-in-germany\/#breadcrumb\"},\"inLanguage\":\"it-IT\",\"potentialAction\":[{\"@type\":\"ReadAction\",\"target\":[\"https:\/\/moto-screenies.de\/it\/produkt\/honda-nc750x-2021-displayschutz-folie-moto-screenies-tachoschutzfolie-schutzglas-folie-displayfolie-made-in-germany\/\"]}]},{\"@type\":\"ImageObject\",\"inLanguage\":\"it-IT\",\"@id\":\"https:\/\/moto-screenies.de\/it\/produkt\/honda-nc750x-2021-displayschutz-folie-moto-screenies-tachoschutzfolie-schutzglas-folie-displayfolie-made-in-germany\/#primaryimage\",\"url\":\"https:\/\/moto-screenies.de\/wp-content\/uploads\/2025\/11\/336060_Product.png\",\"contentUrl\":\"https:\/\/moto-screenies.de\/wp-content\/uploads\/2025\/11\/336060_Product.png\",\"width\":1500,\"height\":1500,\"caption\":\"1 MAIN (ANTI GLARE).png\"},{\"@type\":\"BreadcrumbList\",\"@id\":\"https:\/\/moto-screenies.de\/it\/produkt\/honda-nc750x-2021-displayschutz-folie-moto-screenies-tachoschutzfolie-schutzglas-folie-displayfolie-made-in-germany\/#breadcrumb\",\"itemListElement\":[{\"@type\":\"ListItem\",\"position\":1,\"name\":\"Startseite\",\"item\":\"https:\/\/moto-screenies.de\/it\/\"},{\"@type\":\"ListItem\",\"position\":2,\"name\":\"Negozio\",\"item\":\"https:\/\/it.moto-screenies.de\/negozio\/\"},{\"@type\":\"ListItem\",\"position\":3,\"name\":\"Honda nc750x (2021) Displayschutz-Folie Moto Screenies Tachoschutzfolie Schutzglas-Folie Displayfolie Made in Germany\"}]},{\"@type\":\"WebSite\",\"@id\":\"https:\/\/moto-screenies.de\/it\/#website\",\"url\":\"https:\/\/moto-screenies.de\/it\/\",\"name\":\"Moto Screenies\",\"description\":\"Die Displayschutzfolie f\u00fcr dein Motorrad\",\"publisher\":{\"@id\":\"https:\/\/moto-screenies.de\/it\/#organization\"},\"alternateName\":\"MS\",\"potentialAction\":[{\"@type\":\"SearchAction\",\"target\":{\"@type\":\"EntryPoint\",\"urlTemplate\":\"https:\/\/moto-screenies.de\/it\/?s={search_term_string}\"},\"query-input\":{\"@type\":\"PropertyValueSpecification\",\"valueRequired\":true,\"valueName\":\"search_term_string\"}}],\"inLanguage\":\"it-IT\"},{\"@type\":\"Organization\",\"@id\":\"https:\/\/moto-screenies.de\/it\/#organization\",\"name\":\"Moto Screenies\",\"url\":\"https:\/\/moto-screenies.de\/it\/\",\"logo\":{\"@type\":\"ImageObject\",\"inLanguage\":\"it-IT\",\"@id\":\"https:\/\/moto-screenies.de\/it\/#\/schema\/logo\/image\/\",\"url\":\"\",\"contentUrl\":\"\",\"caption\":\"Moto Screenies\"},\"image\":{\"@id\":\"https:\/\/moto-screenies.de\/it\/#\/schema\/logo\/image\/\"}}]}<\/script>\n<!-- \/ Yoast SEO plugin. -->","yoast_head_json":{"title":"Honda nc750x (2021) Displayschutz-Folie Moto Screenies Tachoschutzfolie Schutzglas-Folie Displayfolie Made in Germany","description":"Entdecken Sie die perfekte Tachoschutzfolie f\u00fcr Ihre Honda NC750X (2021). Unsere hochwertige Displayschutzfolie bietet optimalen Schutz vor Kratzern und Abnutzung. Ideal f\u00fcr ein klares und langlebiges Display.","robots":{"index":"index","follow":"follow","max-snippet":"max-snippet:-1","max-image-preview":"max-image-preview:large","max-video-preview":"max-video-preview:-1"},"canonical":"https:\/\/moto-screenies.de\/it\/produkt\/honda-nc750x-2021-displayschutz-folie-moto-screenies-tachoschutzfolie-schutzglas-folie-displayfolie-made-in-germany\/","og_locale":"it_IT","og_type":"article","og_title":"Honda nc750x (2021) Displayschutz-Folie Moto Screenies Tachoschutzfolie Schutzglas-Folie Displayfolie Made in Germany","og_description":"Entdecken Sie die perfekte Tachoschutzfolie f\u00fcr Ihre Honda NC750X (2021). Unsere hochwertige Displayschutzfolie bietet optimalen Schutz vor Kratzern und Abnutzung. Ideal f\u00fcr ein klares und langlebiges Display.","og_url":"https:\/\/moto-screenies.de\/it\/produkt\/honda-nc750x-2021-displayschutz-folie-moto-screenies-tachoschutzfolie-schutzglas-folie-displayfolie-made-in-germany\/","og_site_name":"Moto Screenies","article_modified_time":"2026-01-26T14:28:48+00:00","og_image":[{"width":1500,"height":1500,"url":"https:\/\/moto-screenies.de\/wp-content\/uploads\/2025\/11\/336060_Product.png","type":"image\/png"}],"twitter_card":"summary_large_image","schema":{"@context":"https:\/\/schema.org","@graph":[{"@type":"WebPage","@id":"https:\/\/moto-screenies.de\/it\/produkt\/honda-nc750x-2021-displayschutz-folie-moto-screenies-tachoschutzfolie-schutzglas-folie-displayfolie-made-in-germany\/","url":"https:\/\/moto-screenies.de\/it\/produkt\/honda-nc750x-2021-displayschutz-folie-moto-screenies-tachoschutzfolie-schutzglas-folie-displayfolie-made-in-germany\/","name":"Honda nc750x (2021) Displayschutz-Folie Moto Screenies Tachoschutzfolie Schutzglas-Folie Displayfolie Made in Germany","isPartOf":{"@id":"https:\/\/moto-screenies.de\/it\/#website"},"primaryImageOfPage":{"@id":"https:\/\/moto-screenies.de\/it\/produkt\/honda-nc750x-2021-displayschutz-folie-moto-screenies-tachoschutzfolie-schutzglas-folie-displayfolie-made-in-germany\/#primaryimage"},"image":{"@id":"https:\/\/moto-screenies.de\/it\/produkt\/honda-nc750x-2021-displayschutz-folie-moto-screenies-tachoschutzfolie-schutzglas-folie-displayfolie-made-in-germany\/#primaryimage"},"thumbnailUrl":"https:\/\/moto-screenies.de\/wp-content\/uploads\/2025\/11\/336060_Product.png","datePublished":"2021-06-24T17:14:45+00:00","dateModified":"2026-01-26T14:28:48+00:00","description":"Entdecken Sie die perfekte Tachoschutzfolie f\u00fcr Ihre Honda NC750X (2021). Unsere hochwertige Displayschutzfolie bietet optimalen Schutz vor Kratzern und Abnutzung. Ideal f\u00fcr ein klares und langlebiges Display.","breadcrumb":{"@id":"https:\/\/moto-screenies.de\/it\/produkt\/honda-nc750x-2021-displayschutz-folie-moto-screenies-tachoschutzfolie-schutzglas-folie-displayfolie-made-in-germany\/#breadcrumb"},"inLanguage":"it-IT","potentialAction":[{"@type":"ReadAction","target":["https:\/\/moto-screenies.de\/it\/produkt\/honda-nc750x-2021-displayschutz-folie-moto-screenies-tachoschutzfolie-schutzglas-folie-displayfolie-made-in-germany\/"]}]},{"@type":"ImageObject","inLanguage":"it-IT","@id":"https:\/\/moto-screenies.de\/it\/produkt\/honda-nc750x-2021-displayschutz-folie-moto-screenies-tachoschutzfolie-schutzglas-folie-displayfolie-made-in-germany\/#primaryimage","url":"https:\/\/moto-screenies.de\/wp-content\/uploads\/2025\/11\/336060_Product.png","contentUrl":"https:\/\/moto-screenies.de\/wp-content\/uploads\/2025\/11\/336060_Product.png","width":1500,"height":1500,"caption":"1 MAIN (ANTI GLARE).png"},{"@type":"BreadcrumbList","@id":"https:\/\/moto-screenies.de\/it\/produkt\/honda-nc750x-2021-displayschutz-folie-moto-screenies-tachoschutzfolie-schutzglas-folie-displayfolie-made-in-germany\/#breadcrumb","itemListElement":[{"@type":"ListItem","position":1,"name":"Startseite","item":"https:\/\/moto-screenies.de\/it\/"},{"@type":"ListItem","position":2,"name":"Negozio","item":"https:\/\/it.moto-screenies.de\/negozio\/"},{"@type":"ListItem","position":3,"name":"Honda nc750x (2021) Displayschutz-Folie Moto Screenies Tachoschutzfolie Schutzglas-Folie Displayfolie Made in Germany"}]},{"@type":"WebSite","@id":"https:\/\/moto-screenies.de\/it\/#website","url":"https:\/\/moto-screenies.de\/it\/","name":"Moto Screenies","description":"Die Displayschutzfolie f\u00fcr dein Motorrad","publisher":{"@id":"https:\/\/moto-screenies.de\/it\/#organization"},"alternateName":"MS","potentialAction":[{"@type":"SearchAction","target":{"@type":"EntryPoint","urlTemplate":"https:\/\/moto-screenies.de\/it\/?s={search_term_string}"},"query-input":{"@type":"PropertyValueSpecification","valueRequired":true,"valueName":"search_term_string"}}],"inLanguage":"it-IT"},{"@type":"Organization","@id":"https:\/\/moto-screenies.de\/it\/#organization","name":"Moto Screenies","url":"https:\/\/moto-screenies.de\/it\/","logo":{"@type":"ImageObject","inLanguage":"it-IT","@id":"https:\/\/moto-screenies.de\/it\/#\/schema\/logo\/image\/","url":"","contentUrl":"","caption":"Moto Screenies"},"image":{"@id":"https:\/\/moto-screenies.de\/it\/#\/schema\/logo\/image\/"}}]}},"_links":{"self":[{"href":"https:\/\/moto-screenies.de\/it\/wp-json\/wp\/v2\/product\/188496","targetHints":{"allow":["GET"]}}],"collection":[{"href":"https:\/\/moto-screenies.de\/it\/wp-json\/wp\/v2\/product"}],"about":[{"href":"https:\/\/moto-screenies.de\/it\/wp-json\/wp\/v2\/types\/product"}],"replies":[{"embeddable":true,"href":"https:\/\/moto-screenies.de\/it\/wp-json\/wp\/v2\/comments?post=188496"}],"wp:featuredmedia":[{"embeddable":true,"href":"https:\/\/moto-screenies.de\/it\/wp-json\/wp\/v2\/media\/218980"}],"wp:attachment":[{"href":"https:\/\/moto-screenies.de\/it\/wp-json\/wp\/v2\/media?parent=188496"}],"wp:term":[{"taxonomy":"product_brand","embeddable":true,"href":"https:\/\/moto-screenies.de\/it\/wp-json\/wp\/v2\/product_brand?post=188496"},{"taxonomy":"product_cat","embeddable":true,"href":"https:\/\/moto-screenies.de\/it\/wp-json\/wp\/v2\/product_cat?post=188496"},{"taxonomy":"product_tag","embeddable":true,"href":"https:\/\/moto-screenies.de\/it\/wp-json\/wp\/v2\/product_tag?post=188496"}],"curies":[{"name":"wp","href":"https:\/\/api.w.org\/{rel}","templated":true}]}}