{"id":188498,"date":"2021-06-24T19:30:46","date_gmt":"2021-06-24T17:30:46","guid":{"rendered":"https:\/\/moto-screenies.de\/produkt\/lackschutz-tankschutzfolie-fuer-ducati-multistrada-v4-2021-kratzschutz-steinschlagschutz-motorradfolie\/"},"modified":"2026-01-26T15:28:49","modified_gmt":"2026-01-26T14:28:49","slug":"lackschutz-tankschutzfolie-fuer-ducati-multistrada-v4-2021-kratzschutz-steinschlagschutz-motorradfolie","status":"publish","type":"product","link":"https:\/\/moto-screenies.de\/it\/produkt\/lackschutz-tankschutzfolie-fuer-ducati-multistrada-v4-2021-kratzschutz-steinschlagschutz-motorradfolie\/","title":{"rendered":"Lackschutz &amp; Tankschutzfolie f\u00fcr Ducati Multistrada V4 2021+ Kratzschutz, Steinschlagschutz, Motorradfolie"},"content":{"rendered":"<p>Passend f\u00fcr: Lackschutz &#038; Tankschutzfolie f\u00fcr Ducati Multistrada V4 2021+ Kratzschutz, Steinschlagschutz, Motorradfolie. Sch\u00fctzen Sie Ihre Ducati Multistrada V4 2021+ mit unserer hochwertigen Schutzfolie vor Kratzern und Steinschl\u00e4gen. Diese speziell entwickelte Folie bewahrt den Lack und den Tank Ihres Motorrads in makellosem Zustand und sorgt f\u00fcr eine langanhaltende Werterhaltung. Die einfache Anwendung und perfekte Passform machen die Installation unkompliziert und effizient. Investieren Sie in den optimalen Schutz f\u00fcr Ihr Motorrad und genie\u00dfen Sie sorgenfreies Fahren.<\/p>\n","protected":false},"excerpt":{"rendered":"<p>Passend f\u00fcr: Lackschutz &#038; Tankschutzfolie f\u00fcr Ducati Multistrada V4 2021+ Kratzschutz, Steinschlagschutz, Motorradfolie. Sch\u00fctzen Sie Ihre Ducati Multistrada V4 2021+ mit unserer hochwertigen Schutzfolie vor Kratzern und Steinschl\u00e4gen. Diese speziell entwickelte Folie bewahrt den Lack und den Tank Ihres Motorrads in makellosem Zustand und sorgt f\u00fcr eine langanhaltende Werterhaltung. Die einfache Anwendung und perfekte Passform [&hellip;]<\/p>\n","protected":false},"featured_media":221113,"comment_status":"open","ping_status":"closed","template":"","meta":{"_et_pb_use_builder":"","_et_pb_old_content":"","_et_gb_content_width":"","_uf_show_specific_survey":0,"_uf_disable_surveys":false},"product_brand":[],"product_cat":[420],"product_tag":[189],"class_list":{"0":"post-188498","1":"product","2":"type-product","3":"status-publish","4":"has-post-thumbnail","6":"product_cat-ducati-schutzfolie-fuer-dein-motorrad","7":"product_tag-lackschutzfolie","8":"product_shipping_class-standard","10":"first","11":"instock","12":"taxable","13":"shipping-taxable","14":"purchasable","15":"product-type-variable"},"yoast_head":"<!-- This site is optimized with the Yoast SEO plugin v27.2 - https:\/\/yoast.com\/product\/yoast-seo-wordpress\/ -->\n<title>Lackschutz &amp; Tankschutzfolie f\u00fcr Ducati Multistrada V4 2021+ Kratzschutz, Steinschlagschutz, Motorradfolie<\/title>\n<meta name=\"description\" content=\"Entdecken Sie hochwertigen Lack- und Tankschutz f\u00fcr Ihre Ducati Multistrada V4 2021+: Kratz- und Steinschlagschutz mit spezieller Motorradfolie. Optimaler Schutz und Werterhalt.\" \/>\n<meta name=\"robots\" content=\"index, follow, max-snippet:-1, max-image-preview:large, max-video-preview:-1\" \/>\n<link rel=\"canonical\" href=\"https:\/\/moto-screenies.de\/it\/produkt\/lackschutz-tankschutzfolie-fuer-ducati-multistrada-v4-2021-kratzschutz-steinschlagschutz-motorradfolie\/\" \/>\n<meta property=\"og:locale\" content=\"it_IT\" \/>\n<meta property=\"og:type\" content=\"article\" \/>\n<meta property=\"og:title\" content=\"Lackschutz &amp; Tankschutzfolie f\u00fcr Ducati Multistrada V4 2021+ Kratzschutz, Steinschlagschutz, Motorradfolie\" \/>\n<meta property=\"og:description\" content=\"Entdecken Sie hochwertigen Lack- und Tankschutz f\u00fcr Ihre Ducati Multistrada V4 2021+: Kratz- und Steinschlagschutz mit spezieller Motorradfolie. Optimaler Schutz und Werterhalt.\" \/>\n<meta property=\"og:url\" content=\"https:\/\/moto-screenies.de\/it\/produkt\/lackschutz-tankschutzfolie-fuer-ducati-multistrada-v4-2021-kratzschutz-steinschlagschutz-motorradfolie\/\" \/>\n<meta property=\"og:site_name\" content=\"Moto Screenies\" \/>\n<meta property=\"article:modified_time\" content=\"2026-01-26T14:28:49+00:00\" \/>\n<meta name=\"twitter:card\" content=\"summary_large_image\" \/>\n<script type=\"application\/ld+json\" class=\"yoast-schema-graph\">{\"@context\":\"https:\/\/schema.org\",\"@graph\":[{\"@type\":\"WebPage\",\"@id\":\"https:\/\/moto-screenies.de\/it\/produkt\/lackschutz-tankschutzfolie-fuer-ducati-multistrada-v4-2021-kratzschutz-steinschlagschutz-motorradfolie\/\",\"url\":\"https:\/\/moto-screenies.de\/it\/produkt\/lackschutz-tankschutzfolie-fuer-ducati-multistrada-v4-2021-kratzschutz-steinschlagschutz-motorradfolie\/\",\"name\":\"Lackschutz &amp; Tankschutzfolie f\u00fcr Ducati Multistrada V4 2021+ Kratzschutz, Steinschlagschutz, Motorradfolie\",\"isPartOf\":{\"@id\":\"https:\/\/moto-screenies.de\/it\/#website\"},\"primaryImageOfPage\":{\"@id\":\"https:\/\/moto-screenies.de\/it\/produkt\/lackschutz-tankschutzfolie-fuer-ducati-multistrada-v4-2021-kratzschutz-steinschlagschutz-motorradfolie\/#primaryimage\"},\"image\":{\"@id\":\"https:\/\/moto-screenies.de\/it\/produkt\/lackschutz-tankschutzfolie-fuer-ducati-multistrada-v4-2021-kratzschutz-steinschlagschutz-motorradfolie\/#primaryimage\"},\"thumbnailUrl\":\"https:\/\/moto-screenies.de\/wp-content\/uploads\/2025\/11\/353292_Product.png\",\"datePublished\":\"2021-06-24T17:30:46+00:00\",\"dateModified\":\"2026-01-26T14:28:49+00:00\",\"description\":\"Entdecken Sie hochwertigen Lack- und Tankschutz f\u00fcr Ihre Ducati Multistrada V4 2021+: Kratz- und Steinschlagschutz mit spezieller Motorradfolie. Optimaler Schutz und Werterhalt.\",\"breadcrumb\":{\"@id\":\"https:\/\/moto-screenies.de\/it\/produkt\/lackschutz-tankschutzfolie-fuer-ducati-multistrada-v4-2021-kratzschutz-steinschlagschutz-motorradfolie\/#breadcrumb\"},\"inLanguage\":\"it-IT\",\"potentialAction\":[{\"@type\":\"ReadAction\",\"target\":[\"https:\/\/moto-screenies.de\/it\/produkt\/lackschutz-tankschutzfolie-fuer-ducati-multistrada-v4-2021-kratzschutz-steinschlagschutz-motorradfolie\/\"]}]},{\"@type\":\"ImageObject\",\"inLanguage\":\"it-IT\",\"@id\":\"https:\/\/moto-screenies.de\/it\/produkt\/lackschutz-tankschutzfolie-fuer-ducati-multistrada-v4-2021-kratzschutz-steinschlagschutz-motorradfolie\/#primaryimage\",\"url\":\"https:\/\/moto-screenies.de\/wp-content\/uploads\/2025\/11\/353292_Product.png\",\"contentUrl\":\"https:\/\/moto-screenies.de\/wp-content\/uploads\/2025\/11\/353292_Product.png\",\"width\":1500,\"height\":1500,\"caption\":\"Unbenannt-1.png\"},{\"@type\":\"BreadcrumbList\",\"@id\":\"https:\/\/moto-screenies.de\/it\/produkt\/lackschutz-tankschutzfolie-fuer-ducati-multistrada-v4-2021-kratzschutz-steinschlagschutz-motorradfolie\/#breadcrumb\",\"itemListElement\":[{\"@type\":\"ListItem\",\"position\":1,\"name\":\"Startseite\",\"item\":\"https:\/\/moto-screenies.de\/it\/\"},{\"@type\":\"ListItem\",\"position\":2,\"name\":\"Negozio\",\"item\":\"https:\/\/it.moto-screenies.de\/negozio\/\"},{\"@type\":\"ListItem\",\"position\":3,\"name\":\"Lackschutz &amp; Tankschutzfolie f\u00fcr Ducati Multistrada V4 2021+ Kratzschutz, Steinschlagschutz, Motorradfolie\"}]},{\"@type\":\"WebSite\",\"@id\":\"https:\/\/moto-screenies.de\/it\/#website\",\"url\":\"https:\/\/moto-screenies.de\/it\/\",\"name\":\"Moto Screenies\",\"description\":\"Die Displayschutzfolie f\u00fcr dein Motorrad\",\"publisher\":{\"@id\":\"https:\/\/moto-screenies.de\/it\/#organization\"},\"alternateName\":\"MS\",\"potentialAction\":[{\"@type\":\"SearchAction\",\"target\":{\"@type\":\"EntryPoint\",\"urlTemplate\":\"https:\/\/moto-screenies.de\/it\/?s={search_term_string}\"},\"query-input\":{\"@type\":\"PropertyValueSpecification\",\"valueRequired\":true,\"valueName\":\"search_term_string\"}}],\"inLanguage\":\"it-IT\"},{\"@type\":\"Organization\",\"@id\":\"https:\/\/moto-screenies.de\/it\/#organization\",\"name\":\"Moto Screenies\",\"url\":\"https:\/\/moto-screenies.de\/it\/\",\"logo\":{\"@type\":\"ImageObject\",\"inLanguage\":\"it-IT\",\"@id\":\"https:\/\/moto-screenies.de\/it\/#\/schema\/logo\/image\/\",\"url\":\"\",\"contentUrl\":\"\",\"caption\":\"Moto Screenies\"},\"image\":{\"@id\":\"https:\/\/moto-screenies.de\/it\/#\/schema\/logo\/image\/\"}}]}<\/script>\n<!-- \/ Yoast SEO plugin. -->","yoast_head_json":{"title":"Lackschutz &amp; Tankschutzfolie f\u00fcr Ducati Multistrada V4 2021+ Kratzschutz, Steinschlagschutz, Motorradfolie","description":"Entdecken Sie hochwertigen Lack- und Tankschutz f\u00fcr Ihre Ducati Multistrada V4 2021+: Kratz- und Steinschlagschutz mit spezieller Motorradfolie. Optimaler Schutz und Werterhalt.","robots":{"index":"index","follow":"follow","max-snippet":"max-snippet:-1","max-image-preview":"max-image-preview:large","max-video-preview":"max-video-preview:-1"},"canonical":"https:\/\/moto-screenies.de\/it\/produkt\/lackschutz-tankschutzfolie-fuer-ducati-multistrada-v4-2021-kratzschutz-steinschlagschutz-motorradfolie\/","og_locale":"it_IT","og_type":"article","og_title":"Lackschutz &amp; Tankschutzfolie f\u00fcr Ducati Multistrada V4 2021+ Kratzschutz, Steinschlagschutz, Motorradfolie","og_description":"Entdecken Sie hochwertigen Lack- und Tankschutz f\u00fcr Ihre Ducati Multistrada V4 2021+: Kratz- und Steinschlagschutz mit spezieller Motorradfolie. Optimaler Schutz und Werterhalt.","og_url":"https:\/\/moto-screenies.de\/it\/produkt\/lackschutz-tankschutzfolie-fuer-ducati-multistrada-v4-2021-kratzschutz-steinschlagschutz-motorradfolie\/","og_site_name":"Moto Screenies","article_modified_time":"2026-01-26T14:28:49+00:00","twitter_card":"summary_large_image","schema":{"@context":"https:\/\/schema.org","@graph":[{"@type":"WebPage","@id":"https:\/\/moto-screenies.de\/it\/produkt\/lackschutz-tankschutzfolie-fuer-ducati-multistrada-v4-2021-kratzschutz-steinschlagschutz-motorradfolie\/","url":"https:\/\/moto-screenies.de\/it\/produkt\/lackschutz-tankschutzfolie-fuer-ducati-multistrada-v4-2021-kratzschutz-steinschlagschutz-motorradfolie\/","name":"Lackschutz &amp; Tankschutzfolie f\u00fcr Ducati Multistrada V4 2021+ Kratzschutz, Steinschlagschutz, Motorradfolie","isPartOf":{"@id":"https:\/\/moto-screenies.de\/it\/#website"},"primaryImageOfPage":{"@id":"https:\/\/moto-screenies.de\/it\/produkt\/lackschutz-tankschutzfolie-fuer-ducati-multistrada-v4-2021-kratzschutz-steinschlagschutz-motorradfolie\/#primaryimage"},"image":{"@id":"https:\/\/moto-screenies.de\/it\/produkt\/lackschutz-tankschutzfolie-fuer-ducati-multistrada-v4-2021-kratzschutz-steinschlagschutz-motorradfolie\/#primaryimage"},"thumbnailUrl":"https:\/\/moto-screenies.de\/wp-content\/uploads\/2025\/11\/353292_Product.png","datePublished":"2021-06-24T17:30:46+00:00","dateModified":"2026-01-26T14:28:49+00:00","description":"Entdecken Sie hochwertigen Lack- und Tankschutz f\u00fcr Ihre Ducati Multistrada V4 2021+: Kratz- und Steinschlagschutz mit spezieller Motorradfolie. Optimaler Schutz und Werterhalt.","breadcrumb":{"@id":"https:\/\/moto-screenies.de\/it\/produkt\/lackschutz-tankschutzfolie-fuer-ducati-multistrada-v4-2021-kratzschutz-steinschlagschutz-motorradfolie\/#breadcrumb"},"inLanguage":"it-IT","potentialAction":[{"@type":"ReadAction","target":["https:\/\/moto-screenies.de\/it\/produkt\/lackschutz-tankschutzfolie-fuer-ducati-multistrada-v4-2021-kratzschutz-steinschlagschutz-motorradfolie\/"]}]},{"@type":"ImageObject","inLanguage":"it-IT","@id":"https:\/\/moto-screenies.de\/it\/produkt\/lackschutz-tankschutzfolie-fuer-ducati-multistrada-v4-2021-kratzschutz-steinschlagschutz-motorradfolie\/#primaryimage","url":"https:\/\/moto-screenies.de\/wp-content\/uploads\/2025\/11\/353292_Product.png","contentUrl":"https:\/\/moto-screenies.de\/wp-content\/uploads\/2025\/11\/353292_Product.png","width":1500,"height":1500,"caption":"Unbenannt-1.png"},{"@type":"BreadcrumbList","@id":"https:\/\/moto-screenies.de\/it\/produkt\/lackschutz-tankschutzfolie-fuer-ducati-multistrada-v4-2021-kratzschutz-steinschlagschutz-motorradfolie\/#breadcrumb","itemListElement":[{"@type":"ListItem","position":1,"name":"Startseite","item":"https:\/\/moto-screenies.de\/it\/"},{"@type":"ListItem","position":2,"name":"Negozio","item":"https:\/\/it.moto-screenies.de\/negozio\/"},{"@type":"ListItem","position":3,"name":"Lackschutz &amp; Tankschutzfolie f\u00fcr Ducati Multistrada V4 2021+ Kratzschutz, Steinschlagschutz, Motorradfolie"}]},{"@type":"WebSite","@id":"https:\/\/moto-screenies.de\/it\/#website","url":"https:\/\/moto-screenies.de\/it\/","name":"Moto Screenies","description":"Die Displayschutzfolie f\u00fcr dein Motorrad","publisher":{"@id":"https:\/\/moto-screenies.de\/it\/#organization"},"alternateName":"MS","potentialAction":[{"@type":"SearchAction","target":{"@type":"EntryPoint","urlTemplate":"https:\/\/moto-screenies.de\/it\/?s={search_term_string}"},"query-input":{"@type":"PropertyValueSpecification","valueRequired":true,"valueName":"search_term_string"}}],"inLanguage":"it-IT"},{"@type":"Organization","@id":"https:\/\/moto-screenies.de\/it\/#organization","name":"Moto Screenies","url":"https:\/\/moto-screenies.de\/it\/","logo":{"@type":"ImageObject","inLanguage":"it-IT","@id":"https:\/\/moto-screenies.de\/it\/#\/schema\/logo\/image\/","url":"","contentUrl":"","caption":"Moto Screenies"},"image":{"@id":"https:\/\/moto-screenies.de\/it\/#\/schema\/logo\/image\/"}}]}},"_links":{"self":[{"href":"https:\/\/moto-screenies.de\/it\/wp-json\/wp\/v2\/product\/188498","targetHints":{"allow":["GET"]}}],"collection":[{"href":"https:\/\/moto-screenies.de\/it\/wp-json\/wp\/v2\/product"}],"about":[{"href":"https:\/\/moto-screenies.de\/it\/wp-json\/wp\/v2\/types\/product"}],"replies":[{"embeddable":true,"href":"https:\/\/moto-screenies.de\/it\/wp-json\/wp\/v2\/comments?post=188498"}],"wp:featuredmedia":[{"embeddable":true,"href":"https:\/\/moto-screenies.de\/it\/wp-json\/wp\/v2\/media\/221113"}],"wp:attachment":[{"href":"https:\/\/moto-screenies.de\/it\/wp-json\/wp\/v2\/media?parent=188498"}],"wp:term":[{"taxonomy":"product_brand","embeddable":true,"href":"https:\/\/moto-screenies.de\/it\/wp-json\/wp\/v2\/product_brand?post=188498"},{"taxonomy":"product_cat","embeddable":true,"href":"https:\/\/moto-screenies.de\/it\/wp-json\/wp\/v2\/product_cat?post=188498"},{"taxonomy":"product_tag","embeddable":true,"href":"https:\/\/moto-screenies.de\/it\/wp-json\/wp\/v2\/product_tag?post=188498"}],"curies":[{"name":"wp","href":"https:\/\/api.w.org\/{rel}","templated":true}]}}