{"id":188511,"date":"2021-07-07T18:46:30","date_gmt":"2021-07-07T16:46:30","guid":{"rendered":"https:\/\/moto-screenies.de\/produkt\/yamaha-n-max155-nmax155-nmax-155-n-max-155-2020-displayschutz-folie-moto-screenies-tachoschutzfolie-schutzglas-folie-displayfolie-made-in-germany\/"},"modified":"2026-01-26T15:34:14","modified_gmt":"2026-01-26T14:34:14","slug":"yamaha-n-max155-nmax155-nmax-155-n-max-155-2020-displayschutz-folie-moto-screenies-tachoschutzfolie-schutzglas-folie-displayfolie-made-in-germany","status":"publish","type":"product","link":"https:\/\/moto-screenies.de\/it\/produkt\/yamaha-n-max155-nmax155-nmax-155-n-max-155-2020-displayschutz-folie-moto-screenies-tachoschutzfolie-schutzglas-folie-displayfolie-made-in-germany\/","title":{"rendered":"YAMAHA N-MAX155 NMAX155 NMAX 155 N-MAX 155 2020 Displayschutz-Folie  Moto Screenies Tachoschutzfolie Schutzglas-Folie Displayfolie Made in Germany"},"content":{"rendered":"<p>Entdecken Sie die perfekte L\u00f6sung zum Schutz Ihres Tachos: Die Tachoschutzfolie Displayschutzfolie f\u00fcr YAMAHA N-MAX155 NMAX155 NMAX 155 N-MAX 155 2020. Diese hochwertige Schutzfolie bewahrt das Display Ihres Fahrzeugs vor Kratzern, Staub und Abnutzung, ohne die Sichtbarkeit oder Bedienbarkeit zu beeintr\u00e4chtigen. Einfache Installation und passgenauer Zuschnitt garantieren eine nahtlose Anpassung an Ihr Modell. Investieren Sie in den Werterhalt Ihres Fahrzeugs und genie\u00dfen Sie eine klare Sicht auf Ihr Tachometer. Passend f\u00fcr: Tachoschutzfolie Displayschutzfolie YAMAHA N-MAX155 NMAX155 NMAX 155 N-MAX 155 2020.<\/p>\n","protected":false},"excerpt":{"rendered":"<p>Entdecken Sie die perfekte L\u00f6sung zum Schutz Ihres Tachos: Die Tachoschutzfolie Displayschutzfolie f\u00fcr YAMAHA N-MAX155 NMAX155 NMAX 155 N-MAX 155 2020. Diese hochwertige Schutzfolie bewahrt das Display Ihres Fahrzeugs vor Kratzern, Staub und Abnutzung, ohne die Sichtbarkeit oder Bedienbarkeit zu beeintr\u00e4chtigen. Einfache Installation und passgenauer Zuschnitt garantieren eine nahtlose Anpassung an Ihr Modell. Investieren Sie [&hellip;]<\/p>\n","protected":false},"featured_media":198025,"comment_status":"open","ping_status":"closed","template":"","meta":{"_et_pb_use_builder":"","_et_pb_old_content":"","_et_gb_content_width":"","_uf_show_specific_survey":0,"_uf_disable_surveys":false},"product_brand":[],"product_cat":[429],"product_tag":[117],"class_list":{"0":"post-188511","1":"product","2":"type-product","3":"status-publish","4":"has-post-thumbnail","6":"product_cat-yamaha-schutzfolie-fuer-dein-motorrad","7":"product_tag-tachoschutzfolie","8":"product_shipping_class-standard","10":"first","11":"instock","12":"taxable","13":"shipping-taxable","14":"purchasable","15":"product-type-variable"},"yoast_head":"<!-- This site is optimized with the Yoast SEO plugin v27.2 - https:\/\/yoast.com\/product\/yoast-seo-wordpress\/ -->\n<title>YAMAHA N-MAX155 NMAX155 NMAX 155 N-MAX 155 2020 Displayschutz-Folie Moto Screenies Tachoschutzfolie Schutzglas-Folie Displayfolie Made in Germany<\/title>\n<meta name=\"description\" content=\"Entdecken Sie die perfekte Tachoschutzfolie f\u00fcr Ihre YAMAHA N-MAX 155 2020. Sch\u00fctzen Sie Ihr Display vor Kratzern und Abnutzung mit unserer hochwertigen Displayschutzfolie. Ideal f\u00fcr eine klare Sicht und langanhaltenden Schutz.\" \/>\n<meta name=\"robots\" content=\"index, follow, max-snippet:-1, max-image-preview:large, max-video-preview:-1\" \/>\n<link rel=\"canonical\" href=\"https:\/\/moto-screenies.de\/it\/produkt\/yamaha-n-max155-nmax155-nmax-155-n-max-155-2020-displayschutz-folie-moto-screenies-tachoschutzfolie-schutzglas-folie-displayfolie-made-in-germany\/\" \/>\n<meta property=\"og:locale\" content=\"it_IT\" \/>\n<meta property=\"og:type\" content=\"article\" \/>\n<meta property=\"og:title\" content=\"YAMAHA N-MAX155 NMAX155 NMAX 155 N-MAX 155 2020 Displayschutz-Folie Moto Screenies Tachoschutzfolie Schutzglas-Folie Displayfolie Made in Germany\" \/>\n<meta property=\"og:description\" content=\"Entdecken Sie die perfekte Tachoschutzfolie f\u00fcr Ihre YAMAHA N-MAX 155 2020. Sch\u00fctzen Sie Ihr Display vor Kratzern und Abnutzung mit unserer hochwertigen Displayschutzfolie. Ideal f\u00fcr eine klare Sicht und langanhaltenden Schutz.\" \/>\n<meta property=\"og:url\" content=\"https:\/\/moto-screenies.de\/it\/produkt\/yamaha-n-max155-nmax155-nmax-155-n-max-155-2020-displayschutz-folie-moto-screenies-tachoschutzfolie-schutzglas-folie-displayfolie-made-in-germany\/\" \/>\n<meta property=\"og:site_name\" content=\"Moto Screenies\" \/>\n<meta property=\"article:modified_time\" content=\"2026-01-26T14:34:14+00:00\" \/>\n<meta property=\"og:image\" content=\"https:\/\/moto-screenies.de\/wp-content\/uploads\/2025\/11\/329368_Product.png\" \/>\n\t<meta property=\"og:image:width\" content=\"1500\" \/>\n\t<meta property=\"og:image:height\" content=\"1500\" \/>\n\t<meta property=\"og:image:type\" content=\"image\/png\" \/>\n<meta name=\"twitter:card\" content=\"summary_large_image\" \/>\n<script type=\"application\/ld+json\" class=\"yoast-schema-graph\">{\"@context\":\"https:\/\/schema.org\",\"@graph\":[{\"@type\":\"WebPage\",\"@id\":\"https:\/\/moto-screenies.de\/it\/produkt\/yamaha-n-max155-nmax155-nmax-155-n-max-155-2020-displayschutz-folie-moto-screenies-tachoschutzfolie-schutzglas-folie-displayfolie-made-in-germany\/\",\"url\":\"https:\/\/moto-screenies.de\/it\/produkt\/yamaha-n-max155-nmax155-nmax-155-n-max-155-2020-displayschutz-folie-moto-screenies-tachoschutzfolie-schutzglas-folie-displayfolie-made-in-germany\/\",\"name\":\"YAMAHA N-MAX155 NMAX155 NMAX 155 N-MAX 155 2020 Displayschutz-Folie Moto Screenies Tachoschutzfolie Schutzglas-Folie Displayfolie Made in Germany\",\"isPartOf\":{\"@id\":\"https:\/\/moto-screenies.de\/it\/#website\"},\"primaryImageOfPage\":{\"@id\":\"https:\/\/moto-screenies.de\/it\/produkt\/yamaha-n-max155-nmax155-nmax-155-n-max-155-2020-displayschutz-folie-moto-screenies-tachoschutzfolie-schutzglas-folie-displayfolie-made-in-germany\/#primaryimage\"},\"image\":{\"@id\":\"https:\/\/moto-screenies.de\/it\/produkt\/yamaha-n-max155-nmax155-nmax-155-n-max-155-2020-displayschutz-folie-moto-screenies-tachoschutzfolie-schutzglas-folie-displayfolie-made-in-germany\/#primaryimage\"},\"thumbnailUrl\":\"https:\/\/moto-screenies.de\/wp-content\/uploads\/2025\/11\/329368_Product.png\",\"datePublished\":\"2021-07-07T16:46:30+00:00\",\"dateModified\":\"2026-01-26T14:34:14+00:00\",\"description\":\"Entdecken Sie die perfekte Tachoschutzfolie f\u00fcr Ihre YAMAHA N-MAX 155 2020. Sch\u00fctzen Sie Ihr Display vor Kratzern und Abnutzung mit unserer hochwertigen Displayschutzfolie. Ideal f\u00fcr eine klare Sicht und langanhaltenden Schutz.\",\"breadcrumb\":{\"@id\":\"https:\/\/moto-screenies.de\/it\/produkt\/yamaha-n-max155-nmax155-nmax-155-n-max-155-2020-displayschutz-folie-moto-screenies-tachoschutzfolie-schutzglas-folie-displayfolie-made-in-germany\/#breadcrumb\"},\"inLanguage\":\"it-IT\",\"potentialAction\":[{\"@type\":\"ReadAction\",\"target\":[\"https:\/\/moto-screenies.de\/it\/produkt\/yamaha-n-max155-nmax155-nmax-155-n-max-155-2020-displayschutz-folie-moto-screenies-tachoschutzfolie-schutzglas-folie-displayfolie-made-in-germany\/\"]}]},{\"@type\":\"ImageObject\",\"inLanguage\":\"it-IT\",\"@id\":\"https:\/\/moto-screenies.de\/it\/produkt\/yamaha-n-max155-nmax155-nmax-155-n-max-155-2020-displayschutz-folie-moto-screenies-tachoschutzfolie-schutzglas-folie-displayfolie-made-in-germany\/#primaryimage\",\"url\":\"https:\/\/moto-screenies.de\/wp-content\/uploads\/2025\/11\/329368_Product.png\",\"contentUrl\":\"https:\/\/moto-screenies.de\/wp-content\/uploads\/2025\/11\/329368_Product.png\",\"width\":1500,\"height\":1500,\"caption\":\"main\"},{\"@type\":\"BreadcrumbList\",\"@id\":\"https:\/\/moto-screenies.de\/it\/produkt\/yamaha-n-max155-nmax155-nmax-155-n-max-155-2020-displayschutz-folie-moto-screenies-tachoschutzfolie-schutzglas-folie-displayfolie-made-in-germany\/#breadcrumb\",\"itemListElement\":[{\"@type\":\"ListItem\",\"position\":1,\"name\":\"Startseite\",\"item\":\"https:\/\/moto-screenies.de\/it\/\"},{\"@type\":\"ListItem\",\"position\":2,\"name\":\"Negozio\",\"item\":\"https:\/\/it.moto-screenies.de\/negozio\/\"},{\"@type\":\"ListItem\",\"position\":3,\"name\":\"YAMAHA N-MAX155 NMAX155 NMAX 155 N-MAX 155 2020 Displayschutz-Folie Moto Screenies Tachoschutzfolie Schutzglas-Folie Displayfolie Made in Germany\"}]},{\"@type\":\"WebSite\",\"@id\":\"https:\/\/moto-screenies.de\/it\/#website\",\"url\":\"https:\/\/moto-screenies.de\/it\/\",\"name\":\"Moto Screenies\",\"description\":\"Die Displayschutzfolie f\u00fcr dein Motorrad\",\"publisher\":{\"@id\":\"https:\/\/moto-screenies.de\/it\/#organization\"},\"alternateName\":\"MS\",\"potentialAction\":[{\"@type\":\"SearchAction\",\"target\":{\"@type\":\"EntryPoint\",\"urlTemplate\":\"https:\/\/moto-screenies.de\/it\/?s={search_term_string}\"},\"query-input\":{\"@type\":\"PropertyValueSpecification\",\"valueRequired\":true,\"valueName\":\"search_term_string\"}}],\"inLanguage\":\"it-IT\"},{\"@type\":\"Organization\",\"@id\":\"https:\/\/moto-screenies.de\/it\/#organization\",\"name\":\"Moto Screenies\",\"url\":\"https:\/\/moto-screenies.de\/it\/\",\"logo\":{\"@type\":\"ImageObject\",\"inLanguage\":\"it-IT\",\"@id\":\"https:\/\/moto-screenies.de\/it\/#\/schema\/logo\/image\/\",\"url\":\"\",\"contentUrl\":\"\",\"caption\":\"Moto Screenies\"},\"image\":{\"@id\":\"https:\/\/moto-screenies.de\/it\/#\/schema\/logo\/image\/\"}}]}<\/script>\n<!-- \/ Yoast SEO plugin. -->","yoast_head_json":{"title":"YAMAHA N-MAX155 NMAX155 NMAX 155 N-MAX 155 2020 Displayschutz-Folie Moto Screenies Tachoschutzfolie Schutzglas-Folie Displayfolie Made in Germany","description":"Entdecken Sie die perfekte Tachoschutzfolie f\u00fcr Ihre YAMAHA N-MAX 155 2020. Sch\u00fctzen Sie Ihr Display vor Kratzern und Abnutzung mit unserer hochwertigen Displayschutzfolie. Ideal f\u00fcr eine klare Sicht und langanhaltenden Schutz.","robots":{"index":"index","follow":"follow","max-snippet":"max-snippet:-1","max-image-preview":"max-image-preview:large","max-video-preview":"max-video-preview:-1"},"canonical":"https:\/\/moto-screenies.de\/it\/produkt\/yamaha-n-max155-nmax155-nmax-155-n-max-155-2020-displayschutz-folie-moto-screenies-tachoschutzfolie-schutzglas-folie-displayfolie-made-in-germany\/","og_locale":"it_IT","og_type":"article","og_title":"YAMAHA N-MAX155 NMAX155 NMAX 155 N-MAX 155 2020 Displayschutz-Folie Moto Screenies Tachoschutzfolie Schutzglas-Folie Displayfolie Made in Germany","og_description":"Entdecken Sie die perfekte Tachoschutzfolie f\u00fcr Ihre YAMAHA N-MAX 155 2020. Sch\u00fctzen Sie Ihr Display vor Kratzern und Abnutzung mit unserer hochwertigen Displayschutzfolie. Ideal f\u00fcr eine klare Sicht und langanhaltenden Schutz.","og_url":"https:\/\/moto-screenies.de\/it\/produkt\/yamaha-n-max155-nmax155-nmax-155-n-max-155-2020-displayschutz-folie-moto-screenies-tachoschutzfolie-schutzglas-folie-displayfolie-made-in-germany\/","og_site_name":"Moto Screenies","article_modified_time":"2026-01-26T14:34:14+00:00","og_image":[{"width":1500,"height":1500,"url":"https:\/\/moto-screenies.de\/wp-content\/uploads\/2025\/11\/329368_Product.png","type":"image\/png"}],"twitter_card":"summary_large_image","schema":{"@context":"https:\/\/schema.org","@graph":[{"@type":"WebPage","@id":"https:\/\/moto-screenies.de\/it\/produkt\/yamaha-n-max155-nmax155-nmax-155-n-max-155-2020-displayschutz-folie-moto-screenies-tachoschutzfolie-schutzglas-folie-displayfolie-made-in-germany\/","url":"https:\/\/moto-screenies.de\/it\/produkt\/yamaha-n-max155-nmax155-nmax-155-n-max-155-2020-displayschutz-folie-moto-screenies-tachoschutzfolie-schutzglas-folie-displayfolie-made-in-germany\/","name":"YAMAHA N-MAX155 NMAX155 NMAX 155 N-MAX 155 2020 Displayschutz-Folie Moto Screenies Tachoschutzfolie Schutzglas-Folie Displayfolie Made in Germany","isPartOf":{"@id":"https:\/\/moto-screenies.de\/it\/#website"},"primaryImageOfPage":{"@id":"https:\/\/moto-screenies.de\/it\/produkt\/yamaha-n-max155-nmax155-nmax-155-n-max-155-2020-displayschutz-folie-moto-screenies-tachoschutzfolie-schutzglas-folie-displayfolie-made-in-germany\/#primaryimage"},"image":{"@id":"https:\/\/moto-screenies.de\/it\/produkt\/yamaha-n-max155-nmax155-nmax-155-n-max-155-2020-displayschutz-folie-moto-screenies-tachoschutzfolie-schutzglas-folie-displayfolie-made-in-germany\/#primaryimage"},"thumbnailUrl":"https:\/\/moto-screenies.de\/wp-content\/uploads\/2025\/11\/329368_Product.png","datePublished":"2021-07-07T16:46:30+00:00","dateModified":"2026-01-26T14:34:14+00:00","description":"Entdecken Sie die perfekte Tachoschutzfolie f\u00fcr Ihre YAMAHA N-MAX 155 2020. Sch\u00fctzen Sie Ihr Display vor Kratzern und Abnutzung mit unserer hochwertigen Displayschutzfolie. Ideal f\u00fcr eine klare Sicht und langanhaltenden Schutz.","breadcrumb":{"@id":"https:\/\/moto-screenies.de\/it\/produkt\/yamaha-n-max155-nmax155-nmax-155-n-max-155-2020-displayschutz-folie-moto-screenies-tachoschutzfolie-schutzglas-folie-displayfolie-made-in-germany\/#breadcrumb"},"inLanguage":"it-IT","potentialAction":[{"@type":"ReadAction","target":["https:\/\/moto-screenies.de\/it\/produkt\/yamaha-n-max155-nmax155-nmax-155-n-max-155-2020-displayschutz-folie-moto-screenies-tachoschutzfolie-schutzglas-folie-displayfolie-made-in-germany\/"]}]},{"@type":"ImageObject","inLanguage":"it-IT","@id":"https:\/\/moto-screenies.de\/it\/produkt\/yamaha-n-max155-nmax155-nmax-155-n-max-155-2020-displayschutz-folie-moto-screenies-tachoschutzfolie-schutzglas-folie-displayfolie-made-in-germany\/#primaryimage","url":"https:\/\/moto-screenies.de\/wp-content\/uploads\/2025\/11\/329368_Product.png","contentUrl":"https:\/\/moto-screenies.de\/wp-content\/uploads\/2025\/11\/329368_Product.png","width":1500,"height":1500,"caption":"main"},{"@type":"BreadcrumbList","@id":"https:\/\/moto-screenies.de\/it\/produkt\/yamaha-n-max155-nmax155-nmax-155-n-max-155-2020-displayschutz-folie-moto-screenies-tachoschutzfolie-schutzglas-folie-displayfolie-made-in-germany\/#breadcrumb","itemListElement":[{"@type":"ListItem","position":1,"name":"Startseite","item":"https:\/\/moto-screenies.de\/it\/"},{"@type":"ListItem","position":2,"name":"Negozio","item":"https:\/\/it.moto-screenies.de\/negozio\/"},{"@type":"ListItem","position":3,"name":"YAMAHA N-MAX155 NMAX155 NMAX 155 N-MAX 155 2020 Displayschutz-Folie Moto Screenies Tachoschutzfolie Schutzglas-Folie Displayfolie Made in Germany"}]},{"@type":"WebSite","@id":"https:\/\/moto-screenies.de\/it\/#website","url":"https:\/\/moto-screenies.de\/it\/","name":"Moto Screenies","description":"Die Displayschutzfolie f\u00fcr dein Motorrad","publisher":{"@id":"https:\/\/moto-screenies.de\/it\/#organization"},"alternateName":"MS","potentialAction":[{"@type":"SearchAction","target":{"@type":"EntryPoint","urlTemplate":"https:\/\/moto-screenies.de\/it\/?s={search_term_string}"},"query-input":{"@type":"PropertyValueSpecification","valueRequired":true,"valueName":"search_term_string"}}],"inLanguage":"it-IT"},{"@type":"Organization","@id":"https:\/\/moto-screenies.de\/it\/#organization","name":"Moto Screenies","url":"https:\/\/moto-screenies.de\/it\/","logo":{"@type":"ImageObject","inLanguage":"it-IT","@id":"https:\/\/moto-screenies.de\/it\/#\/schema\/logo\/image\/","url":"","contentUrl":"","caption":"Moto Screenies"},"image":{"@id":"https:\/\/moto-screenies.de\/it\/#\/schema\/logo\/image\/"}}]}},"_links":{"self":[{"href":"https:\/\/moto-screenies.de\/it\/wp-json\/wp\/v2\/product\/188511","targetHints":{"allow":["GET"]}}],"collection":[{"href":"https:\/\/moto-screenies.de\/it\/wp-json\/wp\/v2\/product"}],"about":[{"href":"https:\/\/moto-screenies.de\/it\/wp-json\/wp\/v2\/types\/product"}],"replies":[{"embeddable":true,"href":"https:\/\/moto-screenies.de\/it\/wp-json\/wp\/v2\/comments?post=188511"}],"wp:featuredmedia":[{"embeddable":true,"href":"https:\/\/moto-screenies.de\/it\/wp-json\/wp\/v2\/media\/198025"}],"wp:attachment":[{"href":"https:\/\/moto-screenies.de\/it\/wp-json\/wp\/v2\/media?parent=188511"}],"wp:term":[{"taxonomy":"product_brand","embeddable":true,"href":"https:\/\/moto-screenies.de\/it\/wp-json\/wp\/v2\/product_brand?post=188511"},{"taxonomy":"product_cat","embeddable":true,"href":"https:\/\/moto-screenies.de\/it\/wp-json\/wp\/v2\/product_cat?post=188511"},{"taxonomy":"product_tag","embeddable":true,"href":"https:\/\/moto-screenies.de\/it\/wp-json\/wp\/v2\/product_tag?post=188511"}],"curies":[{"name":"wp","href":"https:\/\/api.w.org\/{rel}","templated":true}]}}