{"id":188633,"date":"2024-06-13T16:02:43","date_gmt":"2024-06-13T14:02:43","guid":{"rendered":"https:\/\/moto-screenies.de\/produkt\/tachoschutzfolie-displayschutzfolie-passend-fuer-victory-hammer-s-106-2012\/"},"modified":"2026-01-26T15:46:50","modified_gmt":"2026-01-26T14:46:50","slug":"tachoschutzfolie-displayschutzfolie-passend-fuer-victory-hammer-s-106-2012","status":"publish","type":"product","link":"https:\/\/moto-screenies.de\/it\/produkt\/tachoschutzfolie-displayschutzfolie-passend-fuer-victory-hammer-s-106-2012\/","title":{"rendered":"Tachoschutzfolie Displayschutzfolie passend f\u00fcr Victory Hammer S 106 2012+"},"content":{"rendered":"<p>Passend f\u00fcr: Tachoschutzfolie Displayschutzfolie passend f\u00fcr Victory Hammer S 106 2012+. Sch\u00fctzen Sie das Display Ihrer Victory Hammer S 106 2012+ mit unserer hochwertigen Tachoschutzfolie. Diese speziell zugeschnittene Displayschutzfolie bietet optimalen Schutz vor Kratzern, Staub und Schmutz, ohne die Sicht auf Ihre Instrumente zu beeintr\u00e4chtigen. Die einfache Anbringung und die blasenfreie Haftung sorgen f\u00fcr eine klare und langlebige Schutzschicht. Investieren Sie in die Langlebigkeit und den Werterhalt Ihres Motorrads mit dieser unverzichtbaren Schutzfolie.<\/p>\n","protected":false},"excerpt":{"rendered":"<p>Passend f\u00fcr: Tachoschutzfolie Displayschutzfolie passend f\u00fcr Victory Hammer S 106 2012+. Sch\u00fctzen Sie das Display Ihrer Victory Hammer S 106 2012+ mit unserer hochwertigen Tachoschutzfolie. Diese speziell zugeschnittene Displayschutzfolie bietet optimalen Schutz vor Kratzern, Staub und Schmutz, ohne die Sicht auf Ihre Instrumente zu beeintr\u00e4chtigen. Die einfache Anbringung und die blasenfreie Haftung sorgen f\u00fcr eine [&hellip;]<\/p>\n","protected":false},"featured_media":219277,"comment_status":"open","ping_status":"closed","template":"","meta":{"_et_pb_use_builder":"","_et_pb_old_content":"","_et_gb_content_width":"","_uf_show_specific_survey":0,"_uf_disable_surveys":false},"product_brand":[],"product_cat":[432],"product_tag":[117],"class_list":{"0":"post-188633","1":"product","2":"type-product","3":"status-publish","4":"has-post-thumbnail","6":"product_cat-sonstige-modelle","7":"product_tag-tachoschutzfolie","8":"product_shipping_class-standard","10":"first","11":"instock","12":"taxable","13":"shipping-taxable","14":"purchasable","15":"product-type-variable"},"yoast_head":"<!-- This site is optimized with the Yoast SEO plugin v27.2 - https:\/\/yoast.com\/product\/yoast-seo-wordpress\/ -->\n<title>Tachoschutzfolie Displayschutzfolie passend f\u00fcr Victory Hammer S 106 2012+<\/title>\n<meta name=\"description\" content=\"Entdecken Sie unsere hochwertige Tachoschutzfolie und Displayschutzfolie, speziell entwickelt f\u00fcr Victory Hammer S 106 ab 2012. Optimaler Schutz vor Kratzern und Abnutzung f\u00fcr Ihr Motorrad-Display.\" \/>\n<meta name=\"robots\" content=\"index, follow, max-snippet:-1, max-image-preview:large, max-video-preview:-1\" \/>\n<link rel=\"canonical\" href=\"https:\/\/moto-screenies.de\/it\/produkt\/tachoschutzfolie-displayschutzfolie-passend-fuer-victory-hammer-s-106-2012\/\" \/>\n<meta property=\"og:locale\" content=\"it_IT\" \/>\n<meta property=\"og:type\" content=\"article\" \/>\n<meta property=\"og:title\" content=\"Tachoschutzfolie Displayschutzfolie passend f\u00fcr Victory Hammer S 106 2012+\" \/>\n<meta property=\"og:description\" content=\"Entdecken Sie unsere hochwertige Tachoschutzfolie und Displayschutzfolie, speziell entwickelt f\u00fcr Victory Hammer S 106 ab 2012. Optimaler Schutz vor Kratzern und Abnutzung f\u00fcr Ihr Motorrad-Display.\" \/>\n<meta property=\"og:url\" content=\"https:\/\/moto-screenies.de\/it\/produkt\/tachoschutzfolie-displayschutzfolie-passend-fuer-victory-hammer-s-106-2012\/\" \/>\n<meta property=\"og:site_name\" content=\"Moto Screenies\" \/>\n<meta property=\"article:modified_time\" content=\"2026-01-26T14:46:50+00:00\" \/>\n<meta property=\"og:image\" content=\"https:\/\/moto-screenies.de\/wp-content\/uploads\/2025\/11\/339384_Product.png\" \/>\n\t<meta property=\"og:image:width\" content=\"1500\" \/>\n\t<meta property=\"og:image:height\" content=\"1500\" \/>\n\t<meta property=\"og:image:type\" content=\"image\/png\" \/>\n<meta name=\"twitter:card\" content=\"summary_large_image\" \/>\n<script type=\"application\/ld+json\" class=\"yoast-schema-graph\">{\"@context\":\"https:\/\/schema.org\",\"@graph\":[{\"@type\":\"WebPage\",\"@id\":\"https:\/\/moto-screenies.de\/it\/produkt\/tachoschutzfolie-displayschutzfolie-passend-fuer-victory-hammer-s-106-2012\/\",\"url\":\"https:\/\/moto-screenies.de\/it\/produkt\/tachoschutzfolie-displayschutzfolie-passend-fuer-victory-hammer-s-106-2012\/\",\"name\":\"Tachoschutzfolie Displayschutzfolie passend f\u00fcr Victory Hammer S 106 2012+\",\"isPartOf\":{\"@id\":\"https:\/\/moto-screenies.de\/it\/#website\"},\"primaryImageOfPage\":{\"@id\":\"https:\/\/moto-screenies.de\/it\/produkt\/tachoschutzfolie-displayschutzfolie-passend-fuer-victory-hammer-s-106-2012\/#primaryimage\"},\"image\":{\"@id\":\"https:\/\/moto-screenies.de\/it\/produkt\/tachoschutzfolie-displayschutzfolie-passend-fuer-victory-hammer-s-106-2012\/#primaryimage\"},\"thumbnailUrl\":\"https:\/\/moto-screenies.de\/wp-content\/uploads\/2025\/11\/339384_Product.png\",\"datePublished\":\"2024-06-13T14:02:43+00:00\",\"dateModified\":\"2026-01-26T14:46:50+00:00\",\"description\":\"Entdecken Sie unsere hochwertige Tachoschutzfolie und Displayschutzfolie, speziell entwickelt f\u00fcr Victory Hammer S 106 ab 2012. Optimaler Schutz vor Kratzern und Abnutzung f\u00fcr Ihr Motorrad-Display.\",\"breadcrumb\":{\"@id\":\"https:\/\/moto-screenies.de\/it\/produkt\/tachoschutzfolie-displayschutzfolie-passend-fuer-victory-hammer-s-106-2012\/#breadcrumb\"},\"inLanguage\":\"it-IT\",\"potentialAction\":[{\"@type\":\"ReadAction\",\"target\":[\"https:\/\/moto-screenies.de\/it\/produkt\/tachoschutzfolie-displayschutzfolie-passend-fuer-victory-hammer-s-106-2012\/\"]}]},{\"@type\":\"ImageObject\",\"inLanguage\":\"it-IT\",\"@id\":\"https:\/\/moto-screenies.de\/it\/produkt\/tachoschutzfolie-displayschutzfolie-passend-fuer-victory-hammer-s-106-2012\/#primaryimage\",\"url\":\"https:\/\/moto-screenies.de\/wp-content\/uploads\/2025\/11\/339384_Product.png\",\"contentUrl\":\"https:\/\/moto-screenies.de\/wp-content\/uploads\/2025\/11\/339384_Product.png\",\"width\":1500,\"height\":1500,\"caption\":\"1 MAIN (ANTI GLARE).png\"},{\"@type\":\"BreadcrumbList\",\"@id\":\"https:\/\/moto-screenies.de\/it\/produkt\/tachoschutzfolie-displayschutzfolie-passend-fuer-victory-hammer-s-106-2012\/#breadcrumb\",\"itemListElement\":[{\"@type\":\"ListItem\",\"position\":1,\"name\":\"Startseite\",\"item\":\"https:\/\/moto-screenies.de\/it\/\"},{\"@type\":\"ListItem\",\"position\":2,\"name\":\"Negozio\",\"item\":\"https:\/\/it.moto-screenies.de\/negozio\/\"},{\"@type\":\"ListItem\",\"position\":3,\"name\":\"Tachoschutzfolie Displayschutzfolie passend f\u00fcr Victory Hammer S 106 2012+\"}]},{\"@type\":\"WebSite\",\"@id\":\"https:\/\/moto-screenies.de\/it\/#website\",\"url\":\"https:\/\/moto-screenies.de\/it\/\",\"name\":\"Moto Screenies\",\"description\":\"Die Displayschutzfolie f\u00fcr dein Motorrad\",\"publisher\":{\"@id\":\"https:\/\/moto-screenies.de\/it\/#organization\"},\"alternateName\":\"MS\",\"potentialAction\":[{\"@type\":\"SearchAction\",\"target\":{\"@type\":\"EntryPoint\",\"urlTemplate\":\"https:\/\/moto-screenies.de\/it\/?s={search_term_string}\"},\"query-input\":{\"@type\":\"PropertyValueSpecification\",\"valueRequired\":true,\"valueName\":\"search_term_string\"}}],\"inLanguage\":\"it-IT\"},{\"@type\":\"Organization\",\"@id\":\"https:\/\/moto-screenies.de\/it\/#organization\",\"name\":\"Moto Screenies\",\"url\":\"https:\/\/moto-screenies.de\/it\/\",\"logo\":{\"@type\":\"ImageObject\",\"inLanguage\":\"it-IT\",\"@id\":\"https:\/\/moto-screenies.de\/it\/#\/schema\/logo\/image\/\",\"url\":\"\",\"contentUrl\":\"\",\"caption\":\"Moto Screenies\"},\"image\":{\"@id\":\"https:\/\/moto-screenies.de\/it\/#\/schema\/logo\/image\/\"}}]}<\/script>\n<!-- \/ Yoast SEO plugin. -->","yoast_head_json":{"title":"Tachoschutzfolie Displayschutzfolie passend f\u00fcr Victory Hammer S 106 2012+","description":"Entdecken Sie unsere hochwertige Tachoschutzfolie und Displayschutzfolie, speziell entwickelt f\u00fcr Victory Hammer S 106 ab 2012. Optimaler Schutz vor Kratzern und Abnutzung f\u00fcr Ihr Motorrad-Display.","robots":{"index":"index","follow":"follow","max-snippet":"max-snippet:-1","max-image-preview":"max-image-preview:large","max-video-preview":"max-video-preview:-1"},"canonical":"https:\/\/moto-screenies.de\/it\/produkt\/tachoschutzfolie-displayschutzfolie-passend-fuer-victory-hammer-s-106-2012\/","og_locale":"it_IT","og_type":"article","og_title":"Tachoschutzfolie Displayschutzfolie passend f\u00fcr Victory Hammer S 106 2012+","og_description":"Entdecken Sie unsere hochwertige Tachoschutzfolie und Displayschutzfolie, speziell entwickelt f\u00fcr Victory Hammer S 106 ab 2012. Optimaler Schutz vor Kratzern und Abnutzung f\u00fcr Ihr Motorrad-Display.","og_url":"https:\/\/moto-screenies.de\/it\/produkt\/tachoschutzfolie-displayschutzfolie-passend-fuer-victory-hammer-s-106-2012\/","og_site_name":"Moto Screenies","article_modified_time":"2026-01-26T14:46:50+00:00","og_image":[{"width":1500,"height":1500,"url":"https:\/\/moto-screenies.de\/wp-content\/uploads\/2025\/11\/339384_Product.png","type":"image\/png"}],"twitter_card":"summary_large_image","schema":{"@context":"https:\/\/schema.org","@graph":[{"@type":"WebPage","@id":"https:\/\/moto-screenies.de\/it\/produkt\/tachoschutzfolie-displayschutzfolie-passend-fuer-victory-hammer-s-106-2012\/","url":"https:\/\/moto-screenies.de\/it\/produkt\/tachoschutzfolie-displayschutzfolie-passend-fuer-victory-hammer-s-106-2012\/","name":"Tachoschutzfolie Displayschutzfolie passend f\u00fcr Victory Hammer S 106 2012+","isPartOf":{"@id":"https:\/\/moto-screenies.de\/it\/#website"},"primaryImageOfPage":{"@id":"https:\/\/moto-screenies.de\/it\/produkt\/tachoschutzfolie-displayschutzfolie-passend-fuer-victory-hammer-s-106-2012\/#primaryimage"},"image":{"@id":"https:\/\/moto-screenies.de\/it\/produkt\/tachoschutzfolie-displayschutzfolie-passend-fuer-victory-hammer-s-106-2012\/#primaryimage"},"thumbnailUrl":"https:\/\/moto-screenies.de\/wp-content\/uploads\/2025\/11\/339384_Product.png","datePublished":"2024-06-13T14:02:43+00:00","dateModified":"2026-01-26T14:46:50+00:00","description":"Entdecken Sie unsere hochwertige Tachoschutzfolie und Displayschutzfolie, speziell entwickelt f\u00fcr Victory Hammer S 106 ab 2012. Optimaler Schutz vor Kratzern und Abnutzung f\u00fcr Ihr Motorrad-Display.","breadcrumb":{"@id":"https:\/\/moto-screenies.de\/it\/produkt\/tachoschutzfolie-displayschutzfolie-passend-fuer-victory-hammer-s-106-2012\/#breadcrumb"},"inLanguage":"it-IT","potentialAction":[{"@type":"ReadAction","target":["https:\/\/moto-screenies.de\/it\/produkt\/tachoschutzfolie-displayschutzfolie-passend-fuer-victory-hammer-s-106-2012\/"]}]},{"@type":"ImageObject","inLanguage":"it-IT","@id":"https:\/\/moto-screenies.de\/it\/produkt\/tachoschutzfolie-displayschutzfolie-passend-fuer-victory-hammer-s-106-2012\/#primaryimage","url":"https:\/\/moto-screenies.de\/wp-content\/uploads\/2025\/11\/339384_Product.png","contentUrl":"https:\/\/moto-screenies.de\/wp-content\/uploads\/2025\/11\/339384_Product.png","width":1500,"height":1500,"caption":"1 MAIN (ANTI GLARE).png"},{"@type":"BreadcrumbList","@id":"https:\/\/moto-screenies.de\/it\/produkt\/tachoschutzfolie-displayschutzfolie-passend-fuer-victory-hammer-s-106-2012\/#breadcrumb","itemListElement":[{"@type":"ListItem","position":1,"name":"Startseite","item":"https:\/\/moto-screenies.de\/it\/"},{"@type":"ListItem","position":2,"name":"Negozio","item":"https:\/\/it.moto-screenies.de\/negozio\/"},{"@type":"ListItem","position":3,"name":"Tachoschutzfolie Displayschutzfolie passend f\u00fcr Victory Hammer S 106 2012+"}]},{"@type":"WebSite","@id":"https:\/\/moto-screenies.de\/it\/#website","url":"https:\/\/moto-screenies.de\/it\/","name":"Moto Screenies","description":"Die Displayschutzfolie f\u00fcr dein Motorrad","publisher":{"@id":"https:\/\/moto-screenies.de\/it\/#organization"},"alternateName":"MS","potentialAction":[{"@type":"SearchAction","target":{"@type":"EntryPoint","urlTemplate":"https:\/\/moto-screenies.de\/it\/?s={search_term_string}"},"query-input":{"@type":"PropertyValueSpecification","valueRequired":true,"valueName":"search_term_string"}}],"inLanguage":"it-IT"},{"@type":"Organization","@id":"https:\/\/moto-screenies.de\/it\/#organization","name":"Moto Screenies","url":"https:\/\/moto-screenies.de\/it\/","logo":{"@type":"ImageObject","inLanguage":"it-IT","@id":"https:\/\/moto-screenies.de\/it\/#\/schema\/logo\/image\/","url":"","contentUrl":"","caption":"Moto Screenies"},"image":{"@id":"https:\/\/moto-screenies.de\/it\/#\/schema\/logo\/image\/"}}]}},"_links":{"self":[{"href":"https:\/\/moto-screenies.de\/it\/wp-json\/wp\/v2\/product\/188633","targetHints":{"allow":["GET"]}}],"collection":[{"href":"https:\/\/moto-screenies.de\/it\/wp-json\/wp\/v2\/product"}],"about":[{"href":"https:\/\/moto-screenies.de\/it\/wp-json\/wp\/v2\/types\/product"}],"replies":[{"embeddable":true,"href":"https:\/\/moto-screenies.de\/it\/wp-json\/wp\/v2\/comments?post=188633"}],"wp:featuredmedia":[{"embeddable":true,"href":"https:\/\/moto-screenies.de\/it\/wp-json\/wp\/v2\/media\/219277"}],"wp:attachment":[{"href":"https:\/\/moto-screenies.de\/it\/wp-json\/wp\/v2\/media?parent=188633"}],"wp:term":[{"taxonomy":"product_brand","embeddable":true,"href":"https:\/\/moto-screenies.de\/it\/wp-json\/wp\/v2\/product_brand?post=188633"},{"taxonomy":"product_cat","embeddable":true,"href":"https:\/\/moto-screenies.de\/it\/wp-json\/wp\/v2\/product_cat?post=188633"},{"taxonomy":"product_tag","embeddable":true,"href":"https:\/\/moto-screenies.de\/it\/wp-json\/wp\/v2\/product_tag?post=188633"}],"curies":[{"name":"wp","href":"https:\/\/api.w.org\/{rel}","templated":true}]}}