{"id":188635,"date":"2024-06-14T13:21:31","date_gmt":"2024-06-14T11:21:31","guid":{"rendered":"https:\/\/moto-screenies.de\/produkt\/tachoschutzfolie-displayschutzfolie-passend-fuer-harley-davidson-live-wire-s2-del-mar\/"},"modified":"2026-01-26T15:46:52","modified_gmt":"2026-01-26T14:46:52","slug":"tachoschutzfolie-displayschutzfolie-passend-fuer-harley-davidson-live-wire-s2-del-mar","status":"publish","type":"product","link":"https:\/\/moto-screenies.de\/it\/produkt\/tachoschutzfolie-displayschutzfolie-passend-fuer-harley-davidson-live-wire-s2-del-mar\/","title":{"rendered":"Tachoschutzfolie Displayschutzfolie passend f\u00fcr Harley Davidson Live Wire S2 Del Mar"},"content":{"rendered":"<p>Entdecken Sie den optimalen Schutz f\u00fcr Ihr Harley Davidson Live Wire S2 Del Mar mit unserer hochwertigen Tachoschutzfolie. Diese speziell entwickelte Displayschutzfolie bietet erstklassigen Schutz vor Kratzern, Staub und Verschmutzungen, ohne die Sichtbarkeit oder Bedienbarkeit des Displays zu beeintr\u00e4chtigen. Dank der pr\u00e4zisen Passform ist eine einfache und blasenfreie Anbringung garantiert. Verl\u00e4ngern Sie die Lebensdauer Ihres Tachometers und bewahren Sie dessen makelloses Aussehen. Investieren Sie in Qualit\u00e4t und Langlebigkeit \u2013 f\u00fcr ein sorgenfreies Fahrerlebnis. <\/p>\n<p>Passend f\u00fcr: Tachoschutzfolie Displayschutzfolie passend f\u00fcr Harley Davidson Live Wire S2 Del Mar.<\/p>\n","protected":false},"excerpt":{"rendered":"<p>Entdecken Sie den optimalen Schutz f\u00fcr Ihr Harley Davidson Live Wire S2 Del Mar mit unserer hochwertigen Tachoschutzfolie. Diese speziell entwickelte Displayschutzfolie bietet erstklassigen Schutz vor Kratzern, Staub und Verschmutzungen, ohne die Sichtbarkeit oder Bedienbarkeit des Displays zu beeintr\u00e4chtigen. Dank der pr\u00e4zisen Passform ist eine einfache und blasenfreie Anbringung garantiert. Verl\u00e4ngern Sie die Lebensdauer Ihres [&hellip;]<\/p>\n","protected":false},"featured_media":219583,"comment_status":"open","ping_status":"closed","template":"","meta":{"_et_pb_use_builder":"","_et_pb_old_content":"","_et_gb_content_width":"","_uf_show_specific_survey":0,"_uf_disable_surveys":false},"product_brand":[],"product_cat":[421],"product_tag":[117],"class_list":{"0":"post-188635","1":"product","2":"type-product","3":"status-publish","4":"has-post-thumbnail","6":"product_cat-harley-davidson-schutzfolie-fuer-dein-motorrad","7":"product_tag-tachoschutzfolie","8":"product_shipping_class-standard","10":"first","11":"instock","12":"taxable","13":"shipping-taxable","14":"purchasable","15":"product-type-variable"},"yoast_head":"<!-- This site is optimized with the Yoast SEO plugin v27.2 - https:\/\/yoast.com\/product\/yoast-seo-wordpress\/ -->\n<title>Tachoschutzfolie Displayschutzfolie passend f\u00fcr Harley Davidson Live Wire S2 Del Mar<\/title>\n<meta name=\"description\" content=\"Entdecken Sie die perfekte Tachoschutzfolie f\u00fcr Ihre Harley Davidson Live Wire S2 Del Mar. Sch\u00fctzen Sie Ihr Display vor Kratzern und erhalten Sie klare Sicht mit unserer hochwertigen Displayschutzfolie. Ideal f\u00fcr alle Harley-Enthusiasten!\" \/>\n<meta name=\"robots\" content=\"index, follow, max-snippet:-1, max-image-preview:large, max-video-preview:-1\" \/>\n<link rel=\"canonical\" href=\"https:\/\/moto-screenies.de\/it\/produkt\/tachoschutzfolie-displayschutzfolie-passend-fuer-harley-davidson-live-wire-s2-del-mar\/\" \/>\n<meta property=\"og:locale\" content=\"it_IT\" \/>\n<meta property=\"og:type\" content=\"article\" \/>\n<meta property=\"og:title\" content=\"Tachoschutzfolie Displayschutzfolie passend f\u00fcr Harley Davidson Live Wire S2 Del Mar\" \/>\n<meta property=\"og:description\" content=\"Entdecken Sie die perfekte Tachoschutzfolie f\u00fcr Ihre Harley Davidson Live Wire S2 Del Mar. Sch\u00fctzen Sie Ihr Display vor Kratzern und erhalten Sie klare Sicht mit unserer hochwertigen Displayschutzfolie. Ideal f\u00fcr alle Harley-Enthusiasten!\" \/>\n<meta property=\"og:url\" content=\"https:\/\/moto-screenies.de\/it\/produkt\/tachoschutzfolie-displayschutzfolie-passend-fuer-harley-davidson-live-wire-s2-del-mar\/\" \/>\n<meta property=\"og:site_name\" content=\"Moto Screenies\" \/>\n<meta property=\"article:modified_time\" content=\"2026-01-26T14:46:52+00:00\" \/>\n<meta property=\"og:image\" content=\"https:\/\/moto-screenies.de\/wp-content\/uploads\/2025\/11\/339824_Product.png\" \/>\n\t<meta property=\"og:image:width\" content=\"1500\" \/>\n\t<meta property=\"og:image:height\" content=\"1500\" \/>\n\t<meta property=\"og:image:type\" content=\"image\/png\" \/>\n<meta name=\"twitter:card\" content=\"summary_large_image\" \/>\n<script type=\"application\/ld+json\" class=\"yoast-schema-graph\">{\"@context\":\"https:\/\/schema.org\",\"@graph\":[{\"@type\":\"WebPage\",\"@id\":\"https:\/\/moto-screenies.de\/it\/produkt\/tachoschutzfolie-displayschutzfolie-passend-fuer-harley-davidson-live-wire-s2-del-mar\/\",\"url\":\"https:\/\/moto-screenies.de\/it\/produkt\/tachoschutzfolie-displayschutzfolie-passend-fuer-harley-davidson-live-wire-s2-del-mar\/\",\"name\":\"Tachoschutzfolie Displayschutzfolie passend f\u00fcr Harley Davidson Live Wire S2 Del Mar\",\"isPartOf\":{\"@id\":\"https:\/\/moto-screenies.de\/it\/#website\"},\"primaryImageOfPage\":{\"@id\":\"https:\/\/moto-screenies.de\/it\/produkt\/tachoschutzfolie-displayschutzfolie-passend-fuer-harley-davidson-live-wire-s2-del-mar\/#primaryimage\"},\"image\":{\"@id\":\"https:\/\/moto-screenies.de\/it\/produkt\/tachoschutzfolie-displayschutzfolie-passend-fuer-harley-davidson-live-wire-s2-del-mar\/#primaryimage\"},\"thumbnailUrl\":\"https:\/\/moto-screenies.de\/wp-content\/uploads\/2025\/11\/339824_Product.png\",\"datePublished\":\"2024-06-14T11:21:31+00:00\",\"dateModified\":\"2026-01-26T14:46:52+00:00\",\"description\":\"Entdecken Sie die perfekte Tachoschutzfolie f\u00fcr Ihre Harley Davidson Live Wire S2 Del Mar. Sch\u00fctzen Sie Ihr Display vor Kratzern und erhalten Sie klare Sicht mit unserer hochwertigen Displayschutzfolie. Ideal f\u00fcr alle Harley-Enthusiasten!\",\"breadcrumb\":{\"@id\":\"https:\/\/moto-screenies.de\/it\/produkt\/tachoschutzfolie-displayschutzfolie-passend-fuer-harley-davidson-live-wire-s2-del-mar\/#breadcrumb\"},\"inLanguage\":\"it-IT\",\"potentialAction\":[{\"@type\":\"ReadAction\",\"target\":[\"https:\/\/moto-screenies.de\/it\/produkt\/tachoschutzfolie-displayschutzfolie-passend-fuer-harley-davidson-live-wire-s2-del-mar\/\"]}]},{\"@type\":\"ImageObject\",\"inLanguage\":\"it-IT\",\"@id\":\"https:\/\/moto-screenies.de\/it\/produkt\/tachoschutzfolie-displayschutzfolie-passend-fuer-harley-davidson-live-wire-s2-del-mar\/#primaryimage\",\"url\":\"https:\/\/moto-screenies.de\/wp-content\/uploads\/2025\/11\/339824_Product.png\",\"contentUrl\":\"https:\/\/moto-screenies.de\/wp-content\/uploads\/2025\/11\/339824_Product.png\",\"width\":1500,\"height\":1500,\"caption\":\"1 MAIN (ANTI GLARE).png\"},{\"@type\":\"BreadcrumbList\",\"@id\":\"https:\/\/moto-screenies.de\/it\/produkt\/tachoschutzfolie-displayschutzfolie-passend-fuer-harley-davidson-live-wire-s2-del-mar\/#breadcrumb\",\"itemListElement\":[{\"@type\":\"ListItem\",\"position\":1,\"name\":\"Startseite\",\"item\":\"https:\/\/moto-screenies.de\/it\/\"},{\"@type\":\"ListItem\",\"position\":2,\"name\":\"Negozio\",\"item\":\"https:\/\/it.moto-screenies.de\/negozio\/\"},{\"@type\":\"ListItem\",\"position\":3,\"name\":\"Tachoschutzfolie Displayschutzfolie passend f\u00fcr Harley Davidson Live Wire S2 Del Mar\"}]},{\"@type\":\"WebSite\",\"@id\":\"https:\/\/moto-screenies.de\/it\/#website\",\"url\":\"https:\/\/moto-screenies.de\/it\/\",\"name\":\"Moto Screenies\",\"description\":\"Die Displayschutzfolie f\u00fcr dein Motorrad\",\"publisher\":{\"@id\":\"https:\/\/moto-screenies.de\/it\/#organization\"},\"alternateName\":\"MS\",\"potentialAction\":[{\"@type\":\"SearchAction\",\"target\":{\"@type\":\"EntryPoint\",\"urlTemplate\":\"https:\/\/moto-screenies.de\/it\/?s={search_term_string}\"},\"query-input\":{\"@type\":\"PropertyValueSpecification\",\"valueRequired\":true,\"valueName\":\"search_term_string\"}}],\"inLanguage\":\"it-IT\"},{\"@type\":\"Organization\",\"@id\":\"https:\/\/moto-screenies.de\/it\/#organization\",\"name\":\"Moto Screenies\",\"url\":\"https:\/\/moto-screenies.de\/it\/\",\"logo\":{\"@type\":\"ImageObject\",\"inLanguage\":\"it-IT\",\"@id\":\"https:\/\/moto-screenies.de\/it\/#\/schema\/logo\/image\/\",\"url\":\"\",\"contentUrl\":\"\",\"caption\":\"Moto Screenies\"},\"image\":{\"@id\":\"https:\/\/moto-screenies.de\/it\/#\/schema\/logo\/image\/\"}}]}<\/script>\n<!-- \/ Yoast SEO plugin. -->","yoast_head_json":{"title":"Tachoschutzfolie Displayschutzfolie passend f\u00fcr Harley Davidson Live Wire S2 Del Mar","description":"Entdecken Sie die perfekte Tachoschutzfolie f\u00fcr Ihre Harley Davidson Live Wire S2 Del Mar. Sch\u00fctzen Sie Ihr Display vor Kratzern und erhalten Sie klare Sicht mit unserer hochwertigen Displayschutzfolie. Ideal f\u00fcr alle Harley-Enthusiasten!","robots":{"index":"index","follow":"follow","max-snippet":"max-snippet:-1","max-image-preview":"max-image-preview:large","max-video-preview":"max-video-preview:-1"},"canonical":"https:\/\/moto-screenies.de\/it\/produkt\/tachoschutzfolie-displayschutzfolie-passend-fuer-harley-davidson-live-wire-s2-del-mar\/","og_locale":"it_IT","og_type":"article","og_title":"Tachoschutzfolie Displayschutzfolie passend f\u00fcr Harley Davidson Live Wire S2 Del Mar","og_description":"Entdecken Sie die perfekte Tachoschutzfolie f\u00fcr Ihre Harley Davidson Live Wire S2 Del Mar. Sch\u00fctzen Sie Ihr Display vor Kratzern und erhalten Sie klare Sicht mit unserer hochwertigen Displayschutzfolie. Ideal f\u00fcr alle Harley-Enthusiasten!","og_url":"https:\/\/moto-screenies.de\/it\/produkt\/tachoschutzfolie-displayschutzfolie-passend-fuer-harley-davidson-live-wire-s2-del-mar\/","og_site_name":"Moto Screenies","article_modified_time":"2026-01-26T14:46:52+00:00","og_image":[{"width":1500,"height":1500,"url":"https:\/\/moto-screenies.de\/wp-content\/uploads\/2025\/11\/339824_Product.png","type":"image\/png"}],"twitter_card":"summary_large_image","schema":{"@context":"https:\/\/schema.org","@graph":[{"@type":"WebPage","@id":"https:\/\/moto-screenies.de\/it\/produkt\/tachoschutzfolie-displayschutzfolie-passend-fuer-harley-davidson-live-wire-s2-del-mar\/","url":"https:\/\/moto-screenies.de\/it\/produkt\/tachoschutzfolie-displayschutzfolie-passend-fuer-harley-davidson-live-wire-s2-del-mar\/","name":"Tachoschutzfolie Displayschutzfolie passend f\u00fcr Harley Davidson Live Wire S2 Del Mar","isPartOf":{"@id":"https:\/\/moto-screenies.de\/it\/#website"},"primaryImageOfPage":{"@id":"https:\/\/moto-screenies.de\/it\/produkt\/tachoschutzfolie-displayschutzfolie-passend-fuer-harley-davidson-live-wire-s2-del-mar\/#primaryimage"},"image":{"@id":"https:\/\/moto-screenies.de\/it\/produkt\/tachoschutzfolie-displayschutzfolie-passend-fuer-harley-davidson-live-wire-s2-del-mar\/#primaryimage"},"thumbnailUrl":"https:\/\/moto-screenies.de\/wp-content\/uploads\/2025\/11\/339824_Product.png","datePublished":"2024-06-14T11:21:31+00:00","dateModified":"2026-01-26T14:46:52+00:00","description":"Entdecken Sie die perfekte Tachoschutzfolie f\u00fcr Ihre Harley Davidson Live Wire S2 Del Mar. Sch\u00fctzen Sie Ihr Display vor Kratzern und erhalten Sie klare Sicht mit unserer hochwertigen Displayschutzfolie. Ideal f\u00fcr alle Harley-Enthusiasten!","breadcrumb":{"@id":"https:\/\/moto-screenies.de\/it\/produkt\/tachoschutzfolie-displayschutzfolie-passend-fuer-harley-davidson-live-wire-s2-del-mar\/#breadcrumb"},"inLanguage":"it-IT","potentialAction":[{"@type":"ReadAction","target":["https:\/\/moto-screenies.de\/it\/produkt\/tachoschutzfolie-displayschutzfolie-passend-fuer-harley-davidson-live-wire-s2-del-mar\/"]}]},{"@type":"ImageObject","inLanguage":"it-IT","@id":"https:\/\/moto-screenies.de\/it\/produkt\/tachoschutzfolie-displayschutzfolie-passend-fuer-harley-davidson-live-wire-s2-del-mar\/#primaryimage","url":"https:\/\/moto-screenies.de\/wp-content\/uploads\/2025\/11\/339824_Product.png","contentUrl":"https:\/\/moto-screenies.de\/wp-content\/uploads\/2025\/11\/339824_Product.png","width":1500,"height":1500,"caption":"1 MAIN (ANTI GLARE).png"},{"@type":"BreadcrumbList","@id":"https:\/\/moto-screenies.de\/it\/produkt\/tachoschutzfolie-displayschutzfolie-passend-fuer-harley-davidson-live-wire-s2-del-mar\/#breadcrumb","itemListElement":[{"@type":"ListItem","position":1,"name":"Startseite","item":"https:\/\/moto-screenies.de\/it\/"},{"@type":"ListItem","position":2,"name":"Negozio","item":"https:\/\/it.moto-screenies.de\/negozio\/"},{"@type":"ListItem","position":3,"name":"Tachoschutzfolie Displayschutzfolie passend f\u00fcr Harley Davidson Live Wire S2 Del Mar"}]},{"@type":"WebSite","@id":"https:\/\/moto-screenies.de\/it\/#website","url":"https:\/\/moto-screenies.de\/it\/","name":"Moto Screenies","description":"Die Displayschutzfolie f\u00fcr dein Motorrad","publisher":{"@id":"https:\/\/moto-screenies.de\/it\/#organization"},"alternateName":"MS","potentialAction":[{"@type":"SearchAction","target":{"@type":"EntryPoint","urlTemplate":"https:\/\/moto-screenies.de\/it\/?s={search_term_string}"},"query-input":{"@type":"PropertyValueSpecification","valueRequired":true,"valueName":"search_term_string"}}],"inLanguage":"it-IT"},{"@type":"Organization","@id":"https:\/\/moto-screenies.de\/it\/#organization","name":"Moto Screenies","url":"https:\/\/moto-screenies.de\/it\/","logo":{"@type":"ImageObject","inLanguage":"it-IT","@id":"https:\/\/moto-screenies.de\/it\/#\/schema\/logo\/image\/","url":"","contentUrl":"","caption":"Moto Screenies"},"image":{"@id":"https:\/\/moto-screenies.de\/it\/#\/schema\/logo\/image\/"}}]}},"_links":{"self":[{"href":"https:\/\/moto-screenies.de\/it\/wp-json\/wp\/v2\/product\/188635","targetHints":{"allow":["GET"]}}],"collection":[{"href":"https:\/\/moto-screenies.de\/it\/wp-json\/wp\/v2\/product"}],"about":[{"href":"https:\/\/moto-screenies.de\/it\/wp-json\/wp\/v2\/types\/product"}],"replies":[{"embeddable":true,"href":"https:\/\/moto-screenies.de\/it\/wp-json\/wp\/v2\/comments?post=188635"}],"wp:featuredmedia":[{"embeddable":true,"href":"https:\/\/moto-screenies.de\/it\/wp-json\/wp\/v2\/media\/219583"}],"wp:attachment":[{"href":"https:\/\/moto-screenies.de\/it\/wp-json\/wp\/v2\/media?parent=188635"}],"wp:term":[{"taxonomy":"product_brand","embeddable":true,"href":"https:\/\/moto-screenies.de\/it\/wp-json\/wp\/v2\/product_brand?post=188635"},{"taxonomy":"product_cat","embeddable":true,"href":"https:\/\/moto-screenies.de\/it\/wp-json\/wp\/v2\/product_cat?post=188635"},{"taxonomy":"product_tag","embeddable":true,"href":"https:\/\/moto-screenies.de\/it\/wp-json\/wp\/v2\/product_tag?post=188635"}],"curies":[{"name":"wp","href":"https:\/\/api.w.org\/{rel}","templated":true}]}}