{"id":188678,"date":"2025-01-28T13:17:03","date_gmt":"2025-01-28T12:17:03","guid":{"rendered":"https:\/\/moto-screenies.de\/produkt\/display-tacho-schutzfolie-zugeschnitten-fuer-suzuki-v-strom-1050de-2023-klar\/"},"modified":"2026-03-05T18:34:40","modified_gmt":"2026-03-05T17:34:40","slug":"display-tacho-schutzfolie-zugeschnitten-fuer-suzuki-v-strom-1050de-2023-klar","status":"publish","type":"product","link":"https:\/\/moto-screenies.de\/it\/produkt\/display-tacho-schutzfolie-zugeschnitten-fuer-suzuki-v-strom-1050de-2023-klar\/","title":{"rendered":"Display Tacho Schutzfolie zugeschnitten f\u00fcr Suzuki V-Strom 1050DE 2023, klar."},"content":{"rendered":"<p>Displayschutz-Folie f\u00fcr Motorrad Tacho-Schutzfolie Made in Germany, Kratschutz geeignet f\u00fcr Suzuki V-Strom 1050DE 2023<\/p>\n<p>Sch\u00fctzen Sie das Display Ihres Motorrads mit unserer hochwertigen Displayschutz-Folie, speziell entwickelt f\u00fcr die Suzuki V-Strom 1050DE 2023. Hergestellt in Deutschland, bietet diese Schutzfolie optimalen Kratzschutz und bewahrt die Lesbarkeit Ihres Tachos auch unter anspruchsvollen Bedingungen. Die passgenaue Form sorgt f\u00fcr eine einfache Anbringung ohne Blasenbildung. Investieren Sie in den langfristigen Schutz Ihres Motorrads und genie\u00dfen Sie ungest\u00f6rte Fahrten, ohne sich um Kratzer oder Verschlei\u00df sorgen zu m\u00fcssen. <\/p>\n<p>Passend f\u00fcr: Displayschutz-Folie f\u00fcr Motorrad Tacho-Schutzfolie Made in Germany, Kratschutz geeignet f\u00fcr Suzuki V-Strom 1050DE 2023.<\/p>\n","protected":false},"excerpt":{"rendered":"<p>Displayschutz-Folie f\u00fcr Motorrad Tacho-Schutzfolie Made in Germany, Kratschutz geeignet f\u00fcr Suzuki V-Strom 1050DE 2023 Sch\u00fctzen Sie das Display Ihres Motorrads mit unserer hochwertigen Displayschutz-Folie, speziell entwickelt f\u00fcr die Suzuki V-Strom 1050DE 2023. Hergestellt in Deutschland, bietet diese Schutzfolie optimalen Kratzschutz und bewahrt die Lesbarkeit Ihres Tachos auch unter anspruchsvollen Bedingungen. Die passgenaue Form sorgt f\u00fcr [&hellip;]<\/p>\n","protected":false},"featured_media":265429,"comment_status":"open","ping_status":"closed","template":"","meta":{"_et_pb_use_builder":"","_et_pb_old_content":"","_et_gb_content_width":"","_uf_show_specific_survey":0,"_uf_disable_surveys":false},"product_brand":[],"product_cat":[426],"product_tag":[117],"class_list":{"0":"post-188678","1":"product","2":"type-product","3":"status-publish","4":"has-post-thumbnail","6":"product_cat-suzuki-schutzfolie-fuer-dein-motorrad","7":"product_tag-tachoschutzfolie","8":"product_shipping_class-standard","10":"first","11":"instock","12":"taxable","13":"shipping-taxable","14":"purchasable","15":"product-type-variable"},"yoast_head":"<!-- This site is optimized with the Yoast SEO plugin v27.2 - https:\/\/yoast.com\/product\/yoast-seo-wordpress\/ -->\n<title>Display Tacho Schutzfolie zugeschnitten f\u00fcr Suzuki V-Strom 1050DE 2023, klar.<\/title>\n<meta name=\"description\" content=\"Entdecken Sie die hochwertige Displayschutzfolie f\u00fcr Ihren Suzuki V-Strom 1050DE 2023. Made in Germany, bietet sie optimalen Kratzschutz und Langlebigkeit f\u00fcr Ihr Motorrad-Tacho. Perfekte Passform und einfache Montage!\" \/>\n<meta name=\"robots\" content=\"index, follow, max-snippet:-1, max-image-preview:large, max-video-preview:-1\" \/>\n<link rel=\"canonical\" href=\"https:\/\/moto-screenies.de\/it\/produkt\/display-tacho-schutzfolie-zugeschnitten-fuer-suzuki-v-strom-1050de-2023-klar\/\" \/>\n<meta property=\"og:locale\" content=\"it_IT\" \/>\n<meta property=\"og:type\" content=\"article\" \/>\n<meta property=\"og:title\" content=\"Display Tacho Schutzfolie zugeschnitten f\u00fcr Suzuki V-Strom 1050DE 2023, klar.\" \/>\n<meta property=\"og:description\" content=\"Entdecken Sie die hochwertige Displayschutzfolie f\u00fcr Ihren Suzuki V-Strom 1050DE 2023. Made in Germany, bietet sie optimalen Kratzschutz und Langlebigkeit f\u00fcr Ihr Motorrad-Tacho. Perfekte Passform und einfache Montage!\" \/>\n<meta property=\"og:url\" content=\"https:\/\/moto-screenies.de\/it\/produkt\/display-tacho-schutzfolie-zugeschnitten-fuer-suzuki-v-strom-1050de-2023-klar\/\" \/>\n<meta property=\"og:site_name\" content=\"Moto Screenies\" \/>\n<meta property=\"article:modified_time\" content=\"2026-03-05T17:34:40+00:00\" \/>\n<meta property=\"og:image\" content=\"https:\/\/moto-screenies.de\/wp-content\/uploads\/2025\/01\/MS292v1.png\" \/>\n\t<meta property=\"og:image:width\" content=\"1500\" \/>\n\t<meta property=\"og:image:height\" content=\"1500\" \/>\n\t<meta property=\"og:image:type\" content=\"image\/png\" \/>\n<meta name=\"twitter:card\" content=\"summary_large_image\" \/>\n<meta name=\"twitter:label1\" content=\"Tempo di lettura stimato\" \/>\n\t<meta name=\"twitter:data1\" content=\"1 minuto\" \/>\n<script type=\"application\/ld+json\" class=\"yoast-schema-graph\">{\"@context\":\"https:\/\/schema.org\",\"@graph\":[{\"@type\":\"WebPage\",\"@id\":\"https:\/\/moto-screenies.de\/it\/produkt\/display-tacho-schutzfolie-zugeschnitten-fuer-suzuki-v-strom-1050de-2023-klar\/\",\"url\":\"https:\/\/moto-screenies.de\/it\/produkt\/display-tacho-schutzfolie-zugeschnitten-fuer-suzuki-v-strom-1050de-2023-klar\/\",\"name\":\"Display Tacho Schutzfolie zugeschnitten f\u00fcr Suzuki V-Strom 1050DE 2023, klar.\",\"isPartOf\":{\"@id\":\"https:\/\/moto-screenies.de\/it\/#website\"},\"primaryImageOfPage\":{\"@id\":\"https:\/\/moto-screenies.de\/it\/produkt\/display-tacho-schutzfolie-zugeschnitten-fuer-suzuki-v-strom-1050de-2023-klar\/#primaryimage\"},\"image\":{\"@id\":\"https:\/\/moto-screenies.de\/it\/produkt\/display-tacho-schutzfolie-zugeschnitten-fuer-suzuki-v-strom-1050de-2023-klar\/#primaryimage\"},\"thumbnailUrl\":\"https:\/\/moto-screenies.de\/wp-content\/uploads\/2025\/01\/MS292v1.png\",\"datePublished\":\"2025-01-28T12:17:03+00:00\",\"dateModified\":\"2026-03-05T17:34:40+00:00\",\"description\":\"Entdecken Sie die hochwertige Displayschutzfolie f\u00fcr Ihren Suzuki V-Strom 1050DE 2023. Made in Germany, bietet sie optimalen Kratzschutz und Langlebigkeit f\u00fcr Ihr Motorrad-Tacho. Perfekte Passform und einfache Montage!\",\"breadcrumb\":{\"@id\":\"https:\/\/moto-screenies.de\/it\/produkt\/display-tacho-schutzfolie-zugeschnitten-fuer-suzuki-v-strom-1050de-2023-klar\/#breadcrumb\"},\"inLanguage\":\"it-IT\",\"potentialAction\":[{\"@type\":\"ReadAction\",\"target\":[\"https:\/\/moto-screenies.de\/it\/produkt\/display-tacho-schutzfolie-zugeschnitten-fuer-suzuki-v-strom-1050de-2023-klar\/\"]}]},{\"@type\":\"ImageObject\",\"inLanguage\":\"it-IT\",\"@id\":\"https:\/\/moto-screenies.de\/it\/produkt\/display-tacho-schutzfolie-zugeschnitten-fuer-suzuki-v-strom-1050de-2023-klar\/#primaryimage\",\"url\":\"https:\/\/moto-screenies.de\/wp-content\/uploads\/2025\/01\/MS292v1.png\",\"contentUrl\":\"https:\/\/moto-screenies.de\/wp-content\/uploads\/2025\/01\/MS292v1.png\",\"width\":1500,\"height\":1500,\"caption\":\"Moto Screenies\"},{\"@type\":\"BreadcrumbList\",\"@id\":\"https:\/\/moto-screenies.de\/it\/produkt\/display-tacho-schutzfolie-zugeschnitten-fuer-suzuki-v-strom-1050de-2023-klar\/#breadcrumb\",\"itemListElement\":[{\"@type\":\"ListItem\",\"position\":1,\"name\":\"Startseite\",\"item\":\"https:\/\/moto-screenies.de\/it\/\"},{\"@type\":\"ListItem\",\"position\":2,\"name\":\"Negozio\",\"item\":\"https:\/\/it.moto-screenies.de\/negozio\/\"},{\"@type\":\"ListItem\",\"position\":3,\"name\":\"Display Tacho Schutzfolie zugeschnitten f\u00fcr Suzuki V-Strom 1050DE 2023, klar.\"}]},{\"@type\":\"WebSite\",\"@id\":\"https:\/\/moto-screenies.de\/it\/#website\",\"url\":\"https:\/\/moto-screenies.de\/it\/\",\"name\":\"Moto Screenies\",\"description\":\"Die Displayschutzfolie f\u00fcr dein Motorrad\",\"publisher\":{\"@id\":\"https:\/\/moto-screenies.de\/it\/#organization\"},\"alternateName\":\"MS\",\"potentialAction\":[{\"@type\":\"SearchAction\",\"target\":{\"@type\":\"EntryPoint\",\"urlTemplate\":\"https:\/\/moto-screenies.de\/it\/?s={search_term_string}\"},\"query-input\":{\"@type\":\"PropertyValueSpecification\",\"valueRequired\":true,\"valueName\":\"search_term_string\"}}],\"inLanguage\":\"it-IT\"},{\"@type\":\"Organization\",\"@id\":\"https:\/\/moto-screenies.de\/it\/#organization\",\"name\":\"Moto Screenies\",\"url\":\"https:\/\/moto-screenies.de\/it\/\",\"logo\":{\"@type\":\"ImageObject\",\"inLanguage\":\"it-IT\",\"@id\":\"https:\/\/moto-screenies.de\/it\/#\/schema\/logo\/image\/\",\"url\":\"\",\"contentUrl\":\"\",\"caption\":\"Moto Screenies\"},\"image\":{\"@id\":\"https:\/\/moto-screenies.de\/it\/#\/schema\/logo\/image\/\"}}]}<\/script>\n<!-- \/ Yoast SEO plugin. -->","yoast_head_json":{"title":"Display Tacho Schutzfolie zugeschnitten f\u00fcr Suzuki V-Strom 1050DE 2023, klar.","description":"Entdecken Sie die hochwertige Displayschutzfolie f\u00fcr Ihren Suzuki V-Strom 1050DE 2023. Made in Germany, bietet sie optimalen Kratzschutz und Langlebigkeit f\u00fcr Ihr Motorrad-Tacho. Perfekte Passform und einfache Montage!","robots":{"index":"index","follow":"follow","max-snippet":"max-snippet:-1","max-image-preview":"max-image-preview:large","max-video-preview":"max-video-preview:-1"},"canonical":"https:\/\/moto-screenies.de\/it\/produkt\/display-tacho-schutzfolie-zugeschnitten-fuer-suzuki-v-strom-1050de-2023-klar\/","og_locale":"it_IT","og_type":"article","og_title":"Display Tacho Schutzfolie zugeschnitten f\u00fcr Suzuki V-Strom 1050DE 2023, klar.","og_description":"Entdecken Sie die hochwertige Displayschutzfolie f\u00fcr Ihren Suzuki V-Strom 1050DE 2023. Made in Germany, bietet sie optimalen Kratzschutz und Langlebigkeit f\u00fcr Ihr Motorrad-Tacho. Perfekte Passform und einfache Montage!","og_url":"https:\/\/moto-screenies.de\/it\/produkt\/display-tacho-schutzfolie-zugeschnitten-fuer-suzuki-v-strom-1050de-2023-klar\/","og_site_name":"Moto Screenies","article_modified_time":"2026-03-05T17:34:40+00:00","og_image":[{"width":1500,"height":1500,"url":"https:\/\/moto-screenies.de\/wp-content\/uploads\/2025\/01\/MS292v1.png","type":"image\/png"}],"twitter_card":"summary_large_image","twitter_misc":{"Tempo di lettura stimato":"1 minuto"},"schema":{"@context":"https:\/\/schema.org","@graph":[{"@type":"WebPage","@id":"https:\/\/moto-screenies.de\/it\/produkt\/display-tacho-schutzfolie-zugeschnitten-fuer-suzuki-v-strom-1050de-2023-klar\/","url":"https:\/\/moto-screenies.de\/it\/produkt\/display-tacho-schutzfolie-zugeschnitten-fuer-suzuki-v-strom-1050de-2023-klar\/","name":"Display Tacho Schutzfolie zugeschnitten f\u00fcr Suzuki V-Strom 1050DE 2023, klar.","isPartOf":{"@id":"https:\/\/moto-screenies.de\/it\/#website"},"primaryImageOfPage":{"@id":"https:\/\/moto-screenies.de\/it\/produkt\/display-tacho-schutzfolie-zugeschnitten-fuer-suzuki-v-strom-1050de-2023-klar\/#primaryimage"},"image":{"@id":"https:\/\/moto-screenies.de\/it\/produkt\/display-tacho-schutzfolie-zugeschnitten-fuer-suzuki-v-strom-1050de-2023-klar\/#primaryimage"},"thumbnailUrl":"https:\/\/moto-screenies.de\/wp-content\/uploads\/2025\/01\/MS292v1.png","datePublished":"2025-01-28T12:17:03+00:00","dateModified":"2026-03-05T17:34:40+00:00","description":"Entdecken Sie die hochwertige Displayschutzfolie f\u00fcr Ihren Suzuki V-Strom 1050DE 2023. Made in Germany, bietet sie optimalen Kratzschutz und Langlebigkeit f\u00fcr Ihr Motorrad-Tacho. Perfekte Passform und einfache Montage!","breadcrumb":{"@id":"https:\/\/moto-screenies.de\/it\/produkt\/display-tacho-schutzfolie-zugeschnitten-fuer-suzuki-v-strom-1050de-2023-klar\/#breadcrumb"},"inLanguage":"it-IT","potentialAction":[{"@type":"ReadAction","target":["https:\/\/moto-screenies.de\/it\/produkt\/display-tacho-schutzfolie-zugeschnitten-fuer-suzuki-v-strom-1050de-2023-klar\/"]}]},{"@type":"ImageObject","inLanguage":"it-IT","@id":"https:\/\/moto-screenies.de\/it\/produkt\/display-tacho-schutzfolie-zugeschnitten-fuer-suzuki-v-strom-1050de-2023-klar\/#primaryimage","url":"https:\/\/moto-screenies.de\/wp-content\/uploads\/2025\/01\/MS292v1.png","contentUrl":"https:\/\/moto-screenies.de\/wp-content\/uploads\/2025\/01\/MS292v1.png","width":1500,"height":1500,"caption":"Moto Screenies"},{"@type":"BreadcrumbList","@id":"https:\/\/moto-screenies.de\/it\/produkt\/display-tacho-schutzfolie-zugeschnitten-fuer-suzuki-v-strom-1050de-2023-klar\/#breadcrumb","itemListElement":[{"@type":"ListItem","position":1,"name":"Startseite","item":"https:\/\/moto-screenies.de\/it\/"},{"@type":"ListItem","position":2,"name":"Negozio","item":"https:\/\/it.moto-screenies.de\/negozio\/"},{"@type":"ListItem","position":3,"name":"Display Tacho Schutzfolie zugeschnitten f\u00fcr Suzuki V-Strom 1050DE 2023, klar."}]},{"@type":"WebSite","@id":"https:\/\/moto-screenies.de\/it\/#website","url":"https:\/\/moto-screenies.de\/it\/","name":"Moto Screenies","description":"Die Displayschutzfolie f\u00fcr dein Motorrad","publisher":{"@id":"https:\/\/moto-screenies.de\/it\/#organization"},"alternateName":"MS","potentialAction":[{"@type":"SearchAction","target":{"@type":"EntryPoint","urlTemplate":"https:\/\/moto-screenies.de\/it\/?s={search_term_string}"},"query-input":{"@type":"PropertyValueSpecification","valueRequired":true,"valueName":"search_term_string"}}],"inLanguage":"it-IT"},{"@type":"Organization","@id":"https:\/\/moto-screenies.de\/it\/#organization","name":"Moto Screenies","url":"https:\/\/moto-screenies.de\/it\/","logo":{"@type":"ImageObject","inLanguage":"it-IT","@id":"https:\/\/moto-screenies.de\/it\/#\/schema\/logo\/image\/","url":"","contentUrl":"","caption":"Moto Screenies"},"image":{"@id":"https:\/\/moto-screenies.de\/it\/#\/schema\/logo\/image\/"}}]}},"_links":{"self":[{"href":"https:\/\/moto-screenies.de\/it\/wp-json\/wp\/v2\/product\/188678","targetHints":{"allow":["GET"]}}],"collection":[{"href":"https:\/\/moto-screenies.de\/it\/wp-json\/wp\/v2\/product"}],"about":[{"href":"https:\/\/moto-screenies.de\/it\/wp-json\/wp\/v2\/types\/product"}],"replies":[{"embeddable":true,"href":"https:\/\/moto-screenies.de\/it\/wp-json\/wp\/v2\/comments?post=188678"}],"wp:featuredmedia":[{"embeddable":true,"href":"https:\/\/moto-screenies.de\/it\/wp-json\/wp\/v2\/media\/265429"}],"wp:attachment":[{"href":"https:\/\/moto-screenies.de\/it\/wp-json\/wp\/v2\/media?parent=188678"}],"wp:term":[{"taxonomy":"product_brand","embeddable":true,"href":"https:\/\/moto-screenies.de\/it\/wp-json\/wp\/v2\/product_brand?post=188678"},{"taxonomy":"product_cat","embeddable":true,"href":"https:\/\/moto-screenies.de\/it\/wp-json\/wp\/v2\/product_cat?post=188678"},{"taxonomy":"product_tag","embeddable":true,"href":"https:\/\/moto-screenies.de\/it\/wp-json\/wp\/v2\/product_tag?post=188678"}],"curies":[{"name":"wp","href":"https:\/\/api.w.org\/{rel}","templated":true}]}}