{"id":188682,"date":"2025-01-28T13:32:01","date_gmt":"2025-01-28T12:32:01","guid":{"rendered":"https:\/\/moto-screenies.de\/produkt\/display-tacho-schutzfolie-zugeschnitten-fuer-cfmoto-cforce-1000-touring-pro-abs-g3-2024\/"},"modified":"2026-04-13T13:29:36","modified_gmt":"2026-04-13T11:29:36","slug":"display-tacho-schutzfolie-zugeschnitten-fuer-cfmoto-cforce-1000-touring-pro-abs-g3-2024","status":"publish","type":"product","link":"https:\/\/moto-screenies.de\/it\/produkt\/display-tacho-schutzfolie-zugeschnitten-fuer-cfmoto-cforce-1000-touring-pro-abs-g3-2024\/","title":{"rendered":"Display Tacho Schutzfolie zugeschnitten f\u00fcr CFMOTO Cforce 1000 Touring pro ABS G3 2024+"},"content":{"rendered":"<p>Displayschutz-Folie f\u00fcr Motorrad Tacho-Schutzfolie Made in Germany, Kratschutz geeignet f\u00fcr CFMOTO Cforce 1000 Touring pro ABS G3 2024+. Sch\u00fctzen Sie das Herzst\u00fcck Ihres Motorrads mit unserer hochwertigen Displayschutzfolie. Diese speziell entwickelte Schutzfolie bietet optimalen Kratzschutz und bewahrt die Klarheit Ihres Tachos, selbst unter anspruchsvollen Bedingungen. Hergestellt in Deutschland, garantiert sie h\u00f6chste Qualit\u00e4t und Langlebigkeit. Einfache Anbringung und perfekte Passform sorgen daf\u00fcr, dass Ihr Display stets wie neu aussieht. Investieren Sie in den Schutz Ihres Motorrads und genie\u00dfen Sie ungetr\u00fcbte Fahrten. Passend f\u00fcr: Displayschutz-Folie f\u00fcr Motorrad Tacho-Schutzfolie Made in Germany, Kratschutz geeignet f\u00fcr CFMOTO Cforce 1000 Touring pro ABS G3 2024+.<\/p>\n","protected":false},"excerpt":{"rendered":"<p>Displayschutz-Folie f\u00fcr Motorrad Tacho-Schutzfolie Made in Germany, Kratschutz geeignet f\u00fcr CFMOTO Cforce 1000 Touring pro ABS G3 2024+. Sch\u00fctzen Sie das Herzst\u00fcck Ihres Motorrads mit unserer hochwertigen Displayschutzfolie. Diese speziell entwickelte Schutzfolie bietet optimalen Kratzschutz und bewahrt die Klarheit Ihres Tachos, selbst unter anspruchsvollen Bedingungen. Hergestellt in Deutschland, garantiert sie h\u00f6chste Qualit\u00e4t und Langlebigkeit. Einfache [&hellip;]<\/p>\n","protected":false},"featured_media":265408,"comment_status":"open","ping_status":"closed","template":"","meta":{"_et_pb_use_builder":"","_et_pb_old_content":"","_et_gb_content_width":"","_uf_show_specific_survey":0,"_uf_disable_surveys":false},"product_brand":[],"product_cat":[427],"product_tag":[117],"class_list":{"0":"post-188682","1":"product","2":"type-product","3":"status-publish","4":"has-post-thumbnail","6":"product_cat-cfmoto-schutzfolie-fuer-dein-motorrad","7":"product_tag-tachoschutzfolie","8":"product_shipping_class-standard","10":"first","11":"instock","12":"taxable","13":"shipping-taxable","14":"purchasable","15":"product-type-variable"},"yoast_head":"<!-- This site is optimized with the Yoast SEO plugin v27.2 - https:\/\/yoast.com\/product\/yoast-seo-wordpress\/ -->\n<title>Display Tacho Schutzfolie zugeschnitten f\u00fcr CFMOTO Cforce 1000 Touring pro ABS G3 2024+<\/title>\n<meta name=\"description\" content=\"Entdecken Sie die hochwertige Displayschutz-Folie f\u00fcr CFMOTO Cforce 1000 Touring pro ABS G3 2024+. Made in Germany, bietet optimalen Kratzschutz und Langlebigkeit. Perfekt f\u00fcr Ihr Motorrad!\" \/>\n<meta name=\"robots\" content=\"index, follow, max-snippet:-1, max-image-preview:large, max-video-preview:-1\" \/>\n<link rel=\"canonical\" href=\"https:\/\/moto-screenies.de\/it\/produkt\/display-tacho-schutzfolie-zugeschnitten-fuer-cfmoto-cforce-1000-touring-pro-abs-g3-2024\/\" \/>\n<meta property=\"og:locale\" content=\"it_IT\" \/>\n<meta property=\"og:type\" content=\"article\" \/>\n<meta property=\"og:title\" content=\"Display Tacho Schutzfolie zugeschnitten f\u00fcr CFMOTO Cforce 1000 Touring pro ABS G3 2024+\" \/>\n<meta property=\"og:description\" content=\"Entdecken Sie die hochwertige Displayschutz-Folie f\u00fcr CFMOTO Cforce 1000 Touring pro ABS G3 2024+. Made in Germany, bietet optimalen Kratzschutz und Langlebigkeit. Perfekt f\u00fcr Ihr Motorrad!\" \/>\n<meta property=\"og:url\" content=\"https:\/\/moto-screenies.de\/it\/produkt\/display-tacho-schutzfolie-zugeschnitten-fuer-cfmoto-cforce-1000-touring-pro-abs-g3-2024\/\" \/>\n<meta property=\"og:site_name\" content=\"Moto Screenies\" \/>\n<meta property=\"article:modified_time\" content=\"2026-04-13T11:29:36+00:00\" \/>\n<meta property=\"og:image\" content=\"https:\/\/moto-screenies.de\/wp-content\/uploads\/2025\/01\/MS297v1.png\" \/>\n\t<meta property=\"og:image:width\" content=\"1500\" \/>\n\t<meta property=\"og:image:height\" content=\"1500\" \/>\n\t<meta property=\"og:image:type\" content=\"image\/png\" \/>\n<meta name=\"twitter:card\" content=\"summary_large_image\" \/>\n<meta name=\"twitter:label1\" content=\"Tempo di lettura stimato\" \/>\n\t<meta name=\"twitter:data1\" content=\"1 minuto\" \/>\n<script type=\"application\/ld+json\" class=\"yoast-schema-graph\">{\"@context\":\"https:\/\/schema.org\",\"@graph\":[{\"@type\":\"WebPage\",\"@id\":\"https:\/\/moto-screenies.de\/it\/produkt\/display-tacho-schutzfolie-zugeschnitten-fuer-cfmoto-cforce-1000-touring-pro-abs-g3-2024\/\",\"url\":\"https:\/\/moto-screenies.de\/it\/produkt\/display-tacho-schutzfolie-zugeschnitten-fuer-cfmoto-cforce-1000-touring-pro-abs-g3-2024\/\",\"name\":\"Display Tacho Schutzfolie zugeschnitten f\u00fcr CFMOTO Cforce 1000 Touring pro ABS G3 2024+\",\"isPartOf\":{\"@id\":\"https:\/\/moto-screenies.de\/it\/#website\"},\"primaryImageOfPage\":{\"@id\":\"https:\/\/moto-screenies.de\/it\/produkt\/display-tacho-schutzfolie-zugeschnitten-fuer-cfmoto-cforce-1000-touring-pro-abs-g3-2024\/#primaryimage\"},\"image\":{\"@id\":\"https:\/\/moto-screenies.de\/it\/produkt\/display-tacho-schutzfolie-zugeschnitten-fuer-cfmoto-cforce-1000-touring-pro-abs-g3-2024\/#primaryimage\"},\"thumbnailUrl\":\"https:\/\/moto-screenies.de\/wp-content\/uploads\/2025\/01\/MS297v1.png\",\"datePublished\":\"2025-01-28T12:32:01+00:00\",\"dateModified\":\"2026-04-13T11:29:36+00:00\",\"description\":\"Entdecken Sie die hochwertige Displayschutz-Folie f\u00fcr CFMOTO Cforce 1000 Touring pro ABS G3 2024+. Made in Germany, bietet optimalen Kratzschutz und Langlebigkeit. Perfekt f\u00fcr Ihr Motorrad!\",\"breadcrumb\":{\"@id\":\"https:\/\/moto-screenies.de\/it\/produkt\/display-tacho-schutzfolie-zugeschnitten-fuer-cfmoto-cforce-1000-touring-pro-abs-g3-2024\/#breadcrumb\"},\"inLanguage\":\"it-IT\",\"potentialAction\":[{\"@type\":\"ReadAction\",\"target\":[\"https:\/\/moto-screenies.de\/it\/produkt\/display-tacho-schutzfolie-zugeschnitten-fuer-cfmoto-cforce-1000-touring-pro-abs-g3-2024\/\"]}]},{\"@type\":\"ImageObject\",\"inLanguage\":\"it-IT\",\"@id\":\"https:\/\/moto-screenies.de\/it\/produkt\/display-tacho-schutzfolie-zugeschnitten-fuer-cfmoto-cforce-1000-touring-pro-abs-g3-2024\/#primaryimage\",\"url\":\"https:\/\/moto-screenies.de\/wp-content\/uploads\/2025\/01\/MS297v1.png\",\"contentUrl\":\"https:\/\/moto-screenies.de\/wp-content\/uploads\/2025\/01\/MS297v1.png\",\"width\":1500,\"height\":1500,\"caption\":\"Moto Screenies\"},{\"@type\":\"BreadcrumbList\",\"@id\":\"https:\/\/moto-screenies.de\/it\/produkt\/display-tacho-schutzfolie-zugeschnitten-fuer-cfmoto-cforce-1000-touring-pro-abs-g3-2024\/#breadcrumb\",\"itemListElement\":[{\"@type\":\"ListItem\",\"position\":1,\"name\":\"Startseite\",\"item\":\"https:\/\/moto-screenies.de\/it\/\"},{\"@type\":\"ListItem\",\"position\":2,\"name\":\"Negozio\",\"item\":\"https:\/\/it.moto-screenies.de\/negozio\/\"},{\"@type\":\"ListItem\",\"position\":3,\"name\":\"Display Tacho Schutzfolie zugeschnitten f\u00fcr CFMOTO Cforce 1000 Touring pro ABS G3 2024+\"}]},{\"@type\":\"WebSite\",\"@id\":\"https:\/\/moto-screenies.de\/it\/#website\",\"url\":\"https:\/\/moto-screenies.de\/it\/\",\"name\":\"Moto Screenies\",\"description\":\"Die Displayschutzfolie f\u00fcr dein Motorrad\",\"publisher\":{\"@id\":\"https:\/\/moto-screenies.de\/it\/#organization\"},\"alternateName\":\"MS\",\"potentialAction\":[{\"@type\":\"SearchAction\",\"target\":{\"@type\":\"EntryPoint\",\"urlTemplate\":\"https:\/\/moto-screenies.de\/it\/?s={search_term_string}\"},\"query-input\":{\"@type\":\"PropertyValueSpecification\",\"valueRequired\":true,\"valueName\":\"search_term_string\"}}],\"inLanguage\":\"it-IT\"},{\"@type\":\"Organization\",\"@id\":\"https:\/\/moto-screenies.de\/it\/#organization\",\"name\":\"Moto Screenies\",\"url\":\"https:\/\/moto-screenies.de\/it\/\",\"logo\":{\"@type\":\"ImageObject\",\"inLanguage\":\"it-IT\",\"@id\":\"https:\/\/moto-screenies.de\/it\/#\/schema\/logo\/image\/\",\"url\":\"\",\"contentUrl\":\"\",\"caption\":\"Moto Screenies\"},\"image\":{\"@id\":\"https:\/\/moto-screenies.de\/it\/#\/schema\/logo\/image\/\"}}]}<\/script>\n<!-- \/ Yoast SEO plugin. -->","yoast_head_json":{"title":"Display Tacho Schutzfolie zugeschnitten f\u00fcr CFMOTO Cforce 1000 Touring pro ABS G3 2024+","description":"Entdecken Sie die hochwertige Displayschutz-Folie f\u00fcr CFMOTO Cforce 1000 Touring pro ABS G3 2024+. Made in Germany, bietet optimalen Kratzschutz und Langlebigkeit. Perfekt f\u00fcr Ihr Motorrad!","robots":{"index":"index","follow":"follow","max-snippet":"max-snippet:-1","max-image-preview":"max-image-preview:large","max-video-preview":"max-video-preview:-1"},"canonical":"https:\/\/moto-screenies.de\/it\/produkt\/display-tacho-schutzfolie-zugeschnitten-fuer-cfmoto-cforce-1000-touring-pro-abs-g3-2024\/","og_locale":"it_IT","og_type":"article","og_title":"Display Tacho Schutzfolie zugeschnitten f\u00fcr CFMOTO Cforce 1000 Touring pro ABS G3 2024+","og_description":"Entdecken Sie die hochwertige Displayschutz-Folie f\u00fcr CFMOTO Cforce 1000 Touring pro ABS G3 2024+. Made in Germany, bietet optimalen Kratzschutz und Langlebigkeit. Perfekt f\u00fcr Ihr Motorrad!","og_url":"https:\/\/moto-screenies.de\/it\/produkt\/display-tacho-schutzfolie-zugeschnitten-fuer-cfmoto-cforce-1000-touring-pro-abs-g3-2024\/","og_site_name":"Moto Screenies","article_modified_time":"2026-04-13T11:29:36+00:00","og_image":[{"width":1500,"height":1500,"url":"https:\/\/moto-screenies.de\/wp-content\/uploads\/2025\/01\/MS297v1.png","type":"image\/png"}],"twitter_card":"summary_large_image","twitter_misc":{"Tempo di lettura stimato":"1 minuto"},"schema":{"@context":"https:\/\/schema.org","@graph":[{"@type":"WebPage","@id":"https:\/\/moto-screenies.de\/it\/produkt\/display-tacho-schutzfolie-zugeschnitten-fuer-cfmoto-cforce-1000-touring-pro-abs-g3-2024\/","url":"https:\/\/moto-screenies.de\/it\/produkt\/display-tacho-schutzfolie-zugeschnitten-fuer-cfmoto-cforce-1000-touring-pro-abs-g3-2024\/","name":"Display Tacho Schutzfolie zugeschnitten f\u00fcr CFMOTO Cforce 1000 Touring pro ABS G3 2024+","isPartOf":{"@id":"https:\/\/moto-screenies.de\/it\/#website"},"primaryImageOfPage":{"@id":"https:\/\/moto-screenies.de\/it\/produkt\/display-tacho-schutzfolie-zugeschnitten-fuer-cfmoto-cforce-1000-touring-pro-abs-g3-2024\/#primaryimage"},"image":{"@id":"https:\/\/moto-screenies.de\/it\/produkt\/display-tacho-schutzfolie-zugeschnitten-fuer-cfmoto-cforce-1000-touring-pro-abs-g3-2024\/#primaryimage"},"thumbnailUrl":"https:\/\/moto-screenies.de\/wp-content\/uploads\/2025\/01\/MS297v1.png","datePublished":"2025-01-28T12:32:01+00:00","dateModified":"2026-04-13T11:29:36+00:00","description":"Entdecken Sie die hochwertige Displayschutz-Folie f\u00fcr CFMOTO Cforce 1000 Touring pro ABS G3 2024+. Made in Germany, bietet optimalen Kratzschutz und Langlebigkeit. Perfekt f\u00fcr Ihr Motorrad!","breadcrumb":{"@id":"https:\/\/moto-screenies.de\/it\/produkt\/display-tacho-schutzfolie-zugeschnitten-fuer-cfmoto-cforce-1000-touring-pro-abs-g3-2024\/#breadcrumb"},"inLanguage":"it-IT","potentialAction":[{"@type":"ReadAction","target":["https:\/\/moto-screenies.de\/it\/produkt\/display-tacho-schutzfolie-zugeschnitten-fuer-cfmoto-cforce-1000-touring-pro-abs-g3-2024\/"]}]},{"@type":"ImageObject","inLanguage":"it-IT","@id":"https:\/\/moto-screenies.de\/it\/produkt\/display-tacho-schutzfolie-zugeschnitten-fuer-cfmoto-cforce-1000-touring-pro-abs-g3-2024\/#primaryimage","url":"https:\/\/moto-screenies.de\/wp-content\/uploads\/2025\/01\/MS297v1.png","contentUrl":"https:\/\/moto-screenies.de\/wp-content\/uploads\/2025\/01\/MS297v1.png","width":1500,"height":1500,"caption":"Moto Screenies"},{"@type":"BreadcrumbList","@id":"https:\/\/moto-screenies.de\/it\/produkt\/display-tacho-schutzfolie-zugeschnitten-fuer-cfmoto-cforce-1000-touring-pro-abs-g3-2024\/#breadcrumb","itemListElement":[{"@type":"ListItem","position":1,"name":"Startseite","item":"https:\/\/moto-screenies.de\/it\/"},{"@type":"ListItem","position":2,"name":"Negozio","item":"https:\/\/it.moto-screenies.de\/negozio\/"},{"@type":"ListItem","position":3,"name":"Display Tacho Schutzfolie zugeschnitten f\u00fcr CFMOTO Cforce 1000 Touring pro ABS G3 2024+"}]},{"@type":"WebSite","@id":"https:\/\/moto-screenies.de\/it\/#website","url":"https:\/\/moto-screenies.de\/it\/","name":"Moto Screenies","description":"Die Displayschutzfolie f\u00fcr dein Motorrad","publisher":{"@id":"https:\/\/moto-screenies.de\/it\/#organization"},"alternateName":"MS","potentialAction":[{"@type":"SearchAction","target":{"@type":"EntryPoint","urlTemplate":"https:\/\/moto-screenies.de\/it\/?s={search_term_string}"},"query-input":{"@type":"PropertyValueSpecification","valueRequired":true,"valueName":"search_term_string"}}],"inLanguage":"it-IT"},{"@type":"Organization","@id":"https:\/\/moto-screenies.de\/it\/#organization","name":"Moto Screenies","url":"https:\/\/moto-screenies.de\/it\/","logo":{"@type":"ImageObject","inLanguage":"it-IT","@id":"https:\/\/moto-screenies.de\/it\/#\/schema\/logo\/image\/","url":"","contentUrl":"","caption":"Moto Screenies"},"image":{"@id":"https:\/\/moto-screenies.de\/it\/#\/schema\/logo\/image\/"}}]}},"_links":{"self":[{"href":"https:\/\/moto-screenies.de\/it\/wp-json\/wp\/v2\/product\/188682","targetHints":{"allow":["GET"]}}],"collection":[{"href":"https:\/\/moto-screenies.de\/it\/wp-json\/wp\/v2\/product"}],"about":[{"href":"https:\/\/moto-screenies.de\/it\/wp-json\/wp\/v2\/types\/product"}],"replies":[{"embeddable":true,"href":"https:\/\/moto-screenies.de\/it\/wp-json\/wp\/v2\/comments?post=188682"}],"wp:featuredmedia":[{"embeddable":true,"href":"https:\/\/moto-screenies.de\/it\/wp-json\/wp\/v2\/media\/265408"}],"wp:attachment":[{"href":"https:\/\/moto-screenies.de\/it\/wp-json\/wp\/v2\/media?parent=188682"}],"wp:term":[{"taxonomy":"product_brand","embeddable":true,"href":"https:\/\/moto-screenies.de\/it\/wp-json\/wp\/v2\/product_brand?post=188682"},{"taxonomy":"product_cat","embeddable":true,"href":"https:\/\/moto-screenies.de\/it\/wp-json\/wp\/v2\/product_cat?post=188682"},{"taxonomy":"product_tag","embeddable":true,"href":"https:\/\/moto-screenies.de\/it\/wp-json\/wp\/v2\/product_tag?post=188682"}],"curies":[{"name":"wp","href":"https:\/\/api.w.org\/{rel}","templated":true}]}}