{"id":189221,"date":"2024-04-19T16:33:15","date_gmt":"2024-04-19T14:33:15","guid":{"rendered":"https:\/\/moto-screenies.de\/produkt\/motorrad-tacho-gehaeuse-tachogehaeuse-passend-fuer-kawasaki-z1000-2014-2021-z1000-r-2017-2021\/"},"modified":"2025-11-19T20:45:54","modified_gmt":"2025-11-19T19:45:54","slug":"motorrad-tacho-gehaeuse-tachogehaeuse-passend-fuer-kawasaki-z1000-2014-2021-z1000-r-2017-2021","status":"publish","type":"product","link":"https:\/\/moto-screenies.de\/it\/produkt\/motorrad-tacho-gehaeuse-tachogehaeuse-passend-fuer-kawasaki-z1000-2014-2021-z1000-r-2017-2021\/","title":{"rendered":"Motorrad Tacho Geh\u00e4use Tachogeh\u00e4use passend f\u00fcr Kawasaki Z1000  2014-2021 \/ Z1000 R  2017-2021"},"content":{"rendered":"<p>Entdecken Sie das hochwertige Motorrad Tacho Geh\u00e4use, das speziell f\u00fcr Ihre Kawasaki Z1000 (2014-2021) und Z1000 R (2017-2021) entwickelt wurde. Dieses Tachogeh\u00e4use bietet nicht nur optimalen Schutz f\u00fcr Ihr Tachometer, sondern verleiht Ihrem Motorrad auch einen eleganten und stilvollen Look. Gefertigt aus robusten Materialien, garantiert es Langlebigkeit und Widerstandsf\u00e4higkeit gegen \u00e4u\u00dfere Einfl\u00fcsse. Die pr\u00e4zise Passform sorgt f\u00fcr eine einfache Montage, sodass Sie schnell wieder auf die Stra\u00dfe k\u00f6nnen. Investieren Sie in Qualit\u00e4t und Design, das Ihre Erwartungen \u00fcbertrifft. Passend f\u00fcr: Motorrad Tacho Geh\u00e4use Tachogeh\u00e4use passend f\u00fcr Kawasaki Z1000 2014-2021 \/ Z1000 R 2017-2021.<\/p>\n","protected":false},"excerpt":{"rendered":"<p>Entdecken Sie das hochwertige Motorrad Tacho Geh\u00e4use, das speziell f\u00fcr Ihre Kawasaki Z1000 (2014-2021) und Z1000 R (2017-2021) entwickelt wurde. Dieses Tachogeh\u00e4use bietet nicht nur optimalen Schutz f\u00fcr Ihr Tachometer, sondern verleiht Ihrem Motorrad auch einen eleganten und stilvollen Look. Gefertigt aus robusten Materialien, garantiert es Langlebigkeit und Widerstandsf\u00e4higkeit gegen \u00e4u\u00dfere Einfl\u00fcsse. Die pr\u00e4zise Passform [&hellip;]<\/p>\n","protected":false},"featured_media":221164,"comment_status":"open","ping_status":"closed","template":"","meta":{"_et_pb_use_builder":"","_et_pb_old_content":"","_et_gb_content_width":"","_uf_show_specific_survey":0,"_uf_disable_surveys":false},"product_brand":[],"product_cat":[424],"product_tag":[165],"class_list":{"0":"post-189221","1":"product","2":"type-product","3":"status-publish","4":"has-post-thumbnail","6":"product_cat-kawasaki-schutzfolie-fuer-dein-motorrad","7":"product_tag-tachogehaeuse","8":"product_shipping_class-standard","10":"first","11":"instock","12":"taxable","13":"shipping-taxable","14":"purchasable","15":"product-type-simple"},"yoast_head":"<!-- This site is optimized with the Yoast SEO plugin v27.2 - https:\/\/yoast.com\/product\/yoast-seo-wordpress\/ -->\n<title>Motorrad Tacho Geh\u00e4use Tachogeh\u00e4use passend f\u00fcr Kawasaki Z1000 2014-2021 \/ Z1000 R 2017-2021<\/title>\n<meta name=\"description\" content=\"Entdecken Sie das perfekte Motorrad Tacho Geh\u00e4use f\u00fcr Ihre Kawasaki Z1000 (2014-2021) und Z1000 R (2017-2021). Hochwertige Verarbeitung und passgenaues Design f\u00fcr optimalen Schutz und Stil.\" \/>\n<meta name=\"robots\" content=\"index, follow, max-snippet:-1, max-image-preview:large, max-video-preview:-1\" \/>\n<link rel=\"canonical\" href=\"https:\/\/moto-screenies.de\/it\/produkt\/motorrad-tacho-gehaeuse-tachogehaeuse-passend-fuer-kawasaki-z1000-2014-2021-z1000-r-2017-2021\/\" \/>\n<meta property=\"og:locale\" content=\"it_IT\" \/>\n<meta property=\"og:type\" content=\"article\" \/>\n<meta property=\"og:title\" content=\"Motorrad Tacho Geh\u00e4use Tachogeh\u00e4use passend f\u00fcr Kawasaki Z1000 2014-2021 \/ Z1000 R 2017-2021\" \/>\n<meta property=\"og:description\" content=\"Entdecken Sie das perfekte Motorrad Tacho Geh\u00e4use f\u00fcr Ihre Kawasaki Z1000 (2014-2021) und Z1000 R (2017-2021). Hochwertige Verarbeitung und passgenaues Design f\u00fcr optimalen Schutz und Stil.\" \/>\n<meta property=\"og:url\" content=\"https:\/\/moto-screenies.de\/it\/produkt\/motorrad-tacho-gehaeuse-tachogehaeuse-passend-fuer-kawasaki-z1000-2014-2021-z1000-r-2017-2021\/\" \/>\n<meta property=\"og:site_name\" content=\"Moto Screenies\" \/>\n<meta property=\"article:modified_time\" content=\"2025-11-19T19:45:54+00:00\" \/>\n<meta name=\"twitter:card\" content=\"summary_large_image\" \/>\n<meta name=\"twitter:label1\" content=\"Tempo di lettura stimato\" \/>\n\t<meta name=\"twitter:data1\" content=\"1 minuto\" \/>\n<script type=\"application\/ld+json\" class=\"yoast-schema-graph\">{\"@context\":\"https:\/\/schema.org\",\"@graph\":[{\"@type\":\"WebPage\",\"@id\":\"https:\/\/moto-screenies.de\/it\/produkt\/motorrad-tacho-gehaeuse-tachogehaeuse-passend-fuer-kawasaki-z1000-2014-2021-z1000-r-2017-2021\/\",\"url\":\"https:\/\/moto-screenies.de\/it\/produkt\/motorrad-tacho-gehaeuse-tachogehaeuse-passend-fuer-kawasaki-z1000-2014-2021-z1000-r-2017-2021\/\",\"name\":\"Motorrad Tacho Geh\u00e4use Tachogeh\u00e4use passend f\u00fcr Kawasaki Z1000 2014-2021 \/ Z1000 R 2017-2021\",\"isPartOf\":{\"@id\":\"https:\/\/moto-screenies.de\/it\/#website\"},\"primaryImageOfPage\":{\"@id\":\"https:\/\/moto-screenies.de\/it\/produkt\/motorrad-tacho-gehaeuse-tachogehaeuse-passend-fuer-kawasaki-z1000-2014-2021-z1000-r-2017-2021\/#primaryimage\"},\"image\":{\"@id\":\"https:\/\/moto-screenies.de\/it\/produkt\/motorrad-tacho-gehaeuse-tachogehaeuse-passend-fuer-kawasaki-z1000-2014-2021-z1000-r-2017-2021\/#primaryimage\"},\"thumbnailUrl\":\"https:\/\/moto-screenies.de\/wp-content\/uploads\/2025\/11\/353864_Product.png\",\"datePublished\":\"2024-04-19T14:33:15+00:00\",\"dateModified\":\"2025-11-19T19:45:54+00:00\",\"description\":\"Entdecken Sie das perfekte Motorrad Tacho Geh\u00e4use f\u00fcr Ihre Kawasaki Z1000 (2014-2021) und Z1000 R (2017-2021). Hochwertige Verarbeitung und passgenaues Design f\u00fcr optimalen Schutz und Stil.\",\"breadcrumb\":{\"@id\":\"https:\/\/moto-screenies.de\/it\/produkt\/motorrad-tacho-gehaeuse-tachogehaeuse-passend-fuer-kawasaki-z1000-2014-2021-z1000-r-2017-2021\/#breadcrumb\"},\"inLanguage\":\"it-IT\",\"potentialAction\":[{\"@type\":\"ReadAction\",\"target\":[\"https:\/\/moto-screenies.de\/it\/produkt\/motorrad-tacho-gehaeuse-tachogehaeuse-passend-fuer-kawasaki-z1000-2014-2021-z1000-r-2017-2021\/\"]}]},{\"@type\":\"ImageObject\",\"inLanguage\":\"it-IT\",\"@id\":\"https:\/\/moto-screenies.de\/it\/produkt\/motorrad-tacho-gehaeuse-tachogehaeuse-passend-fuer-kawasaki-z1000-2014-2021-z1000-r-2017-2021\/#primaryimage\",\"url\":\"https:\/\/moto-screenies.de\/wp-content\/uploads\/2025\/11\/353864_Product.png\",\"contentUrl\":\"https:\/\/moto-screenies.de\/wp-content\/uploads\/2025\/11\/353864_Product.png\",\"width\":1500,\"height\":1500,\"caption\":\"MTG 17-tinified.png\"},{\"@type\":\"BreadcrumbList\",\"@id\":\"https:\/\/moto-screenies.de\/it\/produkt\/motorrad-tacho-gehaeuse-tachogehaeuse-passend-fuer-kawasaki-z1000-2014-2021-z1000-r-2017-2021\/#breadcrumb\",\"itemListElement\":[{\"@type\":\"ListItem\",\"position\":1,\"name\":\"Startseite\",\"item\":\"https:\/\/moto-screenies.de\/it\/\"},{\"@type\":\"ListItem\",\"position\":2,\"name\":\"Negozio\",\"item\":\"https:\/\/it.moto-screenies.de\/negozio\/\"},{\"@type\":\"ListItem\",\"position\":3,\"name\":\"Motorrad Tacho Geh\u00e4use Tachogeh\u00e4use passend f\u00fcr Kawasaki Z1000 2014-2021 \/ Z1000 R 2017-2021\"}]},{\"@type\":\"WebSite\",\"@id\":\"https:\/\/moto-screenies.de\/it\/#website\",\"url\":\"https:\/\/moto-screenies.de\/it\/\",\"name\":\"Moto Screenies\",\"description\":\"Die Displayschutzfolie f\u00fcr dein Motorrad\",\"publisher\":{\"@id\":\"https:\/\/moto-screenies.de\/it\/#organization\"},\"alternateName\":\"MS\",\"potentialAction\":[{\"@type\":\"SearchAction\",\"target\":{\"@type\":\"EntryPoint\",\"urlTemplate\":\"https:\/\/moto-screenies.de\/it\/?s={search_term_string}\"},\"query-input\":{\"@type\":\"PropertyValueSpecification\",\"valueRequired\":true,\"valueName\":\"search_term_string\"}}],\"inLanguage\":\"it-IT\"},{\"@type\":\"Organization\",\"@id\":\"https:\/\/moto-screenies.de\/it\/#organization\",\"name\":\"Moto Screenies\",\"url\":\"https:\/\/moto-screenies.de\/it\/\",\"logo\":{\"@type\":\"ImageObject\",\"inLanguage\":\"it-IT\",\"@id\":\"https:\/\/moto-screenies.de\/it\/#\/schema\/logo\/image\/\",\"url\":\"\",\"contentUrl\":\"\",\"caption\":\"Moto Screenies\"},\"image\":{\"@id\":\"https:\/\/moto-screenies.de\/it\/#\/schema\/logo\/image\/\"}}]}<\/script>\n<!-- \/ Yoast SEO plugin. -->","yoast_head_json":{"title":"Motorrad Tacho Geh\u00e4use Tachogeh\u00e4use passend f\u00fcr Kawasaki Z1000 2014-2021 \/ Z1000 R 2017-2021","description":"Entdecken Sie das perfekte Motorrad Tacho Geh\u00e4use f\u00fcr Ihre Kawasaki Z1000 (2014-2021) und Z1000 R (2017-2021). Hochwertige Verarbeitung und passgenaues Design f\u00fcr optimalen Schutz und Stil.","robots":{"index":"index","follow":"follow","max-snippet":"max-snippet:-1","max-image-preview":"max-image-preview:large","max-video-preview":"max-video-preview:-1"},"canonical":"https:\/\/moto-screenies.de\/it\/produkt\/motorrad-tacho-gehaeuse-tachogehaeuse-passend-fuer-kawasaki-z1000-2014-2021-z1000-r-2017-2021\/","og_locale":"it_IT","og_type":"article","og_title":"Motorrad Tacho Geh\u00e4use Tachogeh\u00e4use passend f\u00fcr Kawasaki Z1000 2014-2021 \/ Z1000 R 2017-2021","og_description":"Entdecken Sie das perfekte Motorrad Tacho Geh\u00e4use f\u00fcr Ihre Kawasaki Z1000 (2014-2021) und Z1000 R (2017-2021). Hochwertige Verarbeitung und passgenaues Design f\u00fcr optimalen Schutz und Stil.","og_url":"https:\/\/moto-screenies.de\/it\/produkt\/motorrad-tacho-gehaeuse-tachogehaeuse-passend-fuer-kawasaki-z1000-2014-2021-z1000-r-2017-2021\/","og_site_name":"Moto Screenies","article_modified_time":"2025-11-19T19:45:54+00:00","twitter_card":"summary_large_image","twitter_misc":{"Tempo di lettura stimato":"1 minuto"},"schema":{"@context":"https:\/\/schema.org","@graph":[{"@type":"WebPage","@id":"https:\/\/moto-screenies.de\/it\/produkt\/motorrad-tacho-gehaeuse-tachogehaeuse-passend-fuer-kawasaki-z1000-2014-2021-z1000-r-2017-2021\/","url":"https:\/\/moto-screenies.de\/it\/produkt\/motorrad-tacho-gehaeuse-tachogehaeuse-passend-fuer-kawasaki-z1000-2014-2021-z1000-r-2017-2021\/","name":"Motorrad Tacho Geh\u00e4use Tachogeh\u00e4use passend f\u00fcr Kawasaki Z1000 2014-2021 \/ Z1000 R 2017-2021","isPartOf":{"@id":"https:\/\/moto-screenies.de\/it\/#website"},"primaryImageOfPage":{"@id":"https:\/\/moto-screenies.de\/it\/produkt\/motorrad-tacho-gehaeuse-tachogehaeuse-passend-fuer-kawasaki-z1000-2014-2021-z1000-r-2017-2021\/#primaryimage"},"image":{"@id":"https:\/\/moto-screenies.de\/it\/produkt\/motorrad-tacho-gehaeuse-tachogehaeuse-passend-fuer-kawasaki-z1000-2014-2021-z1000-r-2017-2021\/#primaryimage"},"thumbnailUrl":"https:\/\/moto-screenies.de\/wp-content\/uploads\/2025\/11\/353864_Product.png","datePublished":"2024-04-19T14:33:15+00:00","dateModified":"2025-11-19T19:45:54+00:00","description":"Entdecken Sie das perfekte Motorrad Tacho Geh\u00e4use f\u00fcr Ihre Kawasaki Z1000 (2014-2021) und Z1000 R (2017-2021). Hochwertige Verarbeitung und passgenaues Design f\u00fcr optimalen Schutz und Stil.","breadcrumb":{"@id":"https:\/\/moto-screenies.de\/it\/produkt\/motorrad-tacho-gehaeuse-tachogehaeuse-passend-fuer-kawasaki-z1000-2014-2021-z1000-r-2017-2021\/#breadcrumb"},"inLanguage":"it-IT","potentialAction":[{"@type":"ReadAction","target":["https:\/\/moto-screenies.de\/it\/produkt\/motorrad-tacho-gehaeuse-tachogehaeuse-passend-fuer-kawasaki-z1000-2014-2021-z1000-r-2017-2021\/"]}]},{"@type":"ImageObject","inLanguage":"it-IT","@id":"https:\/\/moto-screenies.de\/it\/produkt\/motorrad-tacho-gehaeuse-tachogehaeuse-passend-fuer-kawasaki-z1000-2014-2021-z1000-r-2017-2021\/#primaryimage","url":"https:\/\/moto-screenies.de\/wp-content\/uploads\/2025\/11\/353864_Product.png","contentUrl":"https:\/\/moto-screenies.de\/wp-content\/uploads\/2025\/11\/353864_Product.png","width":1500,"height":1500,"caption":"MTG 17-tinified.png"},{"@type":"BreadcrumbList","@id":"https:\/\/moto-screenies.de\/it\/produkt\/motorrad-tacho-gehaeuse-tachogehaeuse-passend-fuer-kawasaki-z1000-2014-2021-z1000-r-2017-2021\/#breadcrumb","itemListElement":[{"@type":"ListItem","position":1,"name":"Startseite","item":"https:\/\/moto-screenies.de\/it\/"},{"@type":"ListItem","position":2,"name":"Negozio","item":"https:\/\/it.moto-screenies.de\/negozio\/"},{"@type":"ListItem","position":3,"name":"Motorrad Tacho Geh\u00e4use Tachogeh\u00e4use passend f\u00fcr Kawasaki Z1000 2014-2021 \/ Z1000 R 2017-2021"}]},{"@type":"WebSite","@id":"https:\/\/moto-screenies.de\/it\/#website","url":"https:\/\/moto-screenies.de\/it\/","name":"Moto Screenies","description":"Die Displayschutzfolie f\u00fcr dein Motorrad","publisher":{"@id":"https:\/\/moto-screenies.de\/it\/#organization"},"alternateName":"MS","potentialAction":[{"@type":"SearchAction","target":{"@type":"EntryPoint","urlTemplate":"https:\/\/moto-screenies.de\/it\/?s={search_term_string}"},"query-input":{"@type":"PropertyValueSpecification","valueRequired":true,"valueName":"search_term_string"}}],"inLanguage":"it-IT"},{"@type":"Organization","@id":"https:\/\/moto-screenies.de\/it\/#organization","name":"Moto Screenies","url":"https:\/\/moto-screenies.de\/it\/","logo":{"@type":"ImageObject","inLanguage":"it-IT","@id":"https:\/\/moto-screenies.de\/it\/#\/schema\/logo\/image\/","url":"","contentUrl":"","caption":"Moto Screenies"},"image":{"@id":"https:\/\/moto-screenies.de\/it\/#\/schema\/logo\/image\/"}}]}},"_links":{"self":[{"href":"https:\/\/moto-screenies.de\/it\/wp-json\/wp\/v2\/product\/189221","targetHints":{"allow":["GET"]}}],"collection":[{"href":"https:\/\/moto-screenies.de\/it\/wp-json\/wp\/v2\/product"}],"about":[{"href":"https:\/\/moto-screenies.de\/it\/wp-json\/wp\/v2\/types\/product"}],"replies":[{"embeddable":true,"href":"https:\/\/moto-screenies.de\/it\/wp-json\/wp\/v2\/comments?post=189221"}],"wp:featuredmedia":[{"embeddable":true,"href":"https:\/\/moto-screenies.de\/it\/wp-json\/wp\/v2\/media\/221164"}],"wp:attachment":[{"href":"https:\/\/moto-screenies.de\/it\/wp-json\/wp\/v2\/media?parent=189221"}],"wp:term":[{"taxonomy":"product_brand","embeddable":true,"href":"https:\/\/moto-screenies.de\/it\/wp-json\/wp\/v2\/product_brand?post=189221"},{"taxonomy":"product_cat","embeddable":true,"href":"https:\/\/moto-screenies.de\/it\/wp-json\/wp\/v2\/product_cat?post=189221"},{"taxonomy":"product_tag","embeddable":true,"href":"https:\/\/moto-screenies.de\/it\/wp-json\/wp\/v2\/product_tag?post=189221"}],"curies":[{"name":"wp","href":"https:\/\/api.w.org\/{rel}","templated":true}]}}