{"id":189235,"date":"2024-04-25T15:45:49","date_gmt":"2024-04-25T13:45:49","guid":{"rendered":"https:\/\/moto-screenies.de\/produkt\/motorrad-tacho-gehaeuse-tachogehaeuse-passend-fuer-ducati-panigale-v4-v4s-streetfighter-v4-2018\/"},"modified":"2026-03-05T18:32:13","modified_gmt":"2026-03-05T17:32:13","slug":"motorrad-tacho-gehaeuse-tachogehaeuse-passend-fuer-ducati-panigale-v4-v4s-streetfighter-v4-2018","status":"publish","type":"product","link":"https:\/\/moto-screenies.de\/it\/produkt\/motorrad-tacho-gehaeuse-tachogehaeuse-passend-fuer-ducati-panigale-v4-v4s-streetfighter-v4-2018\/","title":{"rendered":"Motorrad Tacho Geh\u00e4use Tachogeh\u00e4use passend f\u00fcr Ducati Panigale V4 V4S StreetFighter V4 2018"},"content":{"rendered":"<p>Entdecken Sie das hochwertige Motorrad Tacho Geh\u00e4use, speziell entwickelt f\u00fcr Ihre Ducati Panigale V4, V4S und StreetFighter V4 Modelle von 2018. Dieses pr\u00e4zise gefertigte Tachogeh\u00e4use bietet optimalen Schutz f\u00fcr Ihren Tacho und verleiht Ihrem Motorrad einen eleganten Look. Hergestellt aus robusten Materialien, garantiert es Langlebigkeit und Widerstandsf\u00e4higkeit gegen \u00e4u\u00dfere Einfl\u00fcsse. Die einfache Montage erm\u00f6glicht eine schnelle und problemlose Installation, sodass Sie mehr Zeit auf der Stra\u00dfe verbringen k\u00f6nnen. Passend f\u00fcr: Motorrad Tacho Geh\u00e4use Tachogeh\u00e4use passend f\u00fcr Ducati Panigale V4 V4S StreetFighter V4 2018. Investieren Sie in Qualit\u00e4t und Stil f\u00fcr Ihr Motorrad!<\/p>\n","protected":false},"excerpt":{"rendered":"<p>Entdecken Sie das hochwertige Motorrad Tacho Geh\u00e4use, speziell entwickelt f\u00fcr Ihre Ducati Panigale V4, V4S und StreetFighter V4 Modelle von 2018. Dieses pr\u00e4zise gefertigte Tachogeh\u00e4use bietet optimalen Schutz f\u00fcr Ihren Tacho und verleiht Ihrem Motorrad einen eleganten Look. Hergestellt aus robusten Materialien, garantiert es Langlebigkeit und Widerstandsf\u00e4higkeit gegen \u00e4u\u00dfere Einfl\u00fcsse. Die einfache Montage erm\u00f6glicht eine [&hellip;]<\/p>\n","protected":false},"featured_media":265579,"comment_status":"open","ping_status":"closed","template":"","meta":{"_et_pb_use_builder":"","_et_pb_old_content":"","_et_gb_content_width":"","_uf_show_specific_survey":0,"_uf_disable_surveys":false},"product_brand":[],"product_cat":[420],"product_tag":[165],"class_list":{"0":"post-189235","1":"product","2":"type-product","3":"status-publish","4":"has-post-thumbnail","6":"product_cat-ducati-schutzfolie-fuer-dein-motorrad","7":"product_tag-tachogehaeuse","8":"product_shipping_class-standard","10":"first","11":"instock","12":"taxable","13":"shipping-taxable","14":"purchasable","15":"product-type-simple"},"yoast_head":"<!-- This site is optimized with the Yoast SEO plugin v27.2 - https:\/\/yoast.com\/product\/yoast-seo-wordpress\/ -->\n<title>Motorrad Tacho Geh\u00e4use Tachogeh\u00e4use passend f\u00fcr Ducati Panigale V4 V4S StreetFighter V4 2018<\/title>\n<meta name=\"description\" content=\"Entdecken Sie das perfekte Motorrad Tacho Geh\u00e4use f\u00fcr Ihre Ducati Panigale V4, V4S und StreetFighter V4 (2018). Hochwertige Passform und Schutz f\u00fcr Ihr Tachogeh\u00e4use. Jetzt informieren!\" \/>\n<meta name=\"robots\" content=\"index, follow, max-snippet:-1, max-image-preview:large, max-video-preview:-1\" \/>\n<link rel=\"canonical\" href=\"https:\/\/moto-screenies.de\/it\/produkt\/motorrad-tacho-gehaeuse-tachogehaeuse-passend-fuer-ducati-panigale-v4-v4s-streetfighter-v4-2018\/\" \/>\n<meta property=\"og:locale\" content=\"it_IT\" \/>\n<meta property=\"og:type\" content=\"article\" \/>\n<meta property=\"og:title\" content=\"Motorrad Tacho Geh\u00e4use Tachogeh\u00e4use passend f\u00fcr Ducati Panigale V4 V4S StreetFighter V4 2018\" \/>\n<meta property=\"og:description\" content=\"Entdecken Sie das perfekte Motorrad Tacho Geh\u00e4use f\u00fcr Ihre Ducati Panigale V4, V4S und StreetFighter V4 (2018). Hochwertige Passform und Schutz f\u00fcr Ihr Tachogeh\u00e4use. Jetzt informieren!\" \/>\n<meta property=\"og:url\" content=\"https:\/\/moto-screenies.de\/it\/produkt\/motorrad-tacho-gehaeuse-tachogehaeuse-passend-fuer-ducati-panigale-v4-v4s-streetfighter-v4-2018\/\" \/>\n<meta property=\"og:site_name\" content=\"Moto Screenies\" \/>\n<meta property=\"article:modified_time\" content=\"2026-03-05T17:32:13+00:00\" \/>\n<meta property=\"og:image\" content=\"https:\/\/moto-screenies.de\/wp-content\/uploads\/2024\/04\/MTG35.png\" \/>\n\t<meta property=\"og:image:width\" content=\"1500\" \/>\n\t<meta property=\"og:image:height\" content=\"1500\" \/>\n\t<meta property=\"og:image:type\" content=\"image\/png\" \/>\n<meta name=\"twitter:card\" content=\"summary_large_image\" \/>\n<meta name=\"twitter:label1\" content=\"Tempo di lettura stimato\" \/>\n\t<meta name=\"twitter:data1\" content=\"1 minuto\" \/>\n<script type=\"application\/ld+json\" class=\"yoast-schema-graph\">{\"@context\":\"https:\/\/schema.org\",\"@graph\":[{\"@type\":\"WebPage\",\"@id\":\"https:\/\/moto-screenies.de\/it\/produkt\/motorrad-tacho-gehaeuse-tachogehaeuse-passend-fuer-ducati-panigale-v4-v4s-streetfighter-v4-2018\/\",\"url\":\"https:\/\/moto-screenies.de\/it\/produkt\/motorrad-tacho-gehaeuse-tachogehaeuse-passend-fuer-ducati-panigale-v4-v4s-streetfighter-v4-2018\/\",\"name\":\"Motorrad Tacho Geh\u00e4use Tachogeh\u00e4use passend f\u00fcr Ducati Panigale V4 V4S StreetFighter V4 2018\",\"isPartOf\":{\"@id\":\"https:\/\/moto-screenies.de\/it\/#website\"},\"primaryImageOfPage\":{\"@id\":\"https:\/\/moto-screenies.de\/it\/produkt\/motorrad-tacho-gehaeuse-tachogehaeuse-passend-fuer-ducati-panigale-v4-v4s-streetfighter-v4-2018\/#primaryimage\"},\"image\":{\"@id\":\"https:\/\/moto-screenies.de\/it\/produkt\/motorrad-tacho-gehaeuse-tachogehaeuse-passend-fuer-ducati-panigale-v4-v4s-streetfighter-v4-2018\/#primaryimage\"},\"thumbnailUrl\":\"https:\/\/moto-screenies.de\/wp-content\/uploads\/2024\/04\/MTG35.png\",\"datePublished\":\"2024-04-25T13:45:49+00:00\",\"dateModified\":\"2026-03-05T17:32:13+00:00\",\"description\":\"Entdecken Sie das perfekte Motorrad Tacho Geh\u00e4use f\u00fcr Ihre Ducati Panigale V4, V4S und StreetFighter V4 (2018). Hochwertige Passform und Schutz f\u00fcr Ihr Tachogeh\u00e4use. Jetzt informieren!\",\"breadcrumb\":{\"@id\":\"https:\/\/moto-screenies.de\/it\/produkt\/motorrad-tacho-gehaeuse-tachogehaeuse-passend-fuer-ducati-panigale-v4-v4s-streetfighter-v4-2018\/#breadcrumb\"},\"inLanguage\":\"it-IT\",\"potentialAction\":[{\"@type\":\"ReadAction\",\"target\":[\"https:\/\/moto-screenies.de\/it\/produkt\/motorrad-tacho-gehaeuse-tachogehaeuse-passend-fuer-ducati-panigale-v4-v4s-streetfighter-v4-2018\/\"]}]},{\"@type\":\"ImageObject\",\"inLanguage\":\"it-IT\",\"@id\":\"https:\/\/moto-screenies.de\/it\/produkt\/motorrad-tacho-gehaeuse-tachogehaeuse-passend-fuer-ducati-panigale-v4-v4s-streetfighter-v4-2018\/#primaryimage\",\"url\":\"https:\/\/moto-screenies.de\/wp-content\/uploads\/2024\/04\/MTG35.png\",\"contentUrl\":\"https:\/\/moto-screenies.de\/wp-content\/uploads\/2024\/04\/MTG35.png\",\"width\":1500,\"height\":1500,\"caption\":\"Moto Screenies\"},{\"@type\":\"BreadcrumbList\",\"@id\":\"https:\/\/moto-screenies.de\/it\/produkt\/motorrad-tacho-gehaeuse-tachogehaeuse-passend-fuer-ducati-panigale-v4-v4s-streetfighter-v4-2018\/#breadcrumb\",\"itemListElement\":[{\"@type\":\"ListItem\",\"position\":1,\"name\":\"Startseite\",\"item\":\"https:\/\/moto-screenies.de\/it\/\"},{\"@type\":\"ListItem\",\"position\":2,\"name\":\"Negozio\",\"item\":\"https:\/\/it.moto-screenies.de\/negozio\/\"},{\"@type\":\"ListItem\",\"position\":3,\"name\":\"Motorrad Tacho Geh\u00e4use Tachogeh\u00e4use passend f\u00fcr Ducati Panigale V4 V4S StreetFighter V4 2018\"}]},{\"@type\":\"WebSite\",\"@id\":\"https:\/\/moto-screenies.de\/it\/#website\",\"url\":\"https:\/\/moto-screenies.de\/it\/\",\"name\":\"Moto Screenies\",\"description\":\"Die Displayschutzfolie f\u00fcr dein Motorrad\",\"publisher\":{\"@id\":\"https:\/\/moto-screenies.de\/it\/#organization\"},\"alternateName\":\"MS\",\"potentialAction\":[{\"@type\":\"SearchAction\",\"target\":{\"@type\":\"EntryPoint\",\"urlTemplate\":\"https:\/\/moto-screenies.de\/it\/?s={search_term_string}\"},\"query-input\":{\"@type\":\"PropertyValueSpecification\",\"valueRequired\":true,\"valueName\":\"search_term_string\"}}],\"inLanguage\":\"it-IT\"},{\"@type\":\"Organization\",\"@id\":\"https:\/\/moto-screenies.de\/it\/#organization\",\"name\":\"Moto Screenies\",\"url\":\"https:\/\/moto-screenies.de\/it\/\",\"logo\":{\"@type\":\"ImageObject\",\"inLanguage\":\"it-IT\",\"@id\":\"https:\/\/moto-screenies.de\/it\/#\/schema\/logo\/image\/\",\"url\":\"\",\"contentUrl\":\"\",\"caption\":\"Moto Screenies\"},\"image\":{\"@id\":\"https:\/\/moto-screenies.de\/it\/#\/schema\/logo\/image\/\"}}]}<\/script>\n<!-- \/ Yoast SEO plugin. -->","yoast_head_json":{"title":"Motorrad Tacho Geh\u00e4use Tachogeh\u00e4use passend f\u00fcr Ducati Panigale V4 V4S StreetFighter V4 2018","description":"Entdecken Sie das perfekte Motorrad Tacho Geh\u00e4use f\u00fcr Ihre Ducati Panigale V4, V4S und StreetFighter V4 (2018). Hochwertige Passform und Schutz f\u00fcr Ihr Tachogeh\u00e4use. Jetzt informieren!","robots":{"index":"index","follow":"follow","max-snippet":"max-snippet:-1","max-image-preview":"max-image-preview:large","max-video-preview":"max-video-preview:-1"},"canonical":"https:\/\/moto-screenies.de\/it\/produkt\/motorrad-tacho-gehaeuse-tachogehaeuse-passend-fuer-ducati-panigale-v4-v4s-streetfighter-v4-2018\/","og_locale":"it_IT","og_type":"article","og_title":"Motorrad Tacho Geh\u00e4use Tachogeh\u00e4use passend f\u00fcr Ducati Panigale V4 V4S StreetFighter V4 2018","og_description":"Entdecken Sie das perfekte Motorrad Tacho Geh\u00e4use f\u00fcr Ihre Ducati Panigale V4, V4S und StreetFighter V4 (2018). Hochwertige Passform und Schutz f\u00fcr Ihr Tachogeh\u00e4use. Jetzt informieren!","og_url":"https:\/\/moto-screenies.de\/it\/produkt\/motorrad-tacho-gehaeuse-tachogehaeuse-passend-fuer-ducati-panigale-v4-v4s-streetfighter-v4-2018\/","og_site_name":"Moto Screenies","article_modified_time":"2026-03-05T17:32:13+00:00","og_image":[{"width":1500,"height":1500,"url":"https:\/\/moto-screenies.de\/wp-content\/uploads\/2024\/04\/MTG35.png","type":"image\/png"}],"twitter_card":"summary_large_image","twitter_misc":{"Tempo di lettura stimato":"1 minuto"},"schema":{"@context":"https:\/\/schema.org","@graph":[{"@type":"WebPage","@id":"https:\/\/moto-screenies.de\/it\/produkt\/motorrad-tacho-gehaeuse-tachogehaeuse-passend-fuer-ducati-panigale-v4-v4s-streetfighter-v4-2018\/","url":"https:\/\/moto-screenies.de\/it\/produkt\/motorrad-tacho-gehaeuse-tachogehaeuse-passend-fuer-ducati-panigale-v4-v4s-streetfighter-v4-2018\/","name":"Motorrad Tacho Geh\u00e4use Tachogeh\u00e4use passend f\u00fcr Ducati Panigale V4 V4S StreetFighter V4 2018","isPartOf":{"@id":"https:\/\/moto-screenies.de\/it\/#website"},"primaryImageOfPage":{"@id":"https:\/\/moto-screenies.de\/it\/produkt\/motorrad-tacho-gehaeuse-tachogehaeuse-passend-fuer-ducati-panigale-v4-v4s-streetfighter-v4-2018\/#primaryimage"},"image":{"@id":"https:\/\/moto-screenies.de\/it\/produkt\/motorrad-tacho-gehaeuse-tachogehaeuse-passend-fuer-ducati-panigale-v4-v4s-streetfighter-v4-2018\/#primaryimage"},"thumbnailUrl":"https:\/\/moto-screenies.de\/wp-content\/uploads\/2024\/04\/MTG35.png","datePublished":"2024-04-25T13:45:49+00:00","dateModified":"2026-03-05T17:32:13+00:00","description":"Entdecken Sie das perfekte Motorrad Tacho Geh\u00e4use f\u00fcr Ihre Ducati Panigale V4, V4S und StreetFighter V4 (2018). Hochwertige Passform und Schutz f\u00fcr Ihr Tachogeh\u00e4use. Jetzt informieren!","breadcrumb":{"@id":"https:\/\/moto-screenies.de\/it\/produkt\/motorrad-tacho-gehaeuse-tachogehaeuse-passend-fuer-ducati-panigale-v4-v4s-streetfighter-v4-2018\/#breadcrumb"},"inLanguage":"it-IT","potentialAction":[{"@type":"ReadAction","target":["https:\/\/moto-screenies.de\/it\/produkt\/motorrad-tacho-gehaeuse-tachogehaeuse-passend-fuer-ducati-panigale-v4-v4s-streetfighter-v4-2018\/"]}]},{"@type":"ImageObject","inLanguage":"it-IT","@id":"https:\/\/moto-screenies.de\/it\/produkt\/motorrad-tacho-gehaeuse-tachogehaeuse-passend-fuer-ducati-panigale-v4-v4s-streetfighter-v4-2018\/#primaryimage","url":"https:\/\/moto-screenies.de\/wp-content\/uploads\/2024\/04\/MTG35.png","contentUrl":"https:\/\/moto-screenies.de\/wp-content\/uploads\/2024\/04\/MTG35.png","width":1500,"height":1500,"caption":"Moto Screenies"},{"@type":"BreadcrumbList","@id":"https:\/\/moto-screenies.de\/it\/produkt\/motorrad-tacho-gehaeuse-tachogehaeuse-passend-fuer-ducati-panigale-v4-v4s-streetfighter-v4-2018\/#breadcrumb","itemListElement":[{"@type":"ListItem","position":1,"name":"Startseite","item":"https:\/\/moto-screenies.de\/it\/"},{"@type":"ListItem","position":2,"name":"Negozio","item":"https:\/\/it.moto-screenies.de\/negozio\/"},{"@type":"ListItem","position":3,"name":"Motorrad Tacho Geh\u00e4use Tachogeh\u00e4use passend f\u00fcr Ducati Panigale V4 V4S StreetFighter V4 2018"}]},{"@type":"WebSite","@id":"https:\/\/moto-screenies.de\/it\/#website","url":"https:\/\/moto-screenies.de\/it\/","name":"Moto Screenies","description":"Die Displayschutzfolie f\u00fcr dein Motorrad","publisher":{"@id":"https:\/\/moto-screenies.de\/it\/#organization"},"alternateName":"MS","potentialAction":[{"@type":"SearchAction","target":{"@type":"EntryPoint","urlTemplate":"https:\/\/moto-screenies.de\/it\/?s={search_term_string}"},"query-input":{"@type":"PropertyValueSpecification","valueRequired":true,"valueName":"search_term_string"}}],"inLanguage":"it-IT"},{"@type":"Organization","@id":"https:\/\/moto-screenies.de\/it\/#organization","name":"Moto Screenies","url":"https:\/\/moto-screenies.de\/it\/","logo":{"@type":"ImageObject","inLanguage":"it-IT","@id":"https:\/\/moto-screenies.de\/it\/#\/schema\/logo\/image\/","url":"","contentUrl":"","caption":"Moto Screenies"},"image":{"@id":"https:\/\/moto-screenies.de\/it\/#\/schema\/logo\/image\/"}}]}},"_links":{"self":[{"href":"https:\/\/moto-screenies.de\/it\/wp-json\/wp\/v2\/product\/189235","targetHints":{"allow":["GET"]}}],"collection":[{"href":"https:\/\/moto-screenies.de\/it\/wp-json\/wp\/v2\/product"}],"about":[{"href":"https:\/\/moto-screenies.de\/it\/wp-json\/wp\/v2\/types\/product"}],"replies":[{"embeddable":true,"href":"https:\/\/moto-screenies.de\/it\/wp-json\/wp\/v2\/comments?post=189235"}],"wp:featuredmedia":[{"embeddable":true,"href":"https:\/\/moto-screenies.de\/it\/wp-json\/wp\/v2\/media\/265579"}],"wp:attachment":[{"href":"https:\/\/moto-screenies.de\/it\/wp-json\/wp\/v2\/media?parent=189235"}],"wp:term":[{"taxonomy":"product_brand","embeddable":true,"href":"https:\/\/moto-screenies.de\/it\/wp-json\/wp\/v2\/product_brand?post=189235"},{"taxonomy":"product_cat","embeddable":true,"href":"https:\/\/moto-screenies.de\/it\/wp-json\/wp\/v2\/product_cat?post=189235"},{"taxonomy":"product_tag","embeddable":true,"href":"https:\/\/moto-screenies.de\/it\/wp-json\/wp\/v2\/product_tag?post=189235"}],"curies":[{"name":"wp","href":"https:\/\/api.w.org\/{rel}","templated":true}]}}