{"id":189246,"date":"2024-05-03T16:04:14","date_gmt":"2024-05-03T14:04:14","guid":{"rendered":"https:\/\/moto-screenies.de\/produkt\/motorrad-tacho-gehaeuse-tachogehaeuse-passend-fuer-yamaha-fz-1-n-2007-2015-fz6-n-2007-2015-fz-8-2010-2016-xj6-n-xj-6-diversion-2009-2011\/"},"modified":"2025-11-19T20:46:57","modified_gmt":"2025-11-19T19:46:57","slug":"motorrad-tacho-gehaeuse-tachogehaeuse-passend-fuer-yamaha-fz-1-n-2007-2015-fz6-n-2007-2015-fz-8-2010-2016-xj6-n-xj-6-diversion-2009-2011","status":"publish","type":"product","link":"https:\/\/moto-screenies.de\/it\/produkt\/motorrad-tacho-gehaeuse-tachogehaeuse-passend-fuer-yamaha-fz-1-n-2007-2015-fz6-n-2007-2015-fz-8-2010-2016-xj6-n-xj-6-diversion-2009-2011\/","title":{"rendered":"Motorrad Tacho Geh\u00e4use Tachogeh\u00e4use passend f\u00fcr Yamaha   FZ-1 N  2007-2015  FZ6 N  2007-2015  FZ-8 2010-2016  XJ6 N\/ XJ-6 DIVERSION 2009 &#8211; 2011"},"content":{"rendered":"<p>Erleben Sie die perfekte Kombination aus Funktionalit\u00e4t und Design mit unserem Motorrad Tacho Geh\u00e4use. Dieses hochwertige Tachogeh\u00e4use ist speziell f\u00fcr Yamaha-Modelle entwickelt und bietet eine pr\u00e4zise Passform, die den Schutz und die Langlebigkeit Ihres Tachometers gew\u00e4hrleistet. Hergestellt aus robusten Materialien, bietet es optimalen Schutz gegen Witterungseinfl\u00fcsse und mechanische Belastungen. Die einfache Installation erm\u00f6glicht eine schnelle und problemlose Montage, sodass Sie in k\u00fcrzester Zeit wieder auf der Stra\u00dfe sind. Vertrauen Sie auf Qualit\u00e4t und Pr\u00e4zision, um Ihrem Motorrad das perfekte Finish zu verleihen. <\/p>\n<p>Passend f\u00fcr: Motorrad Tacho Geh\u00e4use Tachogeh\u00e4use passend f\u00fcr Yamaha FZ-1 N 2007-2015, FZ6 N 2007-2015, FZ-8 2010-2016, XJ6 N\/ XJ-6 DIVERSION 2009-2011.<\/p>\n","protected":false},"excerpt":{"rendered":"<p>Erleben Sie die perfekte Kombination aus Funktionalit\u00e4t und Design mit unserem Motorrad Tacho Geh\u00e4use. Dieses hochwertige Tachogeh\u00e4use ist speziell f\u00fcr Yamaha-Modelle entwickelt und bietet eine pr\u00e4zise Passform, die den Schutz und die Langlebigkeit Ihres Tachometers gew\u00e4hrleistet. Hergestellt aus robusten Materialien, bietet es optimalen Schutz gegen Witterungseinfl\u00fcsse und mechanische Belastungen. Die einfache Installation erm\u00f6glicht eine schnelle [&hellip;]<\/p>\n","protected":false},"featured_media":221239,"comment_status":"open","ping_status":"closed","template":"","meta":{"_et_pb_use_builder":"","_et_pb_old_content":"","_et_gb_content_width":"","_uf_show_specific_survey":0,"_uf_disable_surveys":false},"product_brand":[],"product_cat":[429],"product_tag":[165],"class_list":{"0":"post-189246","1":"product","2":"type-product","3":"status-publish","4":"has-post-thumbnail","6":"product_cat-yamaha-schutzfolie-fuer-dein-motorrad","7":"product_tag-tachogehaeuse","8":"product_shipping_class-standard","10":"first","11":"instock","12":"taxable","13":"shipping-taxable","14":"purchasable","15":"product-type-simple"},"yoast_head":"<!-- This site is optimized with the Yoast SEO plugin v27.2 - https:\/\/yoast.com\/product\/yoast-seo-wordpress\/ -->\n<title>Motorrad Tacho Geh\u00e4use Tachogeh\u00e4use passend f\u00fcr Yamaha  FZ-1 N 2007-2015 FZ6 N 2007-2015 FZ-8 2010-2016 XJ6 N\/ XJ-6 DIVERSION 2009 - 2011<\/title>\n<meta name=\"description\" content=\"Entdecken Sie hochwertige Motorrad Tacho Geh\u00e4use f\u00fcr Yamaha Modelle: FZ-1 N (2007-2015), FZ6 N (2007-2015), FZ-8 (2010-2016), XJ6 N\/XJ-6 DIVERSION (2009-2011). Perfekte Passform und langlebiges Design!\" \/>\n<meta name=\"robots\" content=\"index, follow, max-snippet:-1, max-image-preview:large, max-video-preview:-1\" \/>\n<link rel=\"canonical\" href=\"https:\/\/moto-screenies.de\/it\/produkt\/motorrad-tacho-gehaeuse-tachogehaeuse-passend-fuer-yamaha-fz-1-n-2007-2015-fz6-n-2007-2015-fz-8-2010-2016-xj6-n-xj-6-diversion-2009-2011\/\" \/>\n<meta property=\"og:locale\" content=\"it_IT\" \/>\n<meta property=\"og:type\" content=\"article\" \/>\n<meta property=\"og:title\" content=\"Motorrad Tacho Geh\u00e4use Tachogeh\u00e4use passend f\u00fcr Yamaha  FZ-1 N 2007-2015 FZ6 N 2007-2015 FZ-8 2010-2016 XJ6 N\/ XJ-6 DIVERSION 2009 - 2011\" \/>\n<meta property=\"og:description\" content=\"Entdecken Sie hochwertige Motorrad Tacho Geh\u00e4use f\u00fcr Yamaha Modelle: FZ-1 N (2007-2015), FZ6 N (2007-2015), FZ-8 (2010-2016), XJ6 N\/XJ-6 DIVERSION (2009-2011). Perfekte Passform und langlebiges Design!\" \/>\n<meta property=\"og:url\" content=\"https:\/\/moto-screenies.de\/it\/produkt\/motorrad-tacho-gehaeuse-tachogehaeuse-passend-fuer-yamaha-fz-1-n-2007-2015-fz6-n-2007-2015-fz-8-2010-2016-xj6-n-xj-6-diversion-2009-2011\/\" \/>\n<meta property=\"og:site_name\" content=\"Moto Screenies\" \/>\n<meta property=\"article:modified_time\" content=\"2025-11-19T19:46:57+00:00\" \/>\n<meta name=\"twitter:card\" content=\"summary_large_image\" \/>\n<meta name=\"twitter:label1\" content=\"Tempo di lettura stimato\" \/>\n\t<meta name=\"twitter:data1\" content=\"1 minuto\" \/>\n<script type=\"application\/ld+json\" class=\"yoast-schema-graph\">{\"@context\":\"https:\/\/schema.org\",\"@graph\":[{\"@type\":\"WebPage\",\"@id\":\"https:\/\/moto-screenies.de\/it\/produkt\/motorrad-tacho-gehaeuse-tachogehaeuse-passend-fuer-yamaha-fz-1-n-2007-2015-fz6-n-2007-2015-fz-8-2010-2016-xj6-n-xj-6-diversion-2009-2011\/\",\"url\":\"https:\/\/moto-screenies.de\/it\/produkt\/motorrad-tacho-gehaeuse-tachogehaeuse-passend-fuer-yamaha-fz-1-n-2007-2015-fz6-n-2007-2015-fz-8-2010-2016-xj6-n-xj-6-diversion-2009-2011\/\",\"name\":\"Motorrad Tacho Geh\u00e4use Tachogeh\u00e4use passend f\u00fcr Yamaha FZ-1 N 2007-2015 FZ6 N 2007-2015 FZ-8 2010-2016 XJ6 N\/ XJ-6 DIVERSION 2009 - 2011\",\"isPartOf\":{\"@id\":\"https:\/\/moto-screenies.de\/it\/#website\"},\"primaryImageOfPage\":{\"@id\":\"https:\/\/moto-screenies.de\/it\/produkt\/motorrad-tacho-gehaeuse-tachogehaeuse-passend-fuer-yamaha-fz-1-n-2007-2015-fz6-n-2007-2015-fz-8-2010-2016-xj6-n-xj-6-diversion-2009-2011\/#primaryimage\"},\"image\":{\"@id\":\"https:\/\/moto-screenies.de\/it\/produkt\/motorrad-tacho-gehaeuse-tachogehaeuse-passend-fuer-yamaha-fz-1-n-2007-2015-fz6-n-2007-2015-fz-8-2010-2016-xj6-n-xj-6-diversion-2009-2011\/#primaryimage\"},\"thumbnailUrl\":\"https:\/\/moto-screenies.de\/wp-content\/uploads\/2025\/11\/354150_Product.png\",\"datePublished\":\"2024-05-03T14:04:14+00:00\",\"dateModified\":\"2025-11-19T19:46:57+00:00\",\"description\":\"Entdecken Sie hochwertige Motorrad Tacho Geh\u00e4use f\u00fcr Yamaha Modelle: FZ-1 N (2007-2015), FZ6 N (2007-2015), FZ-8 (2010-2016), XJ6 N\/XJ-6 DIVERSION (2009-2011). Perfekte Passform und langlebiges Design!\",\"breadcrumb\":{\"@id\":\"https:\/\/moto-screenies.de\/it\/produkt\/motorrad-tacho-gehaeuse-tachogehaeuse-passend-fuer-yamaha-fz-1-n-2007-2015-fz6-n-2007-2015-fz-8-2010-2016-xj6-n-xj-6-diversion-2009-2011\/#breadcrumb\"},\"inLanguage\":\"it-IT\",\"potentialAction\":[{\"@type\":\"ReadAction\",\"target\":[\"https:\/\/moto-screenies.de\/it\/produkt\/motorrad-tacho-gehaeuse-tachogehaeuse-passend-fuer-yamaha-fz-1-n-2007-2015-fz6-n-2007-2015-fz-8-2010-2016-xj6-n-xj-6-diversion-2009-2011\/\"]}]},{\"@type\":\"ImageObject\",\"inLanguage\":\"it-IT\",\"@id\":\"https:\/\/moto-screenies.de\/it\/produkt\/motorrad-tacho-gehaeuse-tachogehaeuse-passend-fuer-yamaha-fz-1-n-2007-2015-fz6-n-2007-2015-fz-8-2010-2016-xj6-n-xj-6-diversion-2009-2011\/#primaryimage\",\"url\":\"https:\/\/moto-screenies.de\/wp-content\/uploads\/2025\/11\/354150_Product.png\",\"contentUrl\":\"https:\/\/moto-screenies.de\/wp-content\/uploads\/2025\/11\/354150_Product.png\",\"width\":1500,\"height\":1500,\"caption\":\"MTG 42-tinified.png\"},{\"@type\":\"BreadcrumbList\",\"@id\":\"https:\/\/moto-screenies.de\/it\/produkt\/motorrad-tacho-gehaeuse-tachogehaeuse-passend-fuer-yamaha-fz-1-n-2007-2015-fz6-n-2007-2015-fz-8-2010-2016-xj6-n-xj-6-diversion-2009-2011\/#breadcrumb\",\"itemListElement\":[{\"@type\":\"ListItem\",\"position\":1,\"name\":\"Startseite\",\"item\":\"https:\/\/moto-screenies.de\/it\/\"},{\"@type\":\"ListItem\",\"position\":2,\"name\":\"Negozio\",\"item\":\"https:\/\/it.moto-screenies.de\/negozio\/\"},{\"@type\":\"ListItem\",\"position\":3,\"name\":\"Motorrad Tacho Geh\u00e4use Tachogeh\u00e4use passend f\u00fcr Yamaha FZ-1 N 2007-2015 FZ6 N 2007-2015 FZ-8 2010-2016 XJ6 N\/ XJ-6 DIVERSION 2009 &#8211; 2011\"}]},{\"@type\":\"WebSite\",\"@id\":\"https:\/\/moto-screenies.de\/it\/#website\",\"url\":\"https:\/\/moto-screenies.de\/it\/\",\"name\":\"Moto Screenies\",\"description\":\"Die Displayschutzfolie f\u00fcr dein Motorrad\",\"publisher\":{\"@id\":\"https:\/\/moto-screenies.de\/it\/#organization\"},\"alternateName\":\"MS\",\"potentialAction\":[{\"@type\":\"SearchAction\",\"target\":{\"@type\":\"EntryPoint\",\"urlTemplate\":\"https:\/\/moto-screenies.de\/it\/?s={search_term_string}\"},\"query-input\":{\"@type\":\"PropertyValueSpecification\",\"valueRequired\":true,\"valueName\":\"search_term_string\"}}],\"inLanguage\":\"it-IT\"},{\"@type\":\"Organization\",\"@id\":\"https:\/\/moto-screenies.de\/it\/#organization\",\"name\":\"Moto Screenies\",\"url\":\"https:\/\/moto-screenies.de\/it\/\",\"logo\":{\"@type\":\"ImageObject\",\"inLanguage\":\"it-IT\",\"@id\":\"https:\/\/moto-screenies.de\/it\/#\/schema\/logo\/image\/\",\"url\":\"\",\"contentUrl\":\"\",\"caption\":\"Moto Screenies\"},\"image\":{\"@id\":\"https:\/\/moto-screenies.de\/it\/#\/schema\/logo\/image\/\"}}]}<\/script>\n<!-- \/ Yoast SEO plugin. -->","yoast_head_json":{"title":"Motorrad Tacho Geh\u00e4use Tachogeh\u00e4use passend f\u00fcr Yamaha  FZ-1 N 2007-2015 FZ6 N 2007-2015 FZ-8 2010-2016 XJ6 N\/ XJ-6 DIVERSION 2009 - 2011","description":"Entdecken Sie hochwertige Motorrad Tacho Geh\u00e4use f\u00fcr Yamaha Modelle: FZ-1 N (2007-2015), FZ6 N (2007-2015), FZ-8 (2010-2016), XJ6 N\/XJ-6 DIVERSION (2009-2011). Perfekte Passform und langlebiges Design!","robots":{"index":"index","follow":"follow","max-snippet":"max-snippet:-1","max-image-preview":"max-image-preview:large","max-video-preview":"max-video-preview:-1"},"canonical":"https:\/\/moto-screenies.de\/it\/produkt\/motorrad-tacho-gehaeuse-tachogehaeuse-passend-fuer-yamaha-fz-1-n-2007-2015-fz6-n-2007-2015-fz-8-2010-2016-xj6-n-xj-6-diversion-2009-2011\/","og_locale":"it_IT","og_type":"article","og_title":"Motorrad Tacho Geh\u00e4use Tachogeh\u00e4use passend f\u00fcr Yamaha  FZ-1 N 2007-2015 FZ6 N 2007-2015 FZ-8 2010-2016 XJ6 N\/ XJ-6 DIVERSION 2009 - 2011","og_description":"Entdecken Sie hochwertige Motorrad Tacho Geh\u00e4use f\u00fcr Yamaha Modelle: FZ-1 N (2007-2015), FZ6 N (2007-2015), FZ-8 (2010-2016), XJ6 N\/XJ-6 DIVERSION (2009-2011). Perfekte Passform und langlebiges Design!","og_url":"https:\/\/moto-screenies.de\/it\/produkt\/motorrad-tacho-gehaeuse-tachogehaeuse-passend-fuer-yamaha-fz-1-n-2007-2015-fz6-n-2007-2015-fz-8-2010-2016-xj6-n-xj-6-diversion-2009-2011\/","og_site_name":"Moto Screenies","article_modified_time":"2025-11-19T19:46:57+00:00","twitter_card":"summary_large_image","twitter_misc":{"Tempo di lettura stimato":"1 minuto"},"schema":{"@context":"https:\/\/schema.org","@graph":[{"@type":"WebPage","@id":"https:\/\/moto-screenies.de\/it\/produkt\/motorrad-tacho-gehaeuse-tachogehaeuse-passend-fuer-yamaha-fz-1-n-2007-2015-fz6-n-2007-2015-fz-8-2010-2016-xj6-n-xj-6-diversion-2009-2011\/","url":"https:\/\/moto-screenies.de\/it\/produkt\/motorrad-tacho-gehaeuse-tachogehaeuse-passend-fuer-yamaha-fz-1-n-2007-2015-fz6-n-2007-2015-fz-8-2010-2016-xj6-n-xj-6-diversion-2009-2011\/","name":"Motorrad Tacho Geh\u00e4use Tachogeh\u00e4use passend f\u00fcr Yamaha FZ-1 N 2007-2015 FZ6 N 2007-2015 FZ-8 2010-2016 XJ6 N\/ XJ-6 DIVERSION 2009 - 2011","isPartOf":{"@id":"https:\/\/moto-screenies.de\/it\/#website"},"primaryImageOfPage":{"@id":"https:\/\/moto-screenies.de\/it\/produkt\/motorrad-tacho-gehaeuse-tachogehaeuse-passend-fuer-yamaha-fz-1-n-2007-2015-fz6-n-2007-2015-fz-8-2010-2016-xj6-n-xj-6-diversion-2009-2011\/#primaryimage"},"image":{"@id":"https:\/\/moto-screenies.de\/it\/produkt\/motorrad-tacho-gehaeuse-tachogehaeuse-passend-fuer-yamaha-fz-1-n-2007-2015-fz6-n-2007-2015-fz-8-2010-2016-xj6-n-xj-6-diversion-2009-2011\/#primaryimage"},"thumbnailUrl":"https:\/\/moto-screenies.de\/wp-content\/uploads\/2025\/11\/354150_Product.png","datePublished":"2024-05-03T14:04:14+00:00","dateModified":"2025-11-19T19:46:57+00:00","description":"Entdecken Sie hochwertige Motorrad Tacho Geh\u00e4use f\u00fcr Yamaha Modelle: FZ-1 N (2007-2015), FZ6 N (2007-2015), FZ-8 (2010-2016), XJ6 N\/XJ-6 DIVERSION (2009-2011). Perfekte Passform und langlebiges Design!","breadcrumb":{"@id":"https:\/\/moto-screenies.de\/it\/produkt\/motorrad-tacho-gehaeuse-tachogehaeuse-passend-fuer-yamaha-fz-1-n-2007-2015-fz6-n-2007-2015-fz-8-2010-2016-xj6-n-xj-6-diversion-2009-2011\/#breadcrumb"},"inLanguage":"it-IT","potentialAction":[{"@type":"ReadAction","target":["https:\/\/moto-screenies.de\/it\/produkt\/motorrad-tacho-gehaeuse-tachogehaeuse-passend-fuer-yamaha-fz-1-n-2007-2015-fz6-n-2007-2015-fz-8-2010-2016-xj6-n-xj-6-diversion-2009-2011\/"]}]},{"@type":"ImageObject","inLanguage":"it-IT","@id":"https:\/\/moto-screenies.de\/it\/produkt\/motorrad-tacho-gehaeuse-tachogehaeuse-passend-fuer-yamaha-fz-1-n-2007-2015-fz6-n-2007-2015-fz-8-2010-2016-xj6-n-xj-6-diversion-2009-2011\/#primaryimage","url":"https:\/\/moto-screenies.de\/wp-content\/uploads\/2025\/11\/354150_Product.png","contentUrl":"https:\/\/moto-screenies.de\/wp-content\/uploads\/2025\/11\/354150_Product.png","width":1500,"height":1500,"caption":"MTG 42-tinified.png"},{"@type":"BreadcrumbList","@id":"https:\/\/moto-screenies.de\/it\/produkt\/motorrad-tacho-gehaeuse-tachogehaeuse-passend-fuer-yamaha-fz-1-n-2007-2015-fz6-n-2007-2015-fz-8-2010-2016-xj6-n-xj-6-diversion-2009-2011\/#breadcrumb","itemListElement":[{"@type":"ListItem","position":1,"name":"Startseite","item":"https:\/\/moto-screenies.de\/it\/"},{"@type":"ListItem","position":2,"name":"Negozio","item":"https:\/\/it.moto-screenies.de\/negozio\/"},{"@type":"ListItem","position":3,"name":"Motorrad Tacho Geh\u00e4use Tachogeh\u00e4use passend f\u00fcr Yamaha FZ-1 N 2007-2015 FZ6 N 2007-2015 FZ-8 2010-2016 XJ6 N\/ XJ-6 DIVERSION 2009 &#8211; 2011"}]},{"@type":"WebSite","@id":"https:\/\/moto-screenies.de\/it\/#website","url":"https:\/\/moto-screenies.de\/it\/","name":"Moto Screenies","description":"Die Displayschutzfolie f\u00fcr dein Motorrad","publisher":{"@id":"https:\/\/moto-screenies.de\/it\/#organization"},"alternateName":"MS","potentialAction":[{"@type":"SearchAction","target":{"@type":"EntryPoint","urlTemplate":"https:\/\/moto-screenies.de\/it\/?s={search_term_string}"},"query-input":{"@type":"PropertyValueSpecification","valueRequired":true,"valueName":"search_term_string"}}],"inLanguage":"it-IT"},{"@type":"Organization","@id":"https:\/\/moto-screenies.de\/it\/#organization","name":"Moto Screenies","url":"https:\/\/moto-screenies.de\/it\/","logo":{"@type":"ImageObject","inLanguage":"it-IT","@id":"https:\/\/moto-screenies.de\/it\/#\/schema\/logo\/image\/","url":"","contentUrl":"","caption":"Moto Screenies"},"image":{"@id":"https:\/\/moto-screenies.de\/it\/#\/schema\/logo\/image\/"}}]}},"_links":{"self":[{"href":"https:\/\/moto-screenies.de\/it\/wp-json\/wp\/v2\/product\/189246","targetHints":{"allow":["GET"]}}],"collection":[{"href":"https:\/\/moto-screenies.de\/it\/wp-json\/wp\/v2\/product"}],"about":[{"href":"https:\/\/moto-screenies.de\/it\/wp-json\/wp\/v2\/types\/product"}],"replies":[{"embeddable":true,"href":"https:\/\/moto-screenies.de\/it\/wp-json\/wp\/v2\/comments?post=189246"}],"wp:featuredmedia":[{"embeddable":true,"href":"https:\/\/moto-screenies.de\/it\/wp-json\/wp\/v2\/media\/221239"}],"wp:attachment":[{"href":"https:\/\/moto-screenies.de\/it\/wp-json\/wp\/v2\/media?parent=189246"}],"wp:term":[{"taxonomy":"product_brand","embeddable":true,"href":"https:\/\/moto-screenies.de\/it\/wp-json\/wp\/v2\/product_brand?post=189246"},{"taxonomy":"product_cat","embeddable":true,"href":"https:\/\/moto-screenies.de\/it\/wp-json\/wp\/v2\/product_cat?post=189246"},{"taxonomy":"product_tag","embeddable":true,"href":"https:\/\/moto-screenies.de\/it\/wp-json\/wp\/v2\/product_tag?post=189246"}],"curies":[{"name":"wp","href":"https:\/\/api.w.org\/{rel}","templated":true}]}}