{"id":267289,"date":"2026-02-09T07:54:33","date_gmt":"2026-02-09T06:54:33","guid":{"rendered":"https:\/\/moto-screenies.de\/produkt\/tachoschutzfolie-displayschutzfolie-passend-fuer-triumph-scrambler-400x-2024-2\/"},"modified":"2026-03-05T18:34:39","modified_gmt":"2026-03-05T17:34:39","slug":"tachoschutzfolie-displayschutzfolie-passend-fuer-triumph-scrambler-400x-2024-2","status":"publish","type":"product","link":"https:\/\/moto-screenies.de\/it\/produkt\/tachoschutzfolie-displayschutzfolie-passend-fuer-triumph-scrambler-400x-2024-2\/","title":{"rendered":"Tachoschutzfolie Displayschutzfolie passend f\u00fcr Triumph Scrambler 400X 2024+"},"content":{"rendered":"<p>Entdecken Sie die perfekte Kombination aus Schutz und Stil mit unserer Tachoschutzfolie Displayschutzfolie, die speziell f\u00fcr die Triumph Scrambler 400X 2024+ entwickelt wurde. Diese hochwertige Schutzfolie bewahrt das Display Ihres Motorrads vor Kratzern, Staub und Abnutzung, ohne die Sichtbarkeit oder Bedienbarkeit zu beeintr\u00e4chtigen. Dank der pr\u00e4zisen Passform l\u00e4sst sich die Folie m\u00fchelos anbringen und sorgt f\u00fcr einen nahtlosen Schutz, der sich harmonisch in das Design Ihres Motorrads einf\u00fcgt. Investieren Sie in die Langlebigkeit Ihres Displays und genie\u00dfen Sie ungetr\u00fcbte Fahrten mit klarem Blick auf alle wichtigen Informationen. Passend f\u00fcr: Tachoschutzfolie Displayschutzfolie passend f\u00fcr Triumph Scrambler 400X 2024+.<\/p>\n","protected":false},"excerpt":{"rendered":"<p>Entdecken Sie die perfekte Kombination aus Schutz und Stil mit unserer Tachoschutzfolie Displayschutzfolie, die speziell f\u00fcr die Triumph Scrambler 400X 2024+ entwickelt wurde. Diese hochwertige Schutzfolie bewahrt das Display Ihres Motorrads vor Kratzern, Staub und Abnutzung, ohne die Sichtbarkeit oder Bedienbarkeit zu beeintr\u00e4chtigen. Dank der pr\u00e4zisen Passform l\u00e4sst sich die Folie m\u00fchelos anbringen und sorgt [&hellip;]<\/p>\n","protected":false},"featured_media":267409,"comment_status":"open","ping_status":"closed","template":"","meta":{"_et_pb_use_builder":"","_et_pb_old_content":"","_et_gb_content_width":"","_uf_show_specific_survey":0,"_uf_disable_surveys":false},"product_brand":[],"product_cat":[422,428],"product_tag":[117],"class_list":{"0":"post-267289","1":"product","2":"type-product","3":"status-publish","4":"has-post-thumbnail","6":"product_cat-honda-schutzfolie-fuer-dein-motorrad","7":"product_cat-triumph-schutzfolie-fuer-dein-motorrad","8":"product_tag-tachoschutzfolie","9":"product_shipping_class-standard","11":"first","12":"instock","13":"taxable","14":"shipping-taxable","15":"purchasable","16":"product-type-variable"},"yoast_head":"<!-- This site is optimized with the Yoast SEO plugin v27.2 - https:\/\/yoast.com\/product\/yoast-seo-wordpress\/ -->\n<title>Tachoschutzfolie Displayschutzfolie passend f\u00fcr Triumph Scrambler 400X 2024+<\/title>\n<meta name=\"description\" content=\"Entdecken Sie die perfekte Tachoschutzfolie f\u00fcr Ihre Triumph Scrambler 400X 2024+. Sch\u00fctzen Sie Ihr Display vor Kratzern und Abnutzung mit unserer hochwertigen Displayschutzfolie. Ideal f\u00fcr langanhaltenden Schutz und klare Sicht.\" \/>\n<meta name=\"robots\" content=\"index, follow, max-snippet:-1, max-image-preview:large, max-video-preview:-1\" \/>\n<link rel=\"canonical\" href=\"https:\/\/moto-screenies.de\/it\/produkt\/tachoschutzfolie-displayschutzfolie-passend-fuer-triumph-scrambler-400x-2024-2\/\" \/>\n<meta property=\"og:locale\" content=\"it_IT\" \/>\n<meta property=\"og:type\" content=\"article\" \/>\n<meta property=\"og:title\" content=\"Tachoschutzfolie Displayschutzfolie passend f\u00fcr Triumph Scrambler 400X 2024+\" \/>\n<meta property=\"og:description\" content=\"Entdecken Sie die perfekte Tachoschutzfolie f\u00fcr Ihre Triumph Scrambler 400X 2024+. Sch\u00fctzen Sie Ihr Display vor Kratzern und Abnutzung mit unserer hochwertigen Displayschutzfolie. Ideal f\u00fcr langanhaltenden Schutz und klare Sicht.\" \/>\n<meta property=\"og:url\" content=\"https:\/\/moto-screenies.de\/it\/produkt\/tachoschutzfolie-displayschutzfolie-passend-fuer-triumph-scrambler-400x-2024-2\/\" \/>\n<meta property=\"og:site_name\" content=\"Moto Screenies\" \/>\n<meta property=\"article:modified_time\" content=\"2026-03-05T17:34:39+00:00\" \/>\n<meta property=\"og:image\" content=\"https:\/\/moto-screenies.de\/wp-content\/uploads\/2026\/02\/1262255_Product.png\" \/>\n\t<meta property=\"og:image:width\" content=\"1500\" \/>\n\t<meta property=\"og:image:height\" content=\"1500\" \/>\n\t<meta property=\"og:image:type\" content=\"image\/png\" \/>\n<meta name=\"twitter:card\" content=\"summary_large_image\" \/>\n<meta name=\"twitter:label1\" content=\"Tempo di lettura stimato\" \/>\n\t<meta name=\"twitter:data1\" content=\"1 minuto\" \/>\n<script type=\"application\/ld+json\" class=\"yoast-schema-graph\">{\"@context\":\"https:\/\/schema.org\",\"@graph\":[{\"@type\":\"WebPage\",\"@id\":\"https:\/\/moto-screenies.de\/it\/produkt\/tachoschutzfolie-displayschutzfolie-passend-fuer-triumph-scrambler-400x-2024-2\/\",\"url\":\"https:\/\/moto-screenies.de\/it\/produkt\/tachoschutzfolie-displayschutzfolie-passend-fuer-triumph-scrambler-400x-2024-2\/\",\"name\":\"Tachoschutzfolie Displayschutzfolie passend f\u00fcr Triumph Scrambler 400X 2024+\",\"isPartOf\":{\"@id\":\"https:\/\/moto-screenies.de\/it\/#website\"},\"primaryImageOfPage\":{\"@id\":\"https:\/\/moto-screenies.de\/it\/produkt\/tachoschutzfolie-displayschutzfolie-passend-fuer-triumph-scrambler-400x-2024-2\/#primaryimage\"},\"image\":{\"@id\":\"https:\/\/moto-screenies.de\/it\/produkt\/tachoschutzfolie-displayschutzfolie-passend-fuer-triumph-scrambler-400x-2024-2\/#primaryimage\"},\"thumbnailUrl\":\"https:\/\/moto-screenies.de\/wp-content\/uploads\/2026\/02\/1262255_Product.png\",\"datePublished\":\"2026-02-09T06:54:33+00:00\",\"dateModified\":\"2026-03-05T17:34:39+00:00\",\"description\":\"Entdecken Sie die perfekte Tachoschutzfolie f\u00fcr Ihre Triumph Scrambler 400X 2024+. Sch\u00fctzen Sie Ihr Display vor Kratzern und Abnutzung mit unserer hochwertigen Displayschutzfolie. Ideal f\u00fcr langanhaltenden Schutz und klare Sicht.\",\"breadcrumb\":{\"@id\":\"https:\/\/moto-screenies.de\/it\/produkt\/tachoschutzfolie-displayschutzfolie-passend-fuer-triumph-scrambler-400x-2024-2\/#breadcrumb\"},\"inLanguage\":\"it-IT\",\"potentialAction\":[{\"@type\":\"ReadAction\",\"target\":[\"https:\/\/moto-screenies.de\/it\/produkt\/tachoschutzfolie-displayschutzfolie-passend-fuer-triumph-scrambler-400x-2024-2\/\"]}]},{\"@type\":\"ImageObject\",\"inLanguage\":\"it-IT\",\"@id\":\"https:\/\/moto-screenies.de\/it\/produkt\/tachoschutzfolie-displayschutzfolie-passend-fuer-triumph-scrambler-400x-2024-2\/#primaryimage\",\"url\":\"https:\/\/moto-screenies.de\/wp-content\/uploads\/2026\/02\/1262255_Product.png\",\"contentUrl\":\"https:\/\/moto-screenies.de\/wp-content\/uploads\/2026\/02\/1262255_Product.png\",\"width\":1500,\"height\":1500,\"caption\":\"1 MAIN (ANTI GLARE).png\"},{\"@type\":\"BreadcrumbList\",\"@id\":\"https:\/\/moto-screenies.de\/it\/produkt\/tachoschutzfolie-displayschutzfolie-passend-fuer-triumph-scrambler-400x-2024-2\/#breadcrumb\",\"itemListElement\":[{\"@type\":\"ListItem\",\"position\":1,\"name\":\"Startseite\",\"item\":\"https:\/\/moto-screenies.de\/it\/\"},{\"@type\":\"ListItem\",\"position\":2,\"name\":\"Negozio\",\"item\":\"https:\/\/it.moto-screenies.de\/negozio\/\"},{\"@type\":\"ListItem\",\"position\":3,\"name\":\"Tachoschutzfolie Displayschutzfolie passend f\u00fcr Triumph Scrambler 400X 2024+\"}]},{\"@type\":\"WebSite\",\"@id\":\"https:\/\/moto-screenies.de\/it\/#website\",\"url\":\"https:\/\/moto-screenies.de\/it\/\",\"name\":\"Moto Screenies\",\"description\":\"Die Displayschutzfolie f\u00fcr dein Motorrad\",\"publisher\":{\"@id\":\"https:\/\/moto-screenies.de\/it\/#organization\"},\"alternateName\":\"MS\",\"potentialAction\":[{\"@type\":\"SearchAction\",\"target\":{\"@type\":\"EntryPoint\",\"urlTemplate\":\"https:\/\/moto-screenies.de\/it\/?s={search_term_string}\"},\"query-input\":{\"@type\":\"PropertyValueSpecification\",\"valueRequired\":true,\"valueName\":\"search_term_string\"}}],\"inLanguage\":\"it-IT\"},{\"@type\":\"Organization\",\"@id\":\"https:\/\/moto-screenies.de\/it\/#organization\",\"name\":\"Moto Screenies\",\"url\":\"https:\/\/moto-screenies.de\/it\/\",\"logo\":{\"@type\":\"ImageObject\",\"inLanguage\":\"it-IT\",\"@id\":\"https:\/\/moto-screenies.de\/it\/#\/schema\/logo\/image\/\",\"url\":\"\",\"contentUrl\":\"\",\"caption\":\"Moto Screenies\"},\"image\":{\"@id\":\"https:\/\/moto-screenies.de\/it\/#\/schema\/logo\/image\/\"}}]}<\/script>\n<!-- \/ Yoast SEO plugin. -->","yoast_head_json":{"title":"Tachoschutzfolie Displayschutzfolie passend f\u00fcr Triumph Scrambler 400X 2024+","description":"Entdecken Sie die perfekte Tachoschutzfolie f\u00fcr Ihre Triumph Scrambler 400X 2024+. Sch\u00fctzen Sie Ihr Display vor Kratzern und Abnutzung mit unserer hochwertigen Displayschutzfolie. Ideal f\u00fcr langanhaltenden Schutz und klare Sicht.","robots":{"index":"index","follow":"follow","max-snippet":"max-snippet:-1","max-image-preview":"max-image-preview:large","max-video-preview":"max-video-preview:-1"},"canonical":"https:\/\/moto-screenies.de\/it\/produkt\/tachoschutzfolie-displayschutzfolie-passend-fuer-triumph-scrambler-400x-2024-2\/","og_locale":"it_IT","og_type":"article","og_title":"Tachoschutzfolie Displayschutzfolie passend f\u00fcr Triumph Scrambler 400X 2024+","og_description":"Entdecken Sie die perfekte Tachoschutzfolie f\u00fcr Ihre Triumph Scrambler 400X 2024+. Sch\u00fctzen Sie Ihr Display vor Kratzern und Abnutzung mit unserer hochwertigen Displayschutzfolie. Ideal f\u00fcr langanhaltenden Schutz und klare Sicht.","og_url":"https:\/\/moto-screenies.de\/it\/produkt\/tachoschutzfolie-displayschutzfolie-passend-fuer-triumph-scrambler-400x-2024-2\/","og_site_name":"Moto Screenies","article_modified_time":"2026-03-05T17:34:39+00:00","og_image":[{"width":1500,"height":1500,"url":"https:\/\/moto-screenies.de\/wp-content\/uploads\/2026\/02\/1262255_Product.png","type":"image\/png"}],"twitter_card":"summary_large_image","twitter_misc":{"Tempo di lettura stimato":"1 minuto"},"schema":{"@context":"https:\/\/schema.org","@graph":[{"@type":"WebPage","@id":"https:\/\/moto-screenies.de\/it\/produkt\/tachoschutzfolie-displayschutzfolie-passend-fuer-triumph-scrambler-400x-2024-2\/","url":"https:\/\/moto-screenies.de\/it\/produkt\/tachoschutzfolie-displayschutzfolie-passend-fuer-triumph-scrambler-400x-2024-2\/","name":"Tachoschutzfolie Displayschutzfolie passend f\u00fcr Triumph Scrambler 400X 2024+","isPartOf":{"@id":"https:\/\/moto-screenies.de\/it\/#website"},"primaryImageOfPage":{"@id":"https:\/\/moto-screenies.de\/it\/produkt\/tachoschutzfolie-displayschutzfolie-passend-fuer-triumph-scrambler-400x-2024-2\/#primaryimage"},"image":{"@id":"https:\/\/moto-screenies.de\/it\/produkt\/tachoschutzfolie-displayschutzfolie-passend-fuer-triumph-scrambler-400x-2024-2\/#primaryimage"},"thumbnailUrl":"https:\/\/moto-screenies.de\/wp-content\/uploads\/2026\/02\/1262255_Product.png","datePublished":"2026-02-09T06:54:33+00:00","dateModified":"2026-03-05T17:34:39+00:00","description":"Entdecken Sie die perfekte Tachoschutzfolie f\u00fcr Ihre Triumph Scrambler 400X 2024+. Sch\u00fctzen Sie Ihr Display vor Kratzern und Abnutzung mit unserer hochwertigen Displayschutzfolie. Ideal f\u00fcr langanhaltenden Schutz und klare Sicht.","breadcrumb":{"@id":"https:\/\/moto-screenies.de\/it\/produkt\/tachoschutzfolie-displayschutzfolie-passend-fuer-triumph-scrambler-400x-2024-2\/#breadcrumb"},"inLanguage":"it-IT","potentialAction":[{"@type":"ReadAction","target":["https:\/\/moto-screenies.de\/it\/produkt\/tachoschutzfolie-displayschutzfolie-passend-fuer-triumph-scrambler-400x-2024-2\/"]}]},{"@type":"ImageObject","inLanguage":"it-IT","@id":"https:\/\/moto-screenies.de\/it\/produkt\/tachoschutzfolie-displayschutzfolie-passend-fuer-triumph-scrambler-400x-2024-2\/#primaryimage","url":"https:\/\/moto-screenies.de\/wp-content\/uploads\/2026\/02\/1262255_Product.png","contentUrl":"https:\/\/moto-screenies.de\/wp-content\/uploads\/2026\/02\/1262255_Product.png","width":1500,"height":1500,"caption":"1 MAIN (ANTI GLARE).png"},{"@type":"BreadcrumbList","@id":"https:\/\/moto-screenies.de\/it\/produkt\/tachoschutzfolie-displayschutzfolie-passend-fuer-triumph-scrambler-400x-2024-2\/#breadcrumb","itemListElement":[{"@type":"ListItem","position":1,"name":"Startseite","item":"https:\/\/moto-screenies.de\/it\/"},{"@type":"ListItem","position":2,"name":"Negozio","item":"https:\/\/it.moto-screenies.de\/negozio\/"},{"@type":"ListItem","position":3,"name":"Tachoschutzfolie Displayschutzfolie passend f\u00fcr Triumph Scrambler 400X 2024+"}]},{"@type":"WebSite","@id":"https:\/\/moto-screenies.de\/it\/#website","url":"https:\/\/moto-screenies.de\/it\/","name":"Moto Screenies","description":"Die Displayschutzfolie f\u00fcr dein Motorrad","publisher":{"@id":"https:\/\/moto-screenies.de\/it\/#organization"},"alternateName":"MS","potentialAction":[{"@type":"SearchAction","target":{"@type":"EntryPoint","urlTemplate":"https:\/\/moto-screenies.de\/it\/?s={search_term_string}"},"query-input":{"@type":"PropertyValueSpecification","valueRequired":true,"valueName":"search_term_string"}}],"inLanguage":"it-IT"},{"@type":"Organization","@id":"https:\/\/moto-screenies.de\/it\/#organization","name":"Moto Screenies","url":"https:\/\/moto-screenies.de\/it\/","logo":{"@type":"ImageObject","inLanguage":"it-IT","@id":"https:\/\/moto-screenies.de\/it\/#\/schema\/logo\/image\/","url":"","contentUrl":"","caption":"Moto Screenies"},"image":{"@id":"https:\/\/moto-screenies.de\/it\/#\/schema\/logo\/image\/"}}]}},"_links":{"self":[{"href":"https:\/\/moto-screenies.de\/it\/wp-json\/wp\/v2\/product\/267289","targetHints":{"allow":["GET"]}}],"collection":[{"href":"https:\/\/moto-screenies.de\/it\/wp-json\/wp\/v2\/product"}],"about":[{"href":"https:\/\/moto-screenies.de\/it\/wp-json\/wp\/v2\/types\/product"}],"replies":[{"embeddable":true,"href":"https:\/\/moto-screenies.de\/it\/wp-json\/wp\/v2\/comments?post=267289"}],"wp:featuredmedia":[{"embeddable":true,"href":"https:\/\/moto-screenies.de\/it\/wp-json\/wp\/v2\/media\/267409"}],"wp:attachment":[{"href":"https:\/\/moto-screenies.de\/it\/wp-json\/wp\/v2\/media?parent=267289"}],"wp:term":[{"taxonomy":"product_brand","embeddable":true,"href":"https:\/\/moto-screenies.de\/it\/wp-json\/wp\/v2\/product_brand?post=267289"},{"taxonomy":"product_cat","embeddable":true,"href":"https:\/\/moto-screenies.de\/it\/wp-json\/wp\/v2\/product_cat?post=267289"},{"taxonomy":"product_tag","embeddable":true,"href":"https:\/\/moto-screenies.de\/it\/wp-json\/wp\/v2\/product_tag?post=267289"}],"curies":[{"name":"wp","href":"https:\/\/api.w.org\/{rel}","templated":true}]}}